{"id":816,"date":"2023-11-01T12:53:27","date_gmt":"2023-11-01T12:53:27","guid":{"rendered":"https:\/\/spennteknikk.no\/?page_id=816"},"modified":"2024-02-22T21:21:56","modified_gmt":"2024-02-22T21:21:56","slug":"stopefuger","status":"publish","type":"page","link":"https:\/\/spennteknikk.no\/sv\/vare-produkter\/fugesystemer\/stopefuger\/","title":{"rendered":"Gjutbara fogar"},"content":{"rendered":"<div data-elementor-type=\"wp-page\" data-elementor-id=\"816\" class=\"elementor elementor-816\" data-elementor-post-type=\"page\">\n\t\t\t\t\t\t<section class=\"elementor-section elementor-top-section elementor-element elementor-element-b1afc8c elementor-section-boxed elementor-section-height-default elementor-section-height-default\" data-id=\"b1afc8c\" data-element_type=\"section\" data-e-type=\"section\">\n\t\t\t\t\t\t<div class=\"elementor-container elementor-column-gap-default\">\n\t\t\t\t\t<div class=\"elementor-column elementor-col-100 elementor-top-column elementor-element elementor-element-09f8b55\" data-id=\"09f8b55\" data-element_type=\"column\" data-e-type=\"column\">\n\t\t\t<div class=\"elementor-widget-wrap elementor-element-populated\">\n\t\t\t\t\t\t<div class=\"elementor-element elementor-element-542747d elementor-widget elementor-widget-heading\" data-id=\"542747d\" data-element_type=\"widget\" data-e-type=\"widget\" data-widget_type=\"heading.default\">\n\t\t\t\t<div class=\"elementor-widget-container\">\n\t\t\t\t\t<h1 class=\"elementor-heading-title elementor-size-default\">Gjutbara fogar<\/h1>\t\t\t\t<\/div>\n\t\t\t\t<\/div>\n\t\t\t\t\t<\/div>\n\t\t<\/div>\n\t\t\t\t\t<\/div>\n\t\t<\/section>\n\t\t\t\t<section class=\"elementor-section elementor-top-section elementor-element elementor-element-85285dd elementor-section-boxed elementor-section-height-default elementor-section-height-default\" data-id=\"85285dd\" data-element_type=\"section\" data-e-type=\"section\">\n\t\t\t\t\t\t<div class=\"elementor-container elementor-column-gap-default\">\n\t\t\t\t\t<div class=\"elementor-column elementor-col-50 elementor-top-column elementor-element elementor-element-3166835\" data-id=\"3166835\" data-element_type=\"column\" data-e-type=\"column\">\n\t\t\t<div class=\"elementor-widget-wrap elementor-element-populated\">\n\t\t\t\t\t\t<div class=\"elementor-element elementor-element-1d75d08 elementor-widget elementor-widget-text-editor\" data-id=\"1d75d08\" data-element_type=\"widget\" data-e-type=\"widget\" data-widget_type=\"text-editor.default\">\n\t\t\t\t<div class=\"elementor-widget-container\">\n\t\t\t\t\t\t\t\t\t<p>TENSA\u00ae POLYFLEX\u00ae ADVANCED PU \u00e4r nya generationens brofogar. Ett system best\u00e5ende av en ultraflexibel expansionsfog baserad p\u00e5 elastiska polymerer. J\u00e4mf\u00f6rt med andra expansionsfogar s\u00e5 har Polyflex en rad f\u00f6rdelar: bekv\u00e4m \u00f6verfart f\u00f6r trafiken, minskning av v\u00e4gljudet till n\u00e4stan helt tyst \u00f6verg\u00e5ng, 100 % vattent\u00e4tt och mycket flexibel installation (fungerar utm\u00e4rkt att installera i delar, t.ex. reparera ett k\u00f6rf\u00e4lt i taget).<\/p><p>TENSA\u00aePOLYFLEX\u00ae ADVANCED PU-fogen best\u00e5r av ett slitstarkt helelastiskt material med mycket h\u00f6g rivh\u00e5llfasthet samtidigt som det ger l\u00e5ga reaktionskrafter.<\/p><ul><li>TENSA-POLYFLEX-ADVANCED PU<\/li><\/ul>\t\t\t\t\t\t\t\t<\/div>\n\t\t\t\t<\/div>\n\t\t\t\t\t<\/div>\n\t\t<\/div>\n\t\t\t\t<div class=\"elementor-column elementor-col-50 elementor-top-column elementor-element elementor-element-beea6fa\" data-id=\"beea6fa\" data-element_type=\"column\" data-e-type=\"column\">\n\t\t\t<div class=\"elementor-widget-wrap elementor-element-populated\">\n\t\t\t\t\t\t<div class=\"elementor-element elementor-element-b554077 elementor-widget elementor-widget-image\" data-id=\"b554077\" data-element_type=\"widget\" data-e-type=\"widget\" data-widget_type=\"image.default\">\n\t\t\t\t<div class=\"elementor-widget-container\">\n\t\t\t\t\t\t\t\t\t\t\t\t\t\t\t<img fetchpriority=\"high\" decoding=\"async\" width=\"699\" height=\"499\" src=\"https:\/\/spennteknikk.no\/wp-content\/uploads\/2023\/11\/POLYFLEX-ADVANCED-PU-mainimg.jpg\" class=\"attachment-large size-large wp-image-818\" alt=\"\" srcset=\"https:\/\/spennteknikk.no\/wp-content\/uploads\/2023\/11\/POLYFLEX-ADVANCED-PU-mainimg.jpg 699w, https:\/\/spennteknikk.no\/wp-content\/uploads\/2023\/11\/POLYFLEX-ADVANCED-PU-mainimg-300x214.jpg 300w\" sizes=\"(max-width: 699px) 100vw, 699px\" \/>\t\t\t\t\t\t\t\t\t\t\t\t\t\t\t<\/div>\n\t\t\t\t<\/div>\n\t\t\t\t\t<\/div>\n\t\t<\/div>\n\t\t\t\t\t<\/div>\n\t\t<\/section>\n\t\t\t\t<\/div>","protected":false},"excerpt":{"rendered":"<p>St\u00f8pefuger Det fleksible ekspansjonsfugesystemet, TENSA\u00ae POLYFLEX\u00ae ADVANCED PU basert p\u00e5 elastiske polymerer, er en ny generasjon fleksible st\u00f8pefuger. Sammenlignet med andre ekspansjonsfuger gir fleksible st\u00f8pefugerfuger flere fordeler, som uovertruffen kj\u00f8rekomfort, nesten null st\u00f8y, 100 % vanntetthet og sv\u00e6rt fleksible installasjonsmuligheter i seksjoner (kj\u00f8refelt for kj\u00f8refelt). TENSA\u00aePOLYFLEX\u00ae ADVANCED PU-skj\u00f8ten bruker et slitesterkt, helelastisk materiale med sv\u00e6rt [&hellip;]<\/p>\n","protected":false},"author":1,"featured_media":0,"parent":508,"menu_order":0,"comment_status":"closed","ping_status":"closed","template":"","meta":{"footnotes":""},"class_list":["post-816","page","type-page","status-publish","hentry"],"_links":{"self":[{"href":"https:\/\/spennteknikk.no\/sv\/wp-json\/wp\/v2\/pages\/816","targetHints":{"allow":["GET"]}}],"collection":[{"href":"https:\/\/spennteknikk.no\/sv\/wp-json\/wp\/v2\/pages"}],"about":[{"href":"https:\/\/spennteknikk.no\/sv\/wp-json\/wp\/v2\/types\/page"}],"author":[{"embeddable":true,"href":"https:\/\/spennteknikk.no\/sv\/wp-json\/wp\/v2\/users\/1"}],"replies":[{"embeddable":true,"href":"https:\/\/spennteknikk.no\/sv\/wp-json\/wp\/v2\/comments?post=816"}],"version-history":[{"count":4,"href":"https:\/\/spennteknikk.no\/sv\/wp-json\/wp\/v2\/pages\/816\/revisions"}],"predecessor-version":[{"id":821,"href":"https:\/\/spennteknikk.no\/sv\/wp-json\/wp\/v2\/pages\/816\/revisions\/821"}],"up":[{"embeddable":true,"href":"https:\/\/spennteknikk.no\/sv\/wp-json\/wp\/v2\/pages\/508"}],"wp:attachment":[{"href":"https:\/\/spennteknikk.no\/sv\/wp-json\/wp\/v2\/media?parent=816"}],"curies":[{"name":"wp","href":"https:\/\/api.w.org\/{rel}","templated":true}]}}