{"id":799,"date":"2023-11-01T12:46:43","date_gmt":"2023-11-01T12:46:43","guid":{"rendered":"https:\/\/spennteknikk.no\/?page_id=799"},"modified":"2024-02-22T21:17:48","modified_gmt":"2024-02-22T21:17:48","slug":"mattefuger","status":"publish","type":"page","link":"https:\/\/spennteknikk.no\/sv\/vare-produkter\/fugesystemer\/mattefuger\/","title":{"rendered":"Expansionsfogar"},"content":{"rendered":"<div data-elementor-type=\"wp-page\" data-elementor-id=\"799\" class=\"elementor elementor-799\" data-elementor-post-type=\"page\">\n\t\t\t\t\t\t<section class=\"elementor-section elementor-top-section elementor-element elementor-element-b1afc8c elementor-section-boxed elementor-section-height-default elementor-section-height-default\" data-id=\"b1afc8c\" data-element_type=\"section\" data-e-type=\"section\">\n\t\t\t\t\t\t<div class=\"elementor-container elementor-column-gap-default\">\n\t\t\t\t\t<div class=\"elementor-column elementor-col-100 elementor-top-column elementor-element elementor-element-09f8b55\" data-id=\"09f8b55\" data-element_type=\"column\" data-e-type=\"column\">\n\t\t\t<div class=\"elementor-widget-wrap elementor-element-populated\">\n\t\t\t\t\t\t<div class=\"elementor-element elementor-element-542747d elementor-widget elementor-widget-heading\" data-id=\"542747d\" data-element_type=\"widget\" data-e-type=\"widget\" data-widget_type=\"heading.default\">\n\t\t\t\t<div class=\"elementor-widget-container\">\n\t\t\t\t\t<h1 class=\"elementor-heading-title elementor-size-default\">Expansionsfogar<\/h1>\t\t\t\t<\/div>\n\t\t\t\t<\/div>\n\t\t\t\t\t<\/div>\n\t\t<\/div>\n\t\t\t\t\t<\/div>\n\t\t<\/section>\n\t\t\t\t<section class=\"elementor-section elementor-top-section elementor-element elementor-element-85285dd elementor-section-boxed elementor-section-height-default elementor-section-height-default\" data-id=\"85285dd\" data-element_type=\"section\" data-e-type=\"section\">\n\t\t\t\t\t\t<div class=\"elementor-container elementor-column-gap-default\">\n\t\t\t\t\t<div class=\"elementor-column elementor-col-50 elementor-top-column elementor-element elementor-element-3166835\" data-id=\"3166835\" data-element_type=\"column\" data-e-type=\"column\">\n\t\t\t<div class=\"elementor-widget-wrap elementor-element-populated\">\n\t\t\t\t\t\t<div class=\"elementor-element elementor-element-1d75d08 elementor-widget elementor-widget-text-editor\" data-id=\"1d75d08\" data-element_type=\"widget\" data-e-type=\"widget\" data-widget_type=\"text-editor.default\">\n\t\t\t\t<div class=\"elementor-widget-container\">\n\t\t\t\t\t\t\t\t\t<p>Transflex expansionsfog fr\u00e5n Trelleborg AB \u00e4r gummerade st\u00e5lfogar med r\u00f6relsekapacitet p\u00e5 upp till 380 mm. Dessa fogar l\u00e4mpar sig utm\u00e4rkt f\u00f6r utbyte av befintliga fogar d\u00e4r man inte vill g\u00f6ra ingrepp i armerad betong. Fogelementen kommer i standarddimensioner och kan bytas ut var f\u00f6r sig.<\/p><p>Mageba TENSA-MAT expansionsfog som till\u00e5ter r\u00f6relser upp till 160 mm. Den best\u00e5r av en vattent\u00e4t elastomerprofil som sitter fastkl\u00e4md mellan tv\u00e5 st\u00e5lprofiler som i sin tur f\u00f6rankras i brod\u00e4ckets betong. Fogen minimerar inte bara buller och vibrationer n\u00e4r fordon passerar \u00f6ver fogen utan f\u00f6rhindrar \u00e4ven att vatten tr\u00e4nger igenom och att det samlas skr\u00e4p och annat avfall.<\/p><ul><li>TRANSFLEX<\/li><li>TENSA-MAT RM<\/li><\/ul>\t\t\t\t\t\t\t\t<\/div>\n\t\t\t\t<\/div>\n\t\t\t\t\t<\/div>\n\t\t<\/div>\n\t\t\t\t<div class=\"elementor-column elementor-col-50 elementor-top-column elementor-element elementor-element-beea6fa\" data-id=\"beea6fa\" data-element_type=\"column\" data-e-type=\"column\">\n\t\t\t<div class=\"elementor-widget-wrap elementor-element-populated\">\n\t\t\t\t\t\t<div class=\"elementor-element elementor-element-b554077 elementor-widget elementor-widget-image\" data-id=\"b554077\" data-element_type=\"widget\" data-e-type=\"widget\" data-widget_type=\"image.default\">\n\t\t\t\t<div class=\"elementor-widget-container\">\n\t\t\t\t\t\t\t\t\t\t\t\t\t\t\t<img fetchpriority=\"high\" decoding=\"async\" width=\"699\" height=\"499\" src=\"https:\/\/spennteknikk.no\/wp-content\/uploads\/2023\/11\/TENSA-MAT-RM-mainimg.jpg\" class=\"attachment-large size-large wp-image-801\" alt=\"\" srcset=\"https:\/\/spennteknikk.no\/wp-content\/uploads\/2023\/11\/TENSA-MAT-RM-mainimg.jpg 699w, https:\/\/spennteknikk.no\/wp-content\/uploads\/2023\/11\/TENSA-MAT-RM-mainimg-300x214.jpg 300w\" sizes=\"(max-width: 699px) 100vw, 699px\" \/>\t\t\t\t\t\t\t\t\t\t\t\t\t\t\t<\/div>\n\t\t\t\t<\/div>\n\t\t\t\t\t<\/div>\n\t\t<\/div>\n\t\t\t\t\t<\/div>\n\t\t<\/section>\n\t\t\t\t<\/div>","protected":false},"excerpt":{"rendered":"<p>Mattefuger Transflex mattefuge fra Trelleborg, som er gummierte st\u00e5lfuger med bevegelseskapasitet opp til 380 mm. Disse fugene egner seg godt til utskifting av eksisterende fuger, dersom inngrep i armert del av gammel betong ikke er \u00f8nskelig. Fugeelementene kommer i standarddimensjoner og kan byttes ut enkeltvis. mageba TENSA-MAT ekspansjonsfuge tillater bevegelser p\u00e5 opptil 160 mm. Den [&hellip;]<\/p>\n","protected":false},"author":1,"featured_media":0,"parent":508,"menu_order":0,"comment_status":"closed","ping_status":"closed","template":"","meta":{"footnotes":""},"class_list":["post-799","page","type-page","status-publish","hentry"],"_links":{"self":[{"href":"https:\/\/spennteknikk.no\/sv\/wp-json\/wp\/v2\/pages\/799","targetHints":{"allow":["GET"]}}],"collection":[{"href":"https:\/\/spennteknikk.no\/sv\/wp-json\/wp\/v2\/pages"}],"about":[{"href":"https:\/\/spennteknikk.no\/sv\/wp-json\/wp\/v2\/types\/page"}],"author":[{"embeddable":true,"href":"https:\/\/spennteknikk.no\/sv\/wp-json\/wp\/v2\/users\/1"}],"replies":[{"embeddable":true,"href":"https:\/\/spennteknikk.no\/sv\/wp-json\/wp\/v2\/comments?post=799"}],"version-history":[{"count":4,"href":"https:\/\/spennteknikk.no\/sv\/wp-json\/wp\/v2\/pages\/799\/revisions"}],"predecessor-version":[{"id":804,"href":"https:\/\/spennteknikk.no\/sv\/wp-json\/wp\/v2\/pages\/799\/revisions\/804"}],"up":[{"embeddable":true,"href":"https:\/\/spennteknikk.no\/sv\/wp-json\/wp\/v2\/pages\/508"}],"wp:attachment":[{"href":"https:\/\/spennteknikk.no\/sv\/wp-json\/wp\/v2\/media?parent=799"}],"curies":[{"name":"wp","href":"https:\/\/api.w.org\/{rel}","templated":true}]}}