{"id":784,"date":"2023-11-01T12:38:34","date_gmt":"2023-11-01T12:38:34","guid":{"rendered":"https:\/\/spennteknikk.no\/?page_id=784"},"modified":"2024-02-22T21:16:51","modified_gmt":"2024-02-22T21:16:51","slug":"fingerfuger","status":"publish","type":"page","link":"https:\/\/spennteknikk.no\/sv\/vare-produkter\/fugesystemer\/fingerfuger\/","title":{"rendered":"Fingerfogar"},"content":{"rendered":"<div data-elementor-type=\"wp-page\" data-elementor-id=\"784\" class=\"elementor elementor-784\" data-elementor-post-type=\"page\">\n\t\t\t\t\t\t<section class=\"elementor-section elementor-top-section elementor-element elementor-element-b1afc8c elementor-section-boxed elementor-section-height-default elementor-section-height-default\" data-id=\"b1afc8c\" data-element_type=\"section\" data-e-type=\"section\">\n\t\t\t\t\t\t<div class=\"elementor-container elementor-column-gap-default\">\n\t\t\t\t\t<div class=\"elementor-column elementor-col-100 elementor-top-column elementor-element elementor-element-09f8b55\" data-id=\"09f8b55\" data-element_type=\"column\" data-e-type=\"column\">\n\t\t\t<div class=\"elementor-widget-wrap elementor-element-populated\">\n\t\t\t\t\t\t<div class=\"elementor-element elementor-element-542747d elementor-widget elementor-widget-heading\" data-id=\"542747d\" data-element_type=\"widget\" data-e-type=\"widget\" data-widget_type=\"heading.default\">\n\t\t\t\t<div class=\"elementor-widget-container\">\n\t\t\t\t\t<h1 class=\"elementor-heading-title elementor-size-default\">Fingerfogar<\/h1>\t\t\t\t<\/div>\n\t\t\t\t<\/div>\n\t\t\t\t\t<\/div>\n\t\t<\/div>\n\t\t\t\t\t<\/div>\n\t\t<\/section>\n\t\t\t\t<section class=\"elementor-section elementor-top-section elementor-element elementor-element-85285dd elementor-section-boxed elementor-section-height-default elementor-section-height-default\" data-id=\"85285dd\" data-element_type=\"section\" data-e-type=\"section\">\n\t\t\t\t\t\t<div class=\"elementor-container elementor-column-gap-default\">\n\t\t\t\t\t<div class=\"elementor-column elementor-col-50 elementor-top-column elementor-element elementor-element-3166835\" data-id=\"3166835\" data-element_type=\"column\" data-e-type=\"column\">\n\t\t\t<div class=\"elementor-widget-wrap elementor-element-populated\">\n\t\t\t\t\t\t<div class=\"elementor-element elementor-element-1d75d08 elementor-widget elementor-widget-text-editor\" data-id=\"1d75d08\" data-element_type=\"widget\" data-e-type=\"widget\" data-widget_type=\"text-editor.default\">\n\t\t\t\t<div class=\"elementor-widget-container\">\n\t\t\t\t\t\t\t\t\t<p>Mageba TENSA-FINGER RSFD fingerfog f\u00f6r r\u00f6relser p\u00e5 upp till 500 mm. De robusta st\u00e5lprofilena har kraftiga f\u00f6rankrings\u00f6glor och gjuts fast i huvudkonstruktionen vilket ger ett utm\u00e4rkt motst\u00e5nd mot materialutmattning. Profilerna f\u00f6rankrar de fingerformade plattor som skjuter ut \u00f6ver spalten och \u00f6verlappar varandra p\u00e5 var sida av broelementen. Fingrarna ligger l\u00e4ngst med k\u00f6rriktningen vilket minimerar buller och maximerar komforten f\u00f6r bilisterna. En dr\u00e4neringskanal h\u00e4nger under fogen och mynnar ut i brons dr\u00e4neringssystem. Fogen kan anv\u00e4ndas i k\u00f6rbanor av s\u00e5v\u00e4l asfalt som betong.<\/p><p>Mageba TENSA-FINGER GF fingerfog \u00e4r avsedd f\u00f6r r\u00f6relser upp till 1 500 mm. R\u00f6relsefogen best\u00e5r av robusta fingerformade plattor i st\u00e5l. Fingrarna h\u00e5lls nere av st\u00e5lfj\u00e4drar som f\u00f6rhindrar dem fr\u00e5n att sticka ut ovanf\u00f6r k\u00f6rbanan, exempelvis vid s\u00e4ttningar eller rotationer. Tack vare att fingerplattorna \u00e4r sammanbundna med f\u00f6rankringen via en led \u00f6verf\u00f6r de betydligt mindre moment till f\u00f6rankringen och st\u00f6dstrukturen \u00e4n vad som \u00e4r fallet vid utskjutande fingerfogar.<\/p><p>Etic fingerfogar i aluminium kan levereras med ett r\u00f6relsespann p\u00e5 upp till 300 mm. Fogen levereras i standardelement som monteras p\u00e5 plats.<\/p><ul><li>TENSA-FINGER RSFD<\/li><li>TENSA-FINGER GF<\/li><li>\u00a0TENSA-FLEX RC<\/li><li>\u00a0ETIC FINGERFUGER I ALUMINIUM<\/li><\/ul>\t\t\t\t\t\t\t\t<\/div>\n\t\t\t\t<\/div>\n\t\t\t\t\t<\/div>\n\t\t<\/div>\n\t\t\t\t<div class=\"elementor-column elementor-col-50 elementor-top-column elementor-element elementor-element-beea6fa\" data-id=\"beea6fa\" data-element_type=\"column\" data-e-type=\"column\">\n\t\t\t<div class=\"elementor-widget-wrap elementor-element-populated\">\n\t\t\t\t\t\t<div class=\"elementor-element elementor-element-b554077 elementor-widget elementor-widget-image\" data-id=\"b554077\" data-element_type=\"widget\" data-e-type=\"widget\" data-widget_type=\"image.default\">\n\t\t\t\t<div class=\"elementor-widget-container\">\n\t\t\t\t\t\t\t\t\t\t\t\t\t\t\t<img fetchpriority=\"high\" decoding=\"async\" width=\"666\" height=\"666\" src=\"https:\/\/spennteknikk.no\/wp-content\/uploads\/2023\/11\/TENSA-FINGER-RSFD-mainimg.webp\" class=\"attachment-large size-large wp-image-1141\" alt=\"\" srcset=\"https:\/\/spennteknikk.no\/wp-content\/uploads\/2023\/11\/TENSA-FINGER-RSFD-mainimg.webp 666w, https:\/\/spennteknikk.no\/wp-content\/uploads\/2023\/11\/TENSA-FINGER-RSFD-mainimg-300x300.webp 300w, https:\/\/spennteknikk.no\/wp-content\/uploads\/2023\/11\/TENSA-FINGER-RSFD-mainimg-150x150.webp 150w\" sizes=\"(max-width: 666px) 100vw, 666px\" \/>\t\t\t\t\t\t\t\t\t\t\t\t\t\t\t<\/div>\n\t\t\t\t<\/div>\n\t\t\t\t\t<\/div>\n\t\t<\/div>\n\t\t\t\t\t<\/div>\n\t\t<\/section>\n\t\t\t\t<\/div>","protected":false},"excerpt":{"rendered":"<p>Fingerfuger mageba TENSA-FINGER RSFD fingerfuge er beregnet for bevegelser p\u00e5 opptil 500 mm. Deres robuste st\u00e5lkantprofiler har sterke forankringsl\u00f8kker for st\u00f8ping til hovedstrukturen, noe som resulterer i utmerket utmattelsesmotstand. Disse profilene st\u00f8tter fingerplater p\u00e5 hver side av brospalten, fingrene som krager over spalten. Orienteringen av fingrene, i kj\u00f8ret\u00f8yets kj\u00f8reretning, minimerer st\u00f8y og maksimerer f\u00f8rerkomforten. En [&hellip;]<\/p>\n","protected":false},"author":1,"featured_media":0,"parent":508,"menu_order":0,"comment_status":"closed","ping_status":"closed","template":"","meta":{"footnotes":""},"class_list":["post-784","page","type-page","status-publish","hentry"],"_links":{"self":[{"href":"https:\/\/spennteknikk.no\/sv\/wp-json\/wp\/v2\/pages\/784","targetHints":{"allow":["GET"]}}],"collection":[{"href":"https:\/\/spennteknikk.no\/sv\/wp-json\/wp\/v2\/pages"}],"about":[{"href":"https:\/\/spennteknikk.no\/sv\/wp-json\/wp\/v2\/types\/page"}],"author":[{"embeddable":true,"href":"https:\/\/spennteknikk.no\/sv\/wp-json\/wp\/v2\/users\/1"}],"replies":[{"embeddable":true,"href":"https:\/\/spennteknikk.no\/sv\/wp-json\/wp\/v2\/comments?post=784"}],"version-history":[{"count":5,"href":"https:\/\/spennteknikk.no\/sv\/wp-json\/wp\/v2\/pages\/784\/revisions"}],"predecessor-version":[{"id":1144,"href":"https:\/\/spennteknikk.no\/sv\/wp-json\/wp\/v2\/pages\/784\/revisions\/1144"}],"up":[{"embeddable":true,"href":"https:\/\/spennteknikk.no\/sv\/wp-json\/wp\/v2\/pages\/508"}],"wp:attachment":[{"href":"https:\/\/spennteknikk.no\/sv\/wp-json\/wp\/v2\/media?parent=784"}],"curies":[{"name":"wp","href":"https:\/\/api.w.org\/{rel}","templated":true}]}}