{"id":769,"date":"2023-11-01T12:32:27","date_gmt":"2023-11-01T12:32:27","guid":{"rendered":"https:\/\/spennteknikk.no\/?page_id=769"},"modified":"2023-11-01T12:34:20","modified_gmt":"2023-11-01T12:34:20","slug":"spaltefuger","status":"publish","type":"page","link":"https:\/\/spennteknikk.no\/sv\/vare-produkter\/fugesystemer\/spaltefuger\/","title":{"rendered":"Spaltfogar"},"content":{"rendered":"<div data-elementor-type=\"wp-page\" data-elementor-id=\"769\" class=\"elementor elementor-769\" data-elementor-post-type=\"page\">\n\t\t\t\t\t\t<section class=\"elementor-section elementor-top-section elementor-element elementor-element-b1afc8c elementor-section-boxed elementor-section-height-default elementor-section-height-default\" data-id=\"b1afc8c\" data-element_type=\"section\" data-e-type=\"section\">\n\t\t\t\t\t\t<div class=\"elementor-container elementor-column-gap-default\">\n\t\t\t\t\t<div class=\"elementor-column elementor-col-100 elementor-top-column elementor-element elementor-element-09f8b55\" data-id=\"09f8b55\" data-element_type=\"column\" data-e-type=\"column\">\n\t\t\t<div class=\"elementor-widget-wrap elementor-element-populated\">\n\t\t\t\t\t\t<div class=\"elementor-element elementor-element-542747d elementor-widget elementor-widget-heading\" data-id=\"542747d\" data-element_type=\"widget\" data-e-type=\"widget\" data-widget_type=\"heading.default\">\n\t\t\t\t<div class=\"elementor-widget-container\">\n\t\t\t\t\t<h1 class=\"elementor-heading-title elementor-size-default\">Spaltfogar<\/h1>\t\t\t\t<\/div>\n\t\t\t\t<\/div>\n\t\t\t\t\t<\/div>\n\t\t<\/div>\n\t\t\t\t\t<\/div>\n\t\t<\/section>\n\t\t\t\t<section class=\"elementor-section elementor-top-section elementor-element elementor-element-85285dd elementor-section-boxed elementor-section-height-default elementor-section-height-default\" data-id=\"85285dd\" data-element_type=\"section\" data-e-type=\"section\">\n\t\t\t\t\t\t<div class=\"elementor-container elementor-column-gap-default\">\n\t\t\t\t\t<div class=\"elementor-column elementor-col-50 elementor-top-column elementor-element elementor-element-3166835\" data-id=\"3166835\" data-element_type=\"column\" data-e-type=\"column\">\n\t\t\t<div class=\"elementor-widget-wrap elementor-element-populated\">\n\t\t\t\t\t\t<div class=\"elementor-element elementor-element-1d75d08 elementor-widget elementor-widget-text-editor\" data-id=\"1d75d08\" data-element_type=\"widget\" data-e-type=\"widget\" data-widget_type=\"text-editor.default\">\n\t\t\t\t<div class=\"elementor-widget-container\">\n\t\t\t\t\t\t\t\t\t<p>Mageba TENSA-GRIP expansionsfogar \u00e4r enkelspaltiga fogar f\u00f6r r\u00f6relser upp till 80 mm (typ RS) eller 100 mm (typ RS-LS). Fogar av typen LR-LS har s\u00e5 kallade sinuspl\u00e5tar p\u00e5 ovansidan som m\u00f6jligg\u00f6r den kraftiga r\u00f6relsen och som dessutom reducerar trafikbuller med upp till 80 %. Fogarna best\u00e5r av robusta st\u00e5lkantprofiler och utbytbara elastomera t\u00e4tningsprofiler, vilket s\u00e4kerst\u00e4ller en l\u00e5ngvarig vattent\u00e4thet. Fogarnas dr\u00e4nering sker via brod\u00e4ckets dr\u00e4neringssystem.<br \/><br \/>Mageba TENSA-CRETE har samma egenskaper som TENSA-GRIP men skiljer sig p\u00e5 s\u00e5 s\u00e4tt att den har ett annat f\u00f6rankringssystem. St\u00e5lkantprofilerna f\u00f6rankras med ROBO-FLEX, Magebas snabbh\u00e4rdande och vattent\u00e4ta polymerbetong. Profilerna f\u00f6rankras i brod\u00e4cket utan urtag i den underliggande konstruktionen vilket g\u00f6r hela installationen snabb och kostnadseffektiv. Tack vare polymerbetongens mycket korta h\u00e4rdningstid kan trafik korsa fogen redan efter n\u00e5gra f\u00e5 timmars h\u00e4rdning.<\/p><ul><li>\u00a0TENSA-GRIP RS<\/li><li>\u00a0TENSA-GRIP RS-LS<\/li><li>\u00a0TENSA-CRETE RE<\/li><li>\u00a0TENSA-CRETE RE-LS<\/li><\/ul>\t\t\t\t\t\t\t\t<\/div>\n\t\t\t\t<\/div>\n\t\t\t\t\t<\/div>\n\t\t<\/div>\n\t\t\t\t<div class=\"elementor-column elementor-col-50 elementor-top-column elementor-element elementor-element-beea6fa\" data-id=\"beea6fa\" data-element_type=\"column\" data-e-type=\"column\">\n\t\t\t<div class=\"elementor-widget-wrap elementor-element-populated\">\n\t\t\t\t\t\t<div class=\"elementor-element elementor-element-b554077 elementor-widget elementor-widget-image\" data-id=\"b554077\" data-element_type=\"widget\" data-e-type=\"widget\" data-widget_type=\"image.default\">\n\t\t\t\t<div class=\"elementor-widget-container\">\n\t\t\t\t\t\t\t\t\t\t\t\t\t\t\t<img fetchpriority=\"high\" decoding=\"async\" width=\"699\" height=\"499\" src=\"https:\/\/spennteknikk.no\/wp-content\/uploads\/2023\/11\/TENSA-GRIP-RSLS-mainimg.jpg\" class=\"attachment-large size-large wp-image-773\" alt=\"\" srcset=\"https:\/\/spennteknikk.no\/wp-content\/uploads\/2023\/11\/TENSA-GRIP-RSLS-mainimg.jpg 699w, https:\/\/spennteknikk.no\/wp-content\/uploads\/2023\/11\/TENSA-GRIP-RSLS-mainimg-300x214.jpg 300w\" sizes=\"(max-width: 699px) 100vw, 699px\" \/>\t\t\t\t\t\t\t\t\t\t\t\t\t\t\t<\/div>\n\t\t\t\t<\/div>\n\t\t\t\t\t<\/div>\n\t\t<\/div>\n\t\t\t\t\t<\/div>\n\t\t<\/section>\n\t\t\t\t<\/div>","protected":false},"excerpt":{"rendered":"<p>Spaltefuger mageba TENSA-GRIP ekspansjonsfuger er enkeltspalteskj\u00f8ter for bevegelser p\u00e5 opptil 80 mm for type RS, eller 100 mm for Type RS-LS. Type RS-LS skj\u00f8ter har s\u00e5kalte &laquo;sinusplater&raquo; p\u00e5 overflaten, som muliggj\u00f8r denne \u00f8kte bevegelsen og reduserer st\u00f8y fra forbipasserende trafikk med opptil 80 %. Skj\u00f8tene best\u00e5r av robuste st\u00e5lkantprofiler og utskiftbare elastomere tetningsprofiler, som sikrer [&hellip;]<\/p>\n","protected":false},"author":1,"featured_media":0,"parent":508,"menu_order":0,"comment_status":"closed","ping_status":"closed","template":"","meta":{"footnotes":""},"class_list":["post-769","page","type-page","status-publish","hentry"],"_links":{"self":[{"href":"https:\/\/spennteknikk.no\/sv\/wp-json\/wp\/v2\/pages\/769","targetHints":{"allow":["GET"]}}],"collection":[{"href":"https:\/\/spennteknikk.no\/sv\/wp-json\/wp\/v2\/pages"}],"about":[{"href":"https:\/\/spennteknikk.no\/sv\/wp-json\/wp\/v2\/types\/page"}],"author":[{"embeddable":true,"href":"https:\/\/spennteknikk.no\/sv\/wp-json\/wp\/v2\/users\/1"}],"replies":[{"embeddable":true,"href":"https:\/\/spennteknikk.no\/sv\/wp-json\/wp\/v2\/comments?post=769"}],"version-history":[{"count":5,"href":"https:\/\/spennteknikk.no\/sv\/wp-json\/wp\/v2\/pages\/769\/revisions"}],"predecessor-version":[{"id":780,"href":"https:\/\/spennteknikk.no\/sv\/wp-json\/wp\/v2\/pages\/769\/revisions\/780"}],"up":[{"embeddable":true,"href":"https:\/\/spennteknikk.no\/sv\/wp-json\/wp\/v2\/pages\/508"}],"wp:attachment":[{"href":"https:\/\/spennteknikk.no\/sv\/wp-json\/wp\/v2\/media?parent=769"}],"curies":[{"name":"wp","href":"https:\/\/api.w.org\/{rel}","templated":true}]}}