{"id":760,"date":"2023-11-01T12:20:27","date_gmt":"2023-11-01T12:20:27","guid":{"rendered":"https:\/\/spennteknikk.no\/?page_id=760"},"modified":"2024-02-22T21:15:04","modified_gmt":"2024-02-22T21:15:04","slug":"lamellfuger","status":"publish","type":"page","link":"https:\/\/spennteknikk.no\/sv\/vare-produkter\/fugesystemer\/lamellfuger\/","title":{"rendered":"Lamellfogar"},"content":{"rendered":"<div data-elementor-type=\"wp-page\" data-elementor-id=\"760\" class=\"elementor elementor-760\" data-elementor-post-type=\"page\">\n\t\t\t\t\t\t<section class=\"elementor-section elementor-top-section elementor-element elementor-element-b1afc8c elementor-section-boxed elementor-section-height-default elementor-section-height-default\" data-id=\"b1afc8c\" data-element_type=\"section\" data-e-type=\"section\">\n\t\t\t\t\t\t<div class=\"elementor-container elementor-column-gap-default\">\n\t\t\t\t\t<div class=\"elementor-column elementor-col-100 elementor-top-column elementor-element elementor-element-09f8b55\" data-id=\"09f8b55\" data-element_type=\"column\" data-e-type=\"column\">\n\t\t\t<div class=\"elementor-widget-wrap elementor-element-populated\">\n\t\t\t\t\t\t<div class=\"elementor-element elementor-element-542747d elementor-widget elementor-widget-heading\" data-id=\"542747d\" data-element_type=\"widget\" data-e-type=\"widget\" data-widget_type=\"heading.default\">\n\t\t\t\t<div class=\"elementor-widget-container\">\n\t\t\t\t\t<h1 class=\"elementor-heading-title elementor-size-default\">Lamellfogar<\/h1>\t\t\t\t<\/div>\n\t\t\t\t<\/div>\n\t\t\t\t\t<\/div>\n\t\t<\/div>\n\t\t\t\t\t<\/div>\n\t\t<\/section>\n\t\t\t\t<section class=\"elementor-section elementor-top-section elementor-element elementor-element-85285dd elementor-section-boxed elementor-section-height-default elementor-section-height-default\" data-id=\"85285dd\" data-element_type=\"section\" data-e-type=\"section\">\n\t\t\t\t\t\t<div class=\"elementor-container elementor-column-gap-default\">\n\t\t\t\t\t<div class=\"elementor-column elementor-col-50 elementor-top-column elementor-element elementor-element-3166835\" data-id=\"3166835\" data-element_type=\"column\" data-e-type=\"column\">\n\t\t\t<div class=\"elementor-widget-wrap elementor-element-populated\">\n\t\t\t\t\t\t<div class=\"elementor-element elementor-element-1d75d08 elementor-widget elementor-widget-text-editor\" data-id=\"1d75d08\" data-element_type=\"widget\" data-e-type=\"widget\" data-widget_type=\"text-editor.default\">\n\t\t\t\t<div class=\"elementor-widget-container\">\n\t\t\t\t\t\t\t\t\t<p>Mageba TENSA MODULAR expansionsfogar med flera lameller kan hantera r\u00f6relser i alla riktningar och rotationer runt varje axel. De anv\u00e4nds vid l\u00e4ngsg\u00e5ende r\u00f6relser fr\u00e5n 120 mm till v\u00e4l \u00f6ver 2 400 mm. Fogen best\u00e5r av ett antal enskilda spalter mellan tv\u00e4rg\u00e5ende st\u00e5l-lameller. Antalet spalter avg\u00f6r brod\u00e4ckets totala r\u00f6relsef\u00f6rm\u00e5ga. De enskilda spalterna f\u00f6rseglas med vattent\u00e4ta gummiprofiler och lamellernas r\u00f6relser regleras av ett elastiskt styrsystem. Fogarnas dr\u00e4nering sker via brod\u00e4ckets dr\u00e4neringssystem.<br \/><br \/>Fogar av typen LR-LS har s\u00e5 kallade sinuspl\u00e5tar p\u00e5 ovansidan som m\u00f6jligg\u00f6r den kraftiga r\u00f6relsen och som dessutom reducerar trafikbuller med upp till 80 %.<\/p><ul><li>TENSA-MODULAR LR<\/li><li>TENSA-MODULAR LR-LS<\/li><\/ul>\t\t\t\t\t\t\t\t<\/div>\n\t\t\t\t<\/div>\n\t\t\t\t\t<\/div>\n\t\t<\/div>\n\t\t\t\t<div class=\"elementor-column elementor-col-50 elementor-top-column elementor-element elementor-element-beea6fa\" data-id=\"beea6fa\" data-element_type=\"column\" data-e-type=\"column\">\n\t\t\t<div class=\"elementor-widget-wrap elementor-element-populated\">\n\t\t\t\t\t\t<div class=\"elementor-element elementor-element-b554077 elementor-widget elementor-widget-image\" data-id=\"b554077\" data-element_type=\"widget\" data-e-type=\"widget\" data-widget_type=\"image.default\">\n\t\t\t\t<div class=\"elementor-widget-container\">\n\t\t\t\t\t\t\t\t\t\t\t\t\t\t\t<img fetchpriority=\"high\" decoding=\"async\" width=\"699\" height=\"499\" src=\"https:\/\/spennteknikk.no\/wp-content\/uploads\/2023\/11\/TENSA-MODULAR-LRLS-mainimg.jpg\" class=\"attachment-large size-large wp-image-774\" alt=\"\" srcset=\"https:\/\/spennteknikk.no\/wp-content\/uploads\/2023\/11\/TENSA-MODULAR-LRLS-mainimg.jpg 699w, https:\/\/spennteknikk.no\/wp-content\/uploads\/2023\/11\/TENSA-MODULAR-LRLS-mainimg-300x214.jpg 300w\" sizes=\"(max-width: 699px) 100vw, 699px\" \/>\t\t\t\t\t\t\t\t\t\t\t\t\t\t\t<\/div>\n\t\t\t\t<\/div>\n\t\t\t\t\t<\/div>\n\t\t<\/div>\n\t\t\t\t\t<\/div>\n\t\t<\/section>\n\t\t\t\t<\/div>","protected":false},"excerpt":{"rendered":"<p>Lamellfuger mageba TENSA MODULAR ekspansjonsfuger med flere lameller kan h\u00e5ndtere bevegelser i alle retninger og rotasjoner rundt hver akse. De brukes til langsg\u00e5ende bevegelser fra 120 mm til godt over 2.400 mm. Den totale bevegelsen til brudekket er fordelt p\u00e5 flere individuelle spalter mellom tverrg\u00e5ende st\u00e5llameller. De enkelte spaltene er tettet av vanntette gummiprofiler, og [&hellip;]<\/p>\n","protected":false},"author":1,"featured_media":0,"parent":508,"menu_order":0,"comment_status":"closed","ping_status":"closed","template":"","meta":{"footnotes":""},"class_list":["post-760","page","type-page","status-publish","hentry"],"_links":{"self":[{"href":"https:\/\/spennteknikk.no\/sv\/wp-json\/wp\/v2\/pages\/760","targetHints":{"allow":["GET"]}}],"collection":[{"href":"https:\/\/spennteknikk.no\/sv\/wp-json\/wp\/v2\/pages"}],"about":[{"href":"https:\/\/spennteknikk.no\/sv\/wp-json\/wp\/v2\/types\/page"}],"author":[{"embeddable":true,"href":"https:\/\/spennteknikk.no\/sv\/wp-json\/wp\/v2\/users\/1"}],"replies":[{"embeddable":true,"href":"https:\/\/spennteknikk.no\/sv\/wp-json\/wp\/v2\/comments?post=760"}],"version-history":[{"count":5,"href":"https:\/\/spennteknikk.no\/sv\/wp-json\/wp\/v2\/pages\/760\/revisions"}],"predecessor-version":[{"id":787,"href":"https:\/\/spennteknikk.no\/sv\/wp-json\/wp\/v2\/pages\/760\/revisions\/787"}],"up":[{"embeddable":true,"href":"https:\/\/spennteknikk.no\/sv\/wp-json\/wp\/v2\/pages\/508"}],"wp:attachment":[{"href":"https:\/\/spennteknikk.no\/sv\/wp-json\/wp\/v2\/media?parent=760"}],"curies":[{"name":"wp","href":"https:\/\/api.w.org\/{rel}","templated":true}]}}