{"id":523,"date":"2023-10-10T13:39:23","date_gmt":"2023-10-10T13:39:23","guid":{"rendered":"https:\/\/spennteknikk.no\/?page_id=523"},"modified":"2024-02-22T21:10:27","modified_gmt":"2024-02-22T21:10:27","slug":"offshore","status":"publish","type":"page","link":"https:\/\/spennteknikk.no\/sv\/vare-produkter\/offshore\/","title":{"rendered":"Offshore"},"content":{"rendered":"<div data-elementor-type=\"wp-page\" data-elementor-id=\"523\" class=\"elementor elementor-523\" data-elementor-post-type=\"page\">\n\t\t\t\t\t\t<section class=\"elementor-section elementor-top-section elementor-element elementor-element-b1afc8c elementor-section-boxed elementor-section-height-default elementor-section-height-default\" data-id=\"b1afc8c\" data-element_type=\"section\" data-e-type=\"section\">\n\t\t\t\t\t\t<div class=\"elementor-container elementor-column-gap-default\">\n\t\t\t\t\t<div class=\"elementor-column elementor-col-100 elementor-top-column elementor-element elementor-element-09f8b55\" data-id=\"09f8b55\" data-element_type=\"column\" data-e-type=\"column\">\n\t\t\t<div class=\"elementor-widget-wrap elementor-element-populated\">\n\t\t\t\t\t\t<div class=\"elementor-element elementor-element-542747d elementor-widget elementor-widget-heading\" data-id=\"542747d\" data-element_type=\"widget\" data-e-type=\"widget\" data-widget_type=\"heading.default\">\n\t\t\t\t<div class=\"elementor-widget-container\">\n\t\t\t\t\t<h1 class=\"elementor-heading-title elementor-size-default\">Offshore<\/h1>\t\t\t\t<\/div>\n\t\t\t\t<\/div>\n\t\t\t\t\t<\/div>\n\t\t<\/div>\n\t\t\t\t\t<\/div>\n\t\t<\/section>\n\t\t\t\t<section class=\"elementor-section elementor-top-section elementor-element elementor-element-ca228c9 elementor-section-boxed elementor-section-height-default elementor-section-height-default\" data-id=\"ca228c9\" data-element_type=\"section\" data-e-type=\"section\">\n\t\t\t\t\t\t<div class=\"elementor-container elementor-column-gap-default\">\n\t\t\t\t\t<div class=\"elementor-column elementor-col-50 elementor-top-column elementor-element elementor-element-5dafbb0\" data-id=\"5dafbb0\" data-element_type=\"column\" data-e-type=\"column\">\n\t\t\t<div class=\"elementor-widget-wrap elementor-element-populated\">\n\t\t\t\t\t\t<div class=\"elementor-element elementor-element-1d75d08 elementor-widget elementor-widget-text-editor\" data-id=\"1d75d08\" data-element_type=\"widget\" data-e-type=\"widget\" data-widget_type=\"text-editor.default\">\n\t\t\t\t<div class=\"elementor-widget-container\">\n\t\t\t\t\t\t\t\t\t<p>Spennteknikk har konstruerat och levererat produkter till offshoreindustrin sedan 1978 och vi har under denna tid upparbetat en gedigen kompetens, speciellt avseende lagerprodukter till konstruktioner som uts\u00e4tts f\u00f6r kraftiga p\u00e5frestningar och tunga laster. Typiska leveranser \u00e4r specialanpassade elastomerlager och potlager f\u00f6r moduler p\u00e5 produktionsplattformar, FPSO:er och andra offshorefartyg. Vi levererar \u00e4ven stagl\u00f6sningar f\u00f6r upph\u00e4ngning, sammankoppling och st\u00f6dkonstruktioner.<\/p><p><br \/>Egen produktionsanl\u00e4ggning, h\u00f6g kompetens och t\u00e4tt samarbete med v\u00e5ra kunder g\u00f6r att vi kan leverera de b\u00e4sta l\u00f6sningarna \u2013 skr\u00e4ddarsydda f\u00f6r det aktuella projektet.<\/p><p>Vill du veta vad vi kan g\u00f6ra f\u00f6r just dig? Kontakta oss f\u00f6r ett samtal.<\/p>\t\t\t\t\t\t\t\t<\/div>\n\t\t\t\t<\/div>\n\t\t\t\t\t<\/div>\n\t\t<\/div>\n\t\t\t\t<div class=\"elementor-column elementor-col-50 elementor-top-column elementor-element elementor-element-932e5a3\" data-id=\"932e5a3\" data-element_type=\"column\" data-e-type=\"column\">\n\t\t\t<div class=\"elementor-widget-wrap elementor-element-populated\">\n\t\t\t\t\t\t<div class=\"elementor-element elementor-element-4c97aec elementor-widget elementor-widget-image\" data-id=\"4c97aec\" data-element_type=\"widget\" data-e-type=\"widget\" data-widget_type=\"image.default\">\n\t\t\t\t<div class=\"elementor-widget-container\">\n\t\t\t\t\t\t\t\t\t\t\t\t\t\t\t<img fetchpriority=\"high\" decoding=\"async\" width=\"800\" height=\"266\" src=\"https:\/\/spennteknikk.no\/wp-content\/uploads\/2023\/11\/offshore-2000-2000x665-1-1024x340.jpg\" class=\"attachment-large size-large wp-image-1071\" alt=\"\" srcset=\"https:\/\/spennteknikk.no\/wp-content\/uploads\/2023\/11\/offshore-2000-2000x665-1-1024x340.jpg 1024w, https:\/\/spennteknikk.no\/wp-content\/uploads\/2023\/11\/offshore-2000-2000x665-1-300x100.jpg 300w, https:\/\/spennteknikk.no\/wp-content\/uploads\/2023\/11\/offshore-2000-2000x665-1-768x255.jpg 768w, https:\/\/spennteknikk.no\/wp-content\/uploads\/2023\/11\/offshore-2000-2000x665-1-1536x511.jpg 1536w, https:\/\/spennteknikk.no\/wp-content\/uploads\/2023\/11\/offshore-2000-2000x665-1.jpg 2000w\" sizes=\"(max-width: 800px) 100vw, 800px\" \/>\t\t\t\t\t\t\t\t\t\t\t\t\t\t\t<\/div>\n\t\t\t\t<\/div>\n\t\t\t\t\t<\/div>\n\t\t<\/div>\n\t\t\t\t\t<\/div>\n\t\t<\/section>\n\t\t\t\t<section class=\"elementor-section elementor-top-section elementor-element elementor-element-b29d375 elementor-hidden-desktop elementor-hidden-tablet elementor-hidden-mobile elementor-section-boxed elementor-section-height-default elementor-section-height-default\" data-id=\"b29d375\" data-element_type=\"section\" data-e-type=\"section\">\n\t\t\t\t\t\t<div class=\"elementor-container elementor-column-gap-default\">\n\t\t\t\t\t<div class=\"elementor-column elementor-col-100 elementor-top-column elementor-element elementor-element-f077908\" data-id=\"f077908\" data-element_type=\"column\" data-e-type=\"column\">\n\t\t\t<div class=\"elementor-widget-wrap elementor-element-populated\">\n\t\t\t\t\t\t<div class=\"elementor-element elementor-element-81c9c78 elementor-widget-divider--view-line elementor-widget elementor-widget-divider\" data-id=\"81c9c78\" data-element_type=\"widget\" data-e-type=\"widget\" data-widget_type=\"divider.default\">\n\t\t\t\t<div class=\"elementor-widget-container\">\n\t\t\t\t\t\t\t<div class=\"elementor-divider\">\n\t\t\t<span class=\"elementor-divider-separator\">\n\t\t\t\t\t\t<\/span>\n\t\t<\/div>\n\t\t\t\t\t\t<\/div>\n\t\t\t\t<\/div>\n\t\t\t\t<div class=\"elementor-element elementor-element-f2b9090 elementor-widget elementor-widget-heading\" data-id=\"f2b9090\" data-element_type=\"widget\" data-e-type=\"widget\" data-widget_type=\"heading.default\">\n\t\t\t\t<div class=\"elementor-widget-container\">\n\t\t\t\t\t<h2 class=\"elementor-heading-title elementor-size-default\">Ladda ner<\/h2>\t\t\t\t<\/div>\n\t\t\t\t<\/div>\n\t\t\t\t<div class=\"elementor-element elementor-element-02b170e elementor-widget elementor-widget-shortcode\" data-id=\"02b170e\" data-element_type=\"widget\" data-e-type=\"widget\" data-widget_type=\"shortcode.default\">\n\t\t\t\t<div class=\"elementor-widget-container\">\n\t\t\t\t\t\t\t<div class=\"elementor-shortcode\"><div id=\"dlp_grid_48fe3c50f60a701c_1\" class=\"dlp-grid-container\"><header class=\"dlp-grid-header dlp-grid-above dlp-grid-controls\"><\/header><div class=\"dlp-grid-documents grid-autosize\">Inga matchande dokument<\/div><footer class=\"dlp-grid-footer dlp-grid-below dlp-grid-controls\"><div class=\"dlp-grid-length\"><label>Visa <select><option value=\"10\">10<\/option><option value=\"25\" selected='selected'>25<\/option><option value=\"50\">50<\/option><option value=\"100\">100<\/option><\/select> per sida<\/label><\/div><div class=\"dlp-grid-totals\">0 dokument<\/div><div class=\"dlp-grid-pagination\"><\/div><\/footer><\/div>\t\t<div id=\"modal_dlp_grid_48fe3c50f60a701c_1\" class=\"dlp-preview-modal\" aria-hidden=\"true\">\n\t\t\t<div class=\"dlp-preview-modal-overlay\" tabindex=\"-1\" data-dlp-preview-close=\"#modal_dlp_grid_48fe3c50f60a701c_1\">\n\t\t\t\t<a class=\"dlp-preview-modal-close\" data-dlp-preview-close=\"#modal_dlp_grid_48fe3c50f60a701c_1\">\n\t\t\t\t\t<div class=\"dlp-icon close\"><svg xmlns=\"http:\/\/www.w3.org\/2000\/svg\" viewbox=\"0 0 24 24\" aria-label=\"Close\"><path fill=\"currentColor\" d=\"M19 6.41L17.59 5 12 10.59 6.41 5 5 6.41 10.59 12 5 17.59 6.41 19 12 13.41 17.59 19 19 17.59 13.41 12z\" \/><path d=\"M0 0h24v24H0z\" fill=\"none\" \/><\/svg><\/div>\t\t\t\t<\/a>\n\n\t\t\t\t<div class=\"dlp-preview-modal-container\" role=\"dialog\" aria-modal=\"true\" aria-labelledby=\"dlp-preview-modal-title\">\n\t\t\t\t\t<main class=\"dlp-preview-modal-content\"><\/main>\n\t\t\t\t\t<footer class=\"dlp-preview-modal-footer\"><\/footer>\n\t\t\t\t<\/div>\n\t\t\t<\/div>\n\t\t<\/div>\n\t\t<\/div>\n\t\t\t\t\t\t<\/div>\n\t\t\t\t<\/div>\n\t\t\t\t\t<\/div>\n\t\t<\/div>\n\t\t\t\t\t<\/div>\n\t\t<\/section>\n\t\t\t\t<\/div>","protected":false},"excerpt":{"rendered":"<p>Offshore Spennteknikk har v\u00e6rt produsent og leverand\u00f8r til offshoreindustrien siden 1978, og selskapet har i l\u00f8pet av denne tiden opparbeidet betydelig kompetanse, spesielt innen bruk av lagerprodukter til konstruksjoner utsatt for bevegelser og tunge belastninger. Typiske leveranser er spesialtilpassede elastomerlagre og potlagre for moduler p\u00e5 produksjonsplattformer, FPSOer og andre offshorefart\u00f8yer. Vi leverer ogs\u00e5 stagl\u00f8sninger for [&hellip;]<\/p>\n","protected":false},"author":1,"featured_media":0,"parent":247,"menu_order":0,"comment_status":"closed","ping_status":"closed","template":"","meta":{"footnotes":""},"class_list":["post-523","page","type-page","status-publish","hentry"],"_links":{"self":[{"href":"https:\/\/spennteknikk.no\/sv\/wp-json\/wp\/v2\/pages\/523","targetHints":{"allow":["GET"]}}],"collection":[{"href":"https:\/\/spennteknikk.no\/sv\/wp-json\/wp\/v2\/pages"}],"about":[{"href":"https:\/\/spennteknikk.no\/sv\/wp-json\/wp\/v2\/types\/page"}],"author":[{"embeddable":true,"href":"https:\/\/spennteknikk.no\/sv\/wp-json\/wp\/v2\/users\/1"}],"replies":[{"embeddable":true,"href":"https:\/\/spennteknikk.no\/sv\/wp-json\/wp\/v2\/comments?post=523"}],"version-history":[{"count":5,"href":"https:\/\/spennteknikk.no\/sv\/wp-json\/wp\/v2\/pages\/523\/revisions"}],"predecessor-version":[{"id":1140,"href":"https:\/\/spennteknikk.no\/sv\/wp-json\/wp\/v2\/pages\/523\/revisions\/1140"}],"up":[{"embeddable":true,"href":"https:\/\/spennteknikk.no\/sv\/wp-json\/wp\/v2\/pages\/247"}],"wp:attachment":[{"href":"https:\/\/spennteknikk.no\/sv\/wp-json\/wp\/v2\/media?parent=523"}],"curies":[{"name":"wp","href":"https:\/\/api.w.org\/{rel}","templated":true}]}}