{"id":508,"date":"2023-10-10T13:36:35","date_gmt":"2023-10-10T13:36:35","guid":{"rendered":"https:\/\/spennteknikk.no\/?page_id=508"},"modified":"2024-02-22T21:08:18","modified_gmt":"2024-02-22T21:08:18","slug":"fugesystemer","status":"publish","type":"page","link":"https:\/\/spennteknikk.no\/sv\/vare-produkter\/fugesystemer\/","title":{"rendered":"Fogsystem"},"content":{"rendered":"<div data-elementor-type=\"wp-page\" data-elementor-id=\"508\" class=\"elementor elementor-508\" data-elementor-post-type=\"page\">\n\t\t\t\t\t\t<section class=\"elementor-section elementor-top-section elementor-element elementor-element-0970549 elementor-section-boxed elementor-section-height-default elementor-section-height-default\" data-id=\"0970549\" data-element_type=\"section\" data-e-type=\"section\">\n\t\t\t\t\t\t<div class=\"elementor-container elementor-column-gap-default\">\n\t\t\t\t\t<div class=\"elementor-column elementor-col-100 elementor-top-column elementor-element elementor-element-0bdaaee\" data-id=\"0bdaaee\" data-element_type=\"column\" data-e-type=\"column\">\n\t\t\t<div class=\"elementor-widget-wrap elementor-element-populated\">\n\t\t\t\t\t\t<div class=\"elementor-element elementor-element-b9b3e31 elementor-widget elementor-widget-heading\" data-id=\"b9b3e31\" data-element_type=\"widget\" data-e-type=\"widget\" data-widget_type=\"heading.default\">\n\t\t\t\t<div class=\"elementor-widget-container\">\n\t\t\t\t\t<h1 class=\"elementor-heading-title elementor-size-default\">Fogar<\/h1>\t\t\t\t<\/div>\n\t\t\t\t<\/div>\n\t\t\t\t<div class=\"elementor-element elementor-element-e300a8d elementor-widget elementor-widget-text-editor\" data-id=\"e300a8d\" data-element_type=\"widget\" data-e-type=\"widget\" data-widget_type=\"text-editor.default\">\n\t\t\t\t<div class=\"elementor-widget-container\">\n\t\t\t\t\t\t\t\t\tVi levererar \u00f6verg\u00e5ngskonstruktioner f\u00f6r broar, byggnader och anl\u00e4ggningar d\u00e4r man beh\u00f6ver uppta r\u00f6relser mellan delar av konstruktionen.\t\t\t\t\t\t\t\t<\/div>\n\t\t\t\t<\/div>\n\t\t\t\t\t<\/div>\n\t\t<\/div>\n\t\t\t\t\t<\/div>\n\t\t<\/section>\n\t\t\t\t<section class=\"elementor-section elementor-top-section elementor-element elementor-element-c6404ca elementor-section-boxed elementor-section-height-default elementor-section-height-default\" data-id=\"c6404ca\" data-element_type=\"section\" data-e-type=\"section\">\n\t\t\t\t\t\t<div class=\"elementor-container elementor-column-gap-default\">\n\t\t\t\t\t<div class=\"elementor-column elementor-col-33 elementor-top-column elementor-element elementor-element-6d9d4a9\" data-id=\"6d9d4a9\" data-element_type=\"column\" data-e-type=\"column\">\n\t\t\t<div class=\"elementor-widget-wrap elementor-element-populated\">\n\t\t\t\t\t\t<div class=\"elementor-element elementor-element-0aae21e bildeboks elementor-widget elementor-widget-image\" data-id=\"0aae21e\" data-element_type=\"widget\" data-e-type=\"widget\" data-widget_type=\"image.default\">\n\t\t\t\t<div class=\"elementor-widget-container\">\n\t\t\t\t\t\t\t\t\t\t\t\t\t\t\t\t<a href=\"\/sv\/vare-produkter\/fugesystemer\/lamellfuger\/\">\n\t\t\t\t\t\t\t<img fetchpriority=\"high\" decoding=\"async\" width=\"699\" height=\"499\" src=\"https:\/\/spennteknikk.no\/wp-content\/uploads\/2023\/11\/TENSA-MODULAR-LRLS-mainimg.jpg\" class=\"attachment-large size-large wp-image-774\" alt=\"\" srcset=\"https:\/\/spennteknikk.no\/wp-content\/uploads\/2023\/11\/TENSA-MODULAR-LRLS-mainimg.jpg 699w, https:\/\/spennteknikk.no\/wp-content\/uploads\/2023\/11\/TENSA-MODULAR-LRLS-mainimg-300x214.jpg 300w\" sizes=\"(max-width: 699px) 100vw, 699px\" \/>\t\t\t\t\t\t\t\t<\/a>\n\t\t\t\t\t\t\t\t\t\t\t\t\t\t\t<\/div>\n\t\t\t\t<\/div>\n\t\t\t\t<div class=\"elementor-element elementor-element-f47c5f4 elementor-widget elementor-widget-text-editor\" data-id=\"f47c5f4\" data-element_type=\"widget\" data-e-type=\"widget\" data-widget_type=\"text-editor.default\">\n\t\t\t\t<div class=\"elementor-widget-container\">\n\t\t\t\t\t\t\t\t\t<a href=\"\/sv\/vare-produkter\/fugesystemer\/lamellfuger\/\">LAMELLFOGAR<\/a>\t\t\t\t\t\t\t\t<\/div>\n\t\t\t\t<\/div>\n\t\t\t\t\t<\/div>\n\t\t<\/div>\n\t\t\t\t<div class=\"elementor-column elementor-col-33 elementor-top-column elementor-element elementor-element-9b9a879\" data-id=\"9b9a879\" data-element_type=\"column\" data-e-type=\"column\">\n\t\t\t<div class=\"elementor-widget-wrap elementor-element-populated\">\n\t\t\t\t\t\t<div class=\"elementor-element elementor-element-2b28671 bildeboks elementor-widget elementor-widget-image\" data-id=\"2b28671\" data-element_type=\"widget\" data-e-type=\"widget\" data-widget_type=\"image.default\">\n\t\t\t\t<div class=\"elementor-widget-container\">\n\t\t\t\t\t\t\t\t\t\t\t\t\t\t\t\t<a href=\"\/sv\/vare-produkter\/fugesystemer\/spaltefuger\/\">\n\t\t\t\t\t\t\t<img decoding=\"async\" width=\"699\" height=\"499\" src=\"https:\/\/spennteknikk.no\/wp-content\/uploads\/2023\/11\/TENSA-GRIP-RSLS-mainimg.jpg\" class=\"attachment-large size-large wp-image-773\" alt=\"\" srcset=\"https:\/\/spennteknikk.no\/wp-content\/uploads\/2023\/11\/TENSA-GRIP-RSLS-mainimg.jpg 699w, https:\/\/spennteknikk.no\/wp-content\/uploads\/2023\/11\/TENSA-GRIP-RSLS-mainimg-300x214.jpg 300w\" sizes=\"(max-width: 699px) 100vw, 699px\" \/>\t\t\t\t\t\t\t\t<\/a>\n\t\t\t\t\t\t\t\t\t\t\t\t\t\t\t<\/div>\n\t\t\t\t<\/div>\n\t\t\t\t<div class=\"elementor-element elementor-element-15a3d4e elementor-widget elementor-widget-text-editor\" data-id=\"15a3d4e\" data-element_type=\"widget\" data-e-type=\"widget\" data-widget_type=\"text-editor.default\">\n\t\t\t\t<div class=\"elementor-widget-container\">\n\t\t\t\t\t\t\t\t\t<a href=\"\/sv\/vare-produkter\/fugesystemer\/spaltefuger\/\">SPALTFOGAR<\/a>\t\t\t\t\t\t\t\t<\/div>\n\t\t\t\t<\/div>\n\t\t\t\t\t<\/div>\n\t\t<\/div>\n\t\t\t\t<div class=\"elementor-column elementor-col-33 elementor-top-column elementor-element elementor-element-32449ed\" data-id=\"32449ed\" data-element_type=\"column\" data-e-type=\"column\">\n\t\t\t<div class=\"elementor-widget-wrap elementor-element-populated\">\n\t\t\t\t\t\t<div class=\"elementor-element elementor-element-3696452 bildeboks elementor-widget elementor-widget-image\" data-id=\"3696452\" data-element_type=\"widget\" data-e-type=\"widget\" data-widget_type=\"image.default\">\n\t\t\t\t<div class=\"elementor-widget-container\">\n\t\t\t\t\t\t\t\t\t\t\t\t\t\t\t\t<a href=\"\/sv\/vare-produkter\/fugesystemer\/fingerfuger\/\">\n\t\t\t\t\t\t\t<img decoding=\"async\" width=\"666\" height=\"666\" src=\"https:\/\/spennteknikk.no\/wp-content\/uploads\/2023\/11\/TENSA-FINGER-RSFD-mainimg.webp\" class=\"attachment-large size-large wp-image-1141\" alt=\"\" srcset=\"https:\/\/spennteknikk.no\/wp-content\/uploads\/2023\/11\/TENSA-FINGER-RSFD-mainimg.webp 666w, https:\/\/spennteknikk.no\/wp-content\/uploads\/2023\/11\/TENSA-FINGER-RSFD-mainimg-300x300.webp 300w, https:\/\/spennteknikk.no\/wp-content\/uploads\/2023\/11\/TENSA-FINGER-RSFD-mainimg-150x150.webp 150w\" sizes=\"(max-width: 666px) 100vw, 666px\" \/>\t\t\t\t\t\t\t\t<\/a>\n\t\t\t\t\t\t\t\t\t\t\t\t\t\t\t<\/div>\n\t\t\t\t<\/div>\n\t\t\t\t<div class=\"elementor-element elementor-element-923782d elementor-widget elementor-widget-text-editor\" data-id=\"923782d\" data-element_type=\"widget\" data-e-type=\"widget\" data-widget_type=\"text-editor.default\">\n\t\t\t\t<div class=\"elementor-widget-container\">\n\t\t\t\t\t\t\t\t\t<a href=\"\/sv\/vare-produkter\/fugesystemer\/fingerfuger\/\">FINGERFOGAR<\/a>\t\t\t\t\t\t\t\t<\/div>\n\t\t\t\t<\/div>\n\t\t\t\t\t<\/div>\n\t\t<\/div>\n\t\t\t\t\t<\/div>\n\t\t<\/section>\n\t\t\t\t<section class=\"elementor-section elementor-top-section elementor-element elementor-element-946e338 elementor-section-boxed elementor-section-height-default elementor-section-height-default\" data-id=\"946e338\" data-element_type=\"section\" data-e-type=\"section\">\n\t\t\t\t\t\t<div class=\"elementor-container elementor-column-gap-default\">\n\t\t\t\t\t<div class=\"elementor-column elementor-col-33 elementor-top-column elementor-element elementor-element-8dc3932\" data-id=\"8dc3932\" data-element_type=\"column\" data-e-type=\"column\">\n\t\t\t<div class=\"elementor-widget-wrap elementor-element-populated\">\n\t\t\t\t\t\t<div class=\"elementor-element elementor-element-5983168 bildeboks elementor-widget elementor-widget-image\" data-id=\"5983168\" data-element_type=\"widget\" data-e-type=\"widget\" data-widget_type=\"image.default\">\n\t\t\t\t<div class=\"elementor-widget-container\">\n\t\t\t\t\t\t\t\t\t\t\t\t\t\t\t\t<a href=\"\/sv\/vare-produkter\/fugesystemer\/mattefuger\/\">\n\t\t\t\t\t\t\t<img loading=\"lazy\" decoding=\"async\" width=\"699\" height=\"499\" src=\"https:\/\/spennteknikk.no\/wp-content\/uploads\/2023\/11\/TENSA-MAT-RM-mainimg.jpg\" class=\"attachment-large size-large wp-image-801\" alt=\"\" srcset=\"https:\/\/spennteknikk.no\/wp-content\/uploads\/2023\/11\/TENSA-MAT-RM-mainimg.jpg 699w, https:\/\/spennteknikk.no\/wp-content\/uploads\/2023\/11\/TENSA-MAT-RM-mainimg-300x214.jpg 300w\" sizes=\"(max-width: 699px) 100vw, 699px\" \/>\t\t\t\t\t\t\t\t<\/a>\n\t\t\t\t\t\t\t\t\t\t\t\t\t\t\t<\/div>\n\t\t\t\t<\/div>\n\t\t\t\t<div class=\"elementor-element elementor-element-206a57e elementor-widget elementor-widget-text-editor\" data-id=\"206a57e\" data-element_type=\"widget\" data-e-type=\"widget\" data-widget_type=\"text-editor.default\">\n\t\t\t\t<div class=\"elementor-widget-container\">\n\t\t\t\t\t\t\t\t\t<p><a href=\"\/sv\/vare-produkter\/fugesystemer\/mattefuger\/\">EXPANSIONSFOGAR<\/a><\/p>\t\t\t\t\t\t\t\t<\/div>\n\t\t\t\t<\/div>\n\t\t\t\t\t<\/div>\n\t\t<\/div>\n\t\t\t\t<div class=\"elementor-column elementor-col-33 elementor-top-column elementor-element elementor-element-0fa350e\" data-id=\"0fa350e\" data-element_type=\"column\" data-e-type=\"column\">\n\t\t\t<div class=\"elementor-widget-wrap elementor-element-populated\">\n\t\t\t\t\t\t<div class=\"elementor-element elementor-element-a59a971 bildeboks elementor-widget elementor-widget-image\" data-id=\"a59a971\" data-element_type=\"widget\" data-e-type=\"widget\" data-widget_type=\"image.default\">\n\t\t\t\t<div class=\"elementor-widget-container\">\n\t\t\t\t\t\t\t\t\t\t\t\t\t\t\t\t<a href=\"\/sv\/vare-produkter\/fugesystemer\/gummifuger\/\">\n\t\t\t\t\t\t\t<img loading=\"lazy\" decoding=\"async\" width=\"720\" height=\"405\" src=\"https:\/\/spennteknikk.no\/wp-content\/uploads\/2023\/11\/GME-VA-ACME-Series.webp\" class=\"attachment-large size-large wp-image-1145\" alt=\"\" srcset=\"https:\/\/spennteknikk.no\/wp-content\/uploads\/2023\/11\/GME-VA-ACME-Series.webp 720w, https:\/\/spennteknikk.no\/wp-content\/uploads\/2023\/11\/GME-VA-ACME-Series-300x169.webp 300w\" sizes=\"(max-width: 720px) 100vw, 720px\" \/>\t\t\t\t\t\t\t\t<\/a>\n\t\t\t\t\t\t\t\t\t\t\t\t\t\t\t<\/div>\n\t\t\t\t<\/div>\n\t\t\t\t<div class=\"elementor-element elementor-element-49b019c elementor-widget elementor-widget-text-editor\" data-id=\"49b019c\" data-element_type=\"widget\" data-e-type=\"widget\" data-widget_type=\"text-editor.default\">\n\t\t\t\t<div class=\"elementor-widget-container\">\n\t\t\t\t\t\t\t\t\t<p><a href=\"\/sv\/vare-produkter\/fugesystemer\/gummifuger\/\">GUMMIFOGAR<\/a><\/p>\t\t\t\t\t\t\t\t<\/div>\n\t\t\t\t<\/div>\n\t\t\t\t\t<\/div>\n\t\t<\/div>\n\t\t\t\t<div class=\"elementor-column elementor-col-33 elementor-top-column elementor-element elementor-element-f043c23\" data-id=\"f043c23\" data-element_type=\"column\" data-e-type=\"column\">\n\t\t\t<div class=\"elementor-widget-wrap elementor-element-populated\">\n\t\t\t\t\t\t<div class=\"elementor-element elementor-element-b64a801 bildeboks elementor-widget elementor-widget-image\" data-id=\"b64a801\" data-element_type=\"widget\" data-e-type=\"widget\" data-widget_type=\"image.default\">\n\t\t\t\t<div class=\"elementor-widget-container\">\n\t\t\t\t\t\t\t\t\t\t\t\t\t\t\t\t<a href=\"\/sv\/vare-produkter\/fugesystemer\/stopefuger\/\">\n\t\t\t\t\t\t\t<img loading=\"lazy\" decoding=\"async\" width=\"699\" height=\"499\" src=\"https:\/\/spennteknikk.no\/wp-content\/uploads\/2023\/11\/POLYFLEX-ADVANCED-PU-mainimg.jpg\" class=\"attachment-large size-large wp-image-818\" alt=\"\" srcset=\"https:\/\/spennteknikk.no\/wp-content\/uploads\/2023\/11\/POLYFLEX-ADVANCED-PU-mainimg.jpg 699w, https:\/\/spennteknikk.no\/wp-content\/uploads\/2023\/11\/POLYFLEX-ADVANCED-PU-mainimg-300x214.jpg 300w\" sizes=\"(max-width: 699px) 100vw, 699px\" \/>\t\t\t\t\t\t\t\t<\/a>\n\t\t\t\t\t\t\t\t\t\t\t\t\t\t\t<\/div>\n\t\t\t\t<\/div>\n\t\t\t\t<div class=\"elementor-element elementor-element-f47fcf6 elementor-widget elementor-widget-text-editor\" data-id=\"f47fcf6\" data-element_type=\"widget\" data-e-type=\"widget\" data-widget_type=\"text-editor.default\">\n\t\t\t\t<div class=\"elementor-widget-container\">\n\t\t\t\t\t\t\t\t\t<p><a href=\"\/sv\/vare-produkter\/fugesystemer\/stopefuger\/\">GJUTBARA FOGAR<\/a><\/p>\t\t\t\t\t\t\t\t<\/div>\n\t\t\t\t<\/div>\n\t\t\t\t\t<\/div>\n\t\t<\/div>\n\t\t\t\t\t<\/div>\n\t\t<\/section>\n\t\t\t\t<\/div>","protected":false},"excerpt":{"rendered":"<p>Fuger Vi leverer overgangskonstruksjoner til bruer, bygg og anlegg der man har behov for \u00e5 ta opp bevegelse mellom konstruksjonselementene. LAMELLFUGER SPALTEFUGER FINGERFUGER MATTEFUGER GUMMIFUGER ST\u00d8PEFUGER<\/p>","protected":false},"author":1,"featured_media":0,"parent":247,"menu_order":0,"comment_status":"closed","ping_status":"closed","template":"","meta":{"footnotes":""},"class_list":["post-508","page","type-page","status-publish","hentry"],"_links":{"self":[{"href":"https:\/\/spennteknikk.no\/sv\/wp-json\/wp\/v2\/pages\/508","targetHints":{"allow":["GET"]}}],"collection":[{"href":"https:\/\/spennteknikk.no\/sv\/wp-json\/wp\/v2\/pages"}],"about":[{"href":"https:\/\/spennteknikk.no\/sv\/wp-json\/wp\/v2\/types\/page"}],"author":[{"embeddable":true,"href":"https:\/\/spennteknikk.no\/sv\/wp-json\/wp\/v2\/users\/1"}],"replies":[{"embeddable":true,"href":"https:\/\/spennteknikk.no\/sv\/wp-json\/wp\/v2\/comments?post=508"}],"version-history":[{"count":5,"href":"https:\/\/spennteknikk.no\/sv\/wp-json\/wp\/v2\/pages\/508\/revisions"}],"predecessor-version":[{"id":1152,"href":"https:\/\/spennteknikk.no\/sv\/wp-json\/wp\/v2\/pages\/508\/revisions\/1152"}],"up":[{"embeddable":true,"href":"https:\/\/spennteknikk.no\/sv\/wp-json\/wp\/v2\/pages\/247"}],"wp:attachment":[{"href":"https:\/\/spennteknikk.no\/sv\/wp-json\/wp\/v2\/media?parent=508"}],"curies":[{"name":"wp","href":"https:\/\/api.w.org\/{rel}","templated":true}]}}