{"id":491,"date":"2023-10-10T13:19:48","date_gmt":"2023-10-10T13:19:48","guid":{"rendered":"https:\/\/spennteknikk.no\/?page_id=491"},"modified":"2024-10-10T09:52:52","modified_gmt":"2024-10-10T09:52:52","slug":"dywidrill","status":"publish","type":"page","link":"https:\/\/spennteknikk.no\/sv\/vare-produkter\/geoteknikk\/dywidrill\/","title":{"rendered":"DywiDrill"},"content":{"rendered":"<div data-elementor-type=\"wp-page\" data-elementor-id=\"491\" class=\"elementor elementor-491\" data-elementor-post-type=\"page\">\n\t\t\t\t\t\t<section class=\"elementor-section elementor-top-section elementor-element elementor-element-b1afc8c elementor-section-boxed elementor-section-height-default elementor-section-height-default\" data-id=\"b1afc8c\" data-element_type=\"section\" data-e-type=\"section\">\n\t\t\t\t\t\t<div class=\"elementor-container elementor-column-gap-default\">\n\t\t\t\t\t<div class=\"elementor-column elementor-col-100 elementor-top-column elementor-element elementor-element-09f8b55\" data-id=\"09f8b55\" data-element_type=\"column\" data-e-type=\"column\">\n\t\t\t<div class=\"elementor-widget-wrap elementor-element-populated\">\n\t\t\t\t\t\t<div class=\"elementor-element elementor-element-542747d elementor-widget elementor-widget-heading\" data-id=\"542747d\" data-element_type=\"widget\" data-e-type=\"widget\" data-widget_type=\"heading.default\">\n\t\t\t\t<div class=\"elementor-widget-container\">\n\t\t\t\t\t<h1 class=\"elementor-heading-title elementor-size-default\">Selvborende ankere <\/h1>\t\t\t\t<\/div>\n\t\t\t\t<\/div>\n\t\t\t\t<section class=\"elementor-section elementor-inner-section elementor-element elementor-element-5321a4e elementor-section-boxed elementor-section-height-default elementor-section-height-default\" data-id=\"5321a4e\" data-element_type=\"section\" data-e-type=\"section\">\n\t\t\t\t\t\t<div class=\"elementor-container elementor-column-gap-default\">\n\t\t\t\t\t<div class=\"elementor-column elementor-col-50 elementor-inner-column elementor-element elementor-element-4985632\" data-id=\"4985632\" data-element_type=\"column\" data-e-type=\"column\">\n\t\t\t<div class=\"elementor-widget-wrap elementor-element-populated\">\n\t\t\t\t\t\t<div class=\"elementor-element elementor-element-1d75d08 elementor-widget elementor-widget-text-editor\" data-id=\"1d75d08\" data-element_type=\"widget\" data-e-type=\"widget\" data-widget_type=\"text-editor.default\">\n\t\t\t\t<div class=\"elementor-widget-container\">\n\t\t\t\t\t\t\t\t\t<p>Sj\u00e4lvborrande ankare, DSI Hollowbars, DYWI \u00ae Drill.<br \/>Selvborende ankere kan brukes til jordspikere, bergbolter, mikropeler og mye annet. De brukes i tunnel- og gruvedrift, samt i spuntvegger og jordskj\u00e6ringer.<\/p><ul><li>Pelarfundament<\/li><li>Reglering av flytkraft<\/li><li>Stabilisering av sluttningar och vallar<\/li><li>St\u00f6dmurar och armering av byggropar<\/li><li>F\u00f6rankring av skydd mot sn\u00f6skred och bullerskydd<\/li><li>Injektionsarbeten<\/li><\/ul>\t\t\t\t\t\t\t\t<\/div>\n\t\t\t\t<\/div>\n\t\t\t\t\t<\/div>\n\t\t<\/div>\n\t\t\t\t<div class=\"elementor-column elementor-col-50 elementor-inner-column elementor-element elementor-element-f68b4ef\" data-id=\"f68b4ef\" data-element_type=\"column\" data-e-type=\"column\">\n\t\t\t<div class=\"elementor-widget-wrap elementor-element-populated\">\n\t\t\t\t\t\t<div class=\"elementor-element elementor-element-d0745f6 elementor-widget elementor-widget-image\" data-id=\"d0745f6\" data-element_type=\"widget\" data-e-type=\"widget\" data-widget_type=\"image.default\">\n\t\t\t\t<div class=\"elementor-widget-container\">\n\t\t\t\t\t\t\t\t\t\t\t\t\t\t\t<img fetchpriority=\"high\" decoding=\"async\" width=\"800\" height=\"600\" src=\"https:\/\/spennteknikk.no\/wp-content\/uploads\/2023\/11\/dywidrill-nettside.jpg\" class=\"attachment-large size-large wp-image-1034\" alt=\"\" srcset=\"https:\/\/spennteknikk.no\/wp-content\/uploads\/2023\/11\/dywidrill-nettside.jpg 800w, https:\/\/spennteknikk.no\/wp-content\/uploads\/2023\/11\/dywidrill-nettside-300x225.jpg 300w, https:\/\/spennteknikk.no\/wp-content\/uploads\/2023\/11\/dywidrill-nettside-768x576.jpg 768w\" sizes=\"(max-width: 800px) 100vw, 800px\" \/>\t\t\t\t\t\t\t\t\t\t\t\t\t\t\t<\/div>\n\t\t\t\t<\/div>\n\t\t\t\t\t<\/div>\n\t\t<\/div>\n\t\t\t\t\t<\/div>\n\t\t<\/section>\n\t\t\t\t\t<\/div>\n\t\t<\/div>\n\t\t\t\t\t<\/div>\n\t\t<\/section>\n\t\t\t\t<section class=\"elementor-section elementor-top-section elementor-element elementor-element-b29d375 elementor-section-boxed elementor-section-height-default elementor-section-height-default\" data-id=\"b29d375\" data-element_type=\"section\" data-e-type=\"section\">\n\t\t\t\t\t\t<div class=\"elementor-container elementor-column-gap-default\">\n\t\t\t\t\t<div class=\"elementor-column elementor-col-100 elementor-top-column elementor-element elementor-element-f077908\" data-id=\"f077908\" data-element_type=\"column\" data-e-type=\"column\">\n\t\t\t<div class=\"elementor-widget-wrap elementor-element-populated\">\n\t\t\t\t\t\t<div class=\"elementor-element elementor-element-81c9c78 elementor-widget-divider--view-line elementor-widget elementor-widget-divider\" data-id=\"81c9c78\" data-element_type=\"widget\" data-e-type=\"widget\" data-widget_type=\"divider.default\">\n\t\t\t\t<div class=\"elementor-widget-container\">\n\t\t\t\t\t\t\t<div class=\"elementor-divider\">\n\t\t\t<span class=\"elementor-divider-separator\">\n\t\t\t\t\t\t<\/span>\n\t\t<\/div>\n\t\t\t\t\t\t<\/div>\n\t\t\t\t<\/div>\n\t\t\t\t<div class=\"elementor-element elementor-element-f2b9090 elementor-widget elementor-widget-heading\" data-id=\"f2b9090\" data-element_type=\"widget\" data-e-type=\"widget\" data-widget_type=\"heading.default\">\n\t\t\t\t<div class=\"elementor-widget-container\">\n\t\t\t\t\t<h2 class=\"elementor-heading-title elementor-size-default\">Ladda ner<\/h2>\t\t\t\t<\/div>\n\t\t\t\t<\/div>\n\t\t\t\t<div class=\"elementor-element elementor-element-02b170e elementor-widget elementor-widget-shortcode\" data-id=\"02b170e\" data-element_type=\"widget\" data-e-type=\"widget\" data-widget_type=\"shortcode.default\">\n\t\t\t\t<div class=\"elementor-widget-container\">\n\t\t\t\t\t\t\t<div class=\"elementor-shortcode\"><div id=\"dlp_grid_10f965e0dae56044_1\" class=\"dlp-grid-container\"><header class=\"dlp-grid-header dlp-grid-above dlp-grid-controls\"><\/header><div class=\"dlp-grid-documents grid-autosize\"><div class=\"dlp-grid-card dlp-document-873\"><div class=\"dlp-grid-card-inner\">\n<div class=\"dlp-grid-card-featured-img\">\n\n\t<a href=\"https:\/\/spennteknikk.no\/wp-content\/uploads\/2023\/11\/Geotekniske-produkter-Katalog.png\"><img decoding=\"async\" width=\"713\" height=\"1024\" src=\"https:\/\/spennteknikk.no\/wp-content\/uploads\/2023\/11\/Geotekniske-produkter-Katalog-713x1024.png\" class=\"\" alt=\"Geotekniske produkter - Katalog\" title=\"Geotekniske produkter - Katalog\" sizes=\"(max-width: 530px) 713px, 209px\" srcset=\"https:\/\/spennteknikk.no\/wp-content\/uploads\/2023\/11\/Geotekniske-produkter-Katalog-713x1024.png 713w, https:\/\/spennteknikk.no\/wp-content\/uploads\/2023\/11\/Geotekniske-produkter-Katalog-209x300.png 209w\" data-caption=\"Geotekniske produkter - Katalog\" data-src=\"https:\/\/spennteknikk.no\/wp-content\/uploads\/2023\/11\/Geotekniske-produkter-Katalog.png\" data-large_image=\"https:\/\/spennteknikk.no\/wp-content\/uploads\/2023\/11\/Geotekniske-produkter-Katalog.png\" data-large_image_width=\"905\" data-large_image_height=\"1300\" \/><\/a>\n<\/div>\n<div class=\"dlp-grid-card-content\"><div class=\"dlp-grid-card-info\"><div class=\"dlp-grid-card-file-info\">\n\t<div class=\"dlp-grid-card-file-type\">\n\t\tpdf\t<\/div>\n\n\n\t<div class=\"dlp-grid-card-file-size\">\n\t\t6 MB\t<\/div>\n\n\n\t<div class=\"dlp-grid-card-download-count\">\n\t\t<div class=\"dlp-icon download download-count-icon\"><svg xmlns=\"http:\/\/www.w3.org\/2000\/svg\" viewbox=\"0 0 512 512\" aria-label=\"Ladda ner\"><path fill=\"currentColor\" d=\"M216 0h80c13.3 0 24 10.7 24 24v168h87.7c17.8 0 26.7 21.5 14.1 34.1L269.7 378.3c-7.5 7.5-19.8 7.5-27.3 0L90.1 226.1c-12.6-12.6-3.7-34.1 14.1-34.1H192V24c0-13.3 10.7-24 24-24zm296 376v112c0 13.3-10.7 24-24 24H24c-13.3 0-24-10.7-24-24V376c0-13.3 10.7-24 24-24h146.7l49 49c20.1 20.1 52.5 20.1 72.6 0l49-49H488c13.3 0 24 10.7 24 24zm-124 88c0-11-9-20-20-20s-20 9-20 20 9 20 20 20 20-9 20-20zm64 0c0-11-9-20-20-20s-20 9-20 20 9 20 20 20 20-9 20-20z\"><\/path><\/svg><\/div>374\t<\/div>\n\n<\/div><\/div>\n<div class=\"dlp-grid-card-title\">\n\n\t<a href=\"https:\/\/spennteknikk.no\/sv\/document\/873\/\" >Geotekniske produkter &#8211; Katalog<\/a>\n<\/div>\n\n<div class=\"dlp-grid-card-document-link-wrap\">\n\n\t<a href=\"https:\/\/spennteknikk.no\/wp-content\/uploads\/2023\/11\/Geotekniske-produkter-Katalog.pdf\" class=\"dlp-download-link dlp-download-button document-library-pro-button button btn\" data-download-id=\"873\"  download=\"Geotekniske-produkter-Katalog.pdf\" type=\"application\/pdf\">ladda ner<\/a><a href=\"javascript:void(0)\" class=\"dlp-preview-button document-library-pro-button button btn\" data-download-url=\"https:\/\/spennteknikk.no\/wp-content\/uploads\/2023\/11\/Geotekniske-produkter-Katalog.pdf\" data-download-type=\"application\/pdf\" data-title=\"Geotekniske produkter &#8211; Katalog\" data-view=\"grid\" data-download-id=\"873\">f\u00f6rhandsvisning<\/a>\n<\/div>\n<\/div><\/div><\/div><div class=\"dlp-grid-card dlp-document-dywi-drill-hollow-bar-system\"><div class=\"dlp-grid-card-inner\">\n<div class=\"dlp-grid-card-featured-img\">\n\n\t<a href=\"https:\/\/spennteknikk.no\/wp-content\/uploads\/2023\/10\/DSI_ALWAG-Systems_DYWI_Drill_Hollow_Bar_System.png\"><img decoding=\"async\" width=\"713\" height=\"1024\" src=\"https:\/\/spennteknikk.no\/wp-content\/uploads\/2023\/10\/DSI_ALWAG-Systems_DYWI_Drill_Hollow_Bar_System-713x1024.png\" class=\"\" alt=\"DYWI\u00ae Drill Hollow Bar System\" title=\"DSI_ALWAG-Systems_DYWI_Drill_Hollow_Bar_System\" sizes=\"(max-width: 530px) 713px, 209px\" srcset=\"https:\/\/spennteknikk.no\/wp-content\/uploads\/2023\/10\/DSI_ALWAG-Systems_DYWI_Drill_Hollow_Bar_System-713x1024.png 713w, https:\/\/spennteknikk.no\/wp-content\/uploads\/2023\/10\/DSI_ALWAG-Systems_DYWI_Drill_Hollow_Bar_System-209x300.png 209w\" data-caption=\"DYWI\u00ae Drill Hollow Bar System\" data-src=\"https:\/\/spennteknikk.no\/wp-content\/uploads\/2023\/10\/DSI_ALWAG-Systems_DYWI_Drill_Hollow_Bar_System.png\" data-large_image=\"https:\/\/spennteknikk.no\/wp-content\/uploads\/2023\/10\/DSI_ALWAG-Systems_DYWI_Drill_Hollow_Bar_System.png\" data-large_image_width=\"905\" data-large_image_height=\"1300\" \/><\/a>\n<\/div>\n<div class=\"dlp-grid-card-content\"><div class=\"dlp-grid-card-info\"><div class=\"dlp-grid-card-file-info\">\n\t<div class=\"dlp-grid-card-file-type\">\n\t\tpdf\t<\/div>\n\n\n\t<div class=\"dlp-grid-card-file-size\">\n\t\t3 MB\t<\/div>\n\n\n\t<div class=\"dlp-grid-card-download-count\">\n\t\t<div class=\"dlp-icon download download-count-icon\"><svg xmlns=\"http:\/\/www.w3.org\/2000\/svg\" viewbox=\"0 0 512 512\" aria-label=\"Ladda ner\"><path fill=\"currentColor\" d=\"M216 0h80c13.3 0 24 10.7 24 24v168h87.7c17.8 0 26.7 21.5 14.1 34.1L269.7 378.3c-7.5 7.5-19.8 7.5-27.3 0L90.1 226.1c-12.6-12.6-3.7-34.1 14.1-34.1H192V24c0-13.3 10.7-24 24-24zm296 376v112c0 13.3-10.7 24-24 24H24c-13.3 0-24-10.7-24-24V376c0-13.3 10.7-24 24-24h146.7l49 49c20.1 20.1 52.5 20.1 72.6 0l49-49H488c13.3 0 24 10.7 24 24zm-124 88c0-11-9-20-20-20s-20 9-20 20 9 20 20 20 20-9 20-20zm64 0c0-11-9-20-20-20s-20 9-20 20 9 20 20 20 20-9 20-20z\"><\/path><\/svg><\/div>46\t<\/div>\n\n<\/div><\/div>\n<div class=\"dlp-grid-card-title\">\n\n\t<a href=\"https:\/\/spennteknikk.no\/sv\/document\/dywi-drill-hollow-bar-system\/\" >DYWI\u00ae Drill Hollow Bar System<\/a>\n<\/div>\n\n<div class=\"dlp-grid-card-document-link-wrap\">\n\n\t<a href=\"https:\/\/spennteknikk.no\/wp-content\/uploads\/2023\/10\/DSI_ALWAG-Systems_DYWI_Drill_Hollow_Bar_System.pdf\" class=\"dlp-download-link dlp-download-button document-library-pro-button button btn\" data-download-id=\"622\"  download=\"DSI_ALWAG-Systems_DYWI_Drill_Hollow_Bar_System.pdf\" type=\"application\/pdf\">ladda ner<\/a><a href=\"javascript:void(0)\" class=\"dlp-preview-button document-library-pro-button button btn\" data-download-url=\"https:\/\/spennteknikk.no\/wp-content\/uploads\/2023\/10\/DSI_ALWAG-Systems_DYWI_Drill_Hollow_Bar_System.pdf\" data-download-type=\"application\/pdf\" data-title=\"DYWI\u00ae Drill Hollow Bar System\" data-view=\"grid\" data-download-id=\"622\">f\u00f6rhandsvisning<\/a>\n<\/div>\n<\/div><\/div><\/div><div class=\"dlp-grid-card dlp-document-dywi-drill-hollow-bar-system-2\"><div class=\"dlp-grid-card-inner\">\n<div class=\"dlp-grid-card-featured-img\">\n\n\t<a href=\"https:\/\/spennteknikk.no\/wp-content\/uploads\/2023\/10\/DSI_DYWI-Drill-Hollow-Bar-System_en.png\"><img loading=\"lazy\" decoding=\"async\" width=\"713\" height=\"1024\" src=\"https:\/\/spennteknikk.no\/wp-content\/uploads\/2023\/10\/DSI_DYWI-Drill-Hollow-Bar-System_en-713x1024.png\" class=\"\" alt=\"DYWI\u00ae Drill Hollow Bar System\" title=\"DSI_DYWI-Drill-Hollow-Bar-System_en\" sizes=\"(max-width: 530px) 713px, 209px\" srcset=\"https:\/\/spennteknikk.no\/wp-content\/uploads\/2023\/10\/DSI_DYWI-Drill-Hollow-Bar-System_en-713x1024.png 713w, https:\/\/spennteknikk.no\/wp-content\/uploads\/2023\/10\/DSI_DYWI-Drill-Hollow-Bar-System_en-209x300.png 209w\" data-caption=\"DYWI\u00ae Drill Hollow Bar System\" data-src=\"https:\/\/spennteknikk.no\/wp-content\/uploads\/2023\/10\/DSI_DYWI-Drill-Hollow-Bar-System_en.png\" data-large_image=\"https:\/\/spennteknikk.no\/wp-content\/uploads\/2023\/10\/DSI_DYWI-Drill-Hollow-Bar-System_en.png\" data-large_image_width=\"905\" data-large_image_height=\"1300\" \/><\/a>\n<\/div>\n<div class=\"dlp-grid-card-content\"><div class=\"dlp-grid-card-info\"><div class=\"dlp-grid-card-file-info\">\n\t<div class=\"dlp-grid-card-file-type\">\n\t\tpdf\t<\/div>\n\n\n\t<div class=\"dlp-grid-card-file-size\">\n\t\t6 MB\t<\/div>\n\n\n\t<div class=\"dlp-grid-card-download-count\">\n\t\t<div class=\"dlp-icon download download-count-icon\"><svg xmlns=\"http:\/\/www.w3.org\/2000\/svg\" viewbox=\"0 0 512 512\" aria-label=\"Ladda ner\"><path fill=\"currentColor\" d=\"M216 0h80c13.3 0 24 10.7 24 24v168h87.7c17.8 0 26.7 21.5 14.1 34.1L269.7 378.3c-7.5 7.5-19.8 7.5-27.3 0L90.1 226.1c-12.6-12.6-3.7-34.1 14.1-34.1H192V24c0-13.3 10.7-24 24-24zm296 376v112c0 13.3-10.7 24-24 24H24c-13.3 0-24-10.7-24-24V376c0-13.3 10.7-24 24-24h146.7l49 49c20.1 20.1 52.5 20.1 72.6 0l49-49H488c13.3 0 24 10.7 24 24zm-124 88c0-11-9-20-20-20s-20 9-20 20 9 20 20 20 20-9 20-20zm64 0c0-11-9-20-20-20s-20 9-20 20 9 20 20 20 20-9 20-20z\"><\/path><\/svg><\/div>51\t<\/div>\n\n<\/div><\/div>\n<div class=\"dlp-grid-card-title\">\n\n\t<a href=\"https:\/\/spennteknikk.no\/sv\/document\/dywi-drill-hollow-bar-system-2\/\" >DYWI\u00ae Drill Hollow Bar System<\/a>\n<\/div>\n\n<div class=\"dlp-grid-card-document-link-wrap\">\n\n\t<a href=\"https:\/\/spennteknikk.no\/wp-content\/uploads\/2023\/10\/DSI_DYWI-Drill-Hollow-Bar-System_en.pdf\" class=\"dlp-download-link dlp-download-button document-library-pro-button button btn\" data-download-id=\"629\"  download=\"DSI_DYWI-Drill-Hollow-Bar-System_en.pdf\" type=\"application\/pdf\">ladda ner<\/a><a href=\"javascript:void(0)\" class=\"dlp-preview-button document-library-pro-button button btn\" data-download-url=\"https:\/\/spennteknikk.no\/wp-content\/uploads\/2023\/10\/DSI_DYWI-Drill-Hollow-Bar-System_en.pdf\" data-download-type=\"application\/pdf\" data-title=\"DYWI\u00ae Drill Hollow Bar System\" data-view=\"grid\" data-download-id=\"629\">f\u00f6rhandsvisning<\/a>\n<\/div>\n<\/div><\/div><\/div><\/div><footer class=\"dlp-grid-footer dlp-grid-below dlp-grid-controls\"><div class=\"dlp-grid-length\"><label>Visa <select><option value=\"10\">10<\/option><option value=\"25\" selected='selected'>25<\/option><option value=\"50\">50<\/option><option value=\"100\">100<\/option><\/select> per sida<\/label><\/div><div class=\"dlp-grid-totals\">3 dokument<\/div><div class=\"dlp-grid-pagination\"><\/div><\/footer><\/div>\t\t<div id=\"modal_dlp_grid_10f965e0dae56044_1\" class=\"dlp-preview-modal\" aria-hidden=\"true\">\n\t\t\t<div class=\"dlp-preview-modal-overlay\" tabindex=\"-1\" data-dlp-preview-close=\"#modal_dlp_grid_10f965e0dae56044_1\">\n\t\t\t\t<a class=\"dlp-preview-modal-close\" data-dlp-preview-close=\"#modal_dlp_grid_10f965e0dae56044_1\">\n\t\t\t\t\t<div class=\"dlp-icon close\"><svg xmlns=\"http:\/\/www.w3.org\/2000\/svg\" viewbox=\"0 0 24 24\" aria-label=\"Close\"><path fill=\"currentColor\" d=\"M19 6.41L17.59 5 12 10.59 6.41 5 5 6.41 10.59 12 5 17.59 6.41 19 12 13.41 17.59 19 19 17.59 13.41 12z\" \/><path d=\"M0 0h24v24H0z\" fill=\"none\" \/><\/svg><\/div>\t\t\t\t<\/a>\n\n\t\t\t\t<div class=\"dlp-preview-modal-container\" role=\"dialog\" aria-modal=\"true\" aria-labelledby=\"dlp-preview-modal-title\">\n\t\t\t\t\t<main class=\"dlp-preview-modal-content\"><\/main>\n\t\t\t\t\t<footer class=\"dlp-preview-modal-footer\"><\/footer>\n\t\t\t\t<\/div>\n\t\t\t<\/div>\n\t\t<\/div>\n\t\t<\/div>\n\t\t\t\t\t\t<\/div>\n\t\t\t\t<\/div>\n\t\t\t\t\t<\/div>\n\t\t<\/div>\n\t\t\t\t\t<\/div>\n\t\t<\/section>\n\t\t\t\t<\/div>","protected":false},"excerpt":{"rendered":"<p>Selvborende ankere Selvborende ankere, DSI Hollowbars, DYWI\u00ae Drill.Selvborende ankere kan brukes til jordspikere, bergbolter, mikropeler og mye annet. De brukes i tunnel- og gruvedrift, samt i spuntvegger og jordskj\u00e6ringer. Pelefundament Oppdriftskontroll Stabilisering av skr\u00e5ninger og voller Armering av byggegroper og st\u00f8ttemurer Forankring av skredvernstrukturer og st\u00f8ybarrierer Injeksjonsarbeider Nedlasting<\/p>","protected":false},"author":1,"featured_media":0,"parent":475,"menu_order":0,"comment_status":"closed","ping_status":"closed","template":"","meta":{"footnotes":""},"class_list":["post-491","page","type-page","status-publish","hentry"],"_links":{"self":[{"href":"https:\/\/spennteknikk.no\/sv\/wp-json\/wp\/v2\/pages\/491","targetHints":{"allow":["GET"]}}],"collection":[{"href":"https:\/\/spennteknikk.no\/sv\/wp-json\/wp\/v2\/pages"}],"about":[{"href":"https:\/\/spennteknikk.no\/sv\/wp-json\/wp\/v2\/types\/page"}],"author":[{"embeddable":true,"href":"https:\/\/spennteknikk.no\/sv\/wp-json\/wp\/v2\/users\/1"}],"replies":[{"embeddable":true,"href":"https:\/\/spennteknikk.no\/sv\/wp-json\/wp\/v2\/comments?post=491"}],"version-history":[{"count":5,"href":"https:\/\/spennteknikk.no\/sv\/wp-json\/wp\/v2\/pages\/491\/revisions"}],"predecessor-version":[{"id":1856,"href":"https:\/\/spennteknikk.no\/sv\/wp-json\/wp\/v2\/pages\/491\/revisions\/1856"}],"up":[{"embeddable":true,"href":"https:\/\/spennteknikk.no\/sv\/wp-json\/wp\/v2\/pages\/475"}],"wp:attachment":[{"href":"https:\/\/spennteknikk.no\/sv\/wp-json\/wp\/v2\/media?parent=491"}],"curies":[{"name":"wp","href":"https:\/\/api.w.org\/{rel}","templated":true}]}}