{"id":448,"date":"2023-10-10T13:11:56","date_gmt":"2023-10-10T13:11:56","guid":{"rendered":"https:\/\/spennteknikk.no\/?page_id=448"},"modified":"2024-02-22T21:30:47","modified_gmt":"2024-02-22T21:30:47","slug":"skrastag","status":"publish","type":"page","link":"https:\/\/spennteknikk.no\/sv\/vare-produkter\/spennarmering\/skrastag\/","title":{"rendered":"Stay cable\/snedstagkablar"},"content":{"rendered":"<div data-elementor-type=\"wp-page\" data-elementor-id=\"448\" class=\"elementor elementor-448\" data-elementor-post-type=\"page\">\n\t\t\t\t\t\t<section class=\"elementor-section elementor-top-section elementor-element elementor-element-b29d375 elementor-section-boxed elementor-section-height-default elementor-section-height-default\" data-id=\"b29d375\" data-element_type=\"section\" data-e-type=\"section\">\n\t\t\t\t\t\t<div class=\"elementor-container elementor-column-gap-default\">\n\t\t\t\t\t<div class=\"elementor-column elementor-col-100 elementor-top-column elementor-element elementor-element-f077908\" data-id=\"f077908\" data-element_type=\"column\" data-e-type=\"column\">\n\t\t\t<div class=\"elementor-widget-wrap elementor-element-populated\">\n\t\t\t\t\t\t<div class=\"elementor-element elementor-element-542747d elementor-widget elementor-widget-heading\" data-id=\"542747d\" data-element_type=\"widget\" data-e-type=\"widget\" data-widget_type=\"heading.default\">\n\t\t\t\t<div class=\"elementor-widget-container\">\n\t\t\t\t\t<h1 class=\"elementor-heading-title elementor-size-default\">Stay cable\/snedstagkablar<\/h1>\t\t\t\t<\/div>\n\t\t\t\t<\/div>\n\t\t\t\t<section class=\"elementor-section elementor-inner-section elementor-element elementor-element-bbe17fe elementor-section-boxed elementor-section-height-default elementor-section-height-default\" data-id=\"bbe17fe\" data-element_type=\"section\" data-e-type=\"section\">\n\t\t\t\t\t\t<div class=\"elementor-container elementor-column-gap-default\">\n\t\t\t\t\t<div class=\"elementor-column elementor-col-50 elementor-inner-column elementor-element elementor-element-5a63e5a\" data-id=\"5a63e5a\" data-element_type=\"column\" data-e-type=\"column\">\n\t\t\t<div class=\"elementor-widget-wrap elementor-element-populated\">\n\t\t\t\t\t\t<div class=\"elementor-element elementor-element-1d75d08 elementor-widget elementor-widget-text-editor\" data-id=\"1d75d08\" data-element_type=\"widget\" data-e-type=\"widget\" data-widget_type=\"text-editor.default\">\n\t\t\t\t<div class=\"elementor-widget-container\">\n\t\t\t\t\t\t\t\t\t<p><strong>Snedstagsystem<\/strong><br \/>Vi kan i samarbete med Dywidag Systems erbjuda det senaste inom stay cable-tekniken DYNA\u00ae.<\/p><p>Med anv\u00e4ndning av DYNA\u00ae, finns det \u00e4ven m\u00f6jlighet att installera ett system f\u00f6r \u00f6vervakning av kablar \u2013 DYNA Watch, vilket \u00e4r ett \u00f6vervakningssystem utvecklat av DSI som kan m\u00e4ta tillst\u00e5ndet hos enskilda linor i sneda stag.<\/p><p><br \/><strong>Godk\u00e4nnanden<\/strong><\/p><p>\u2022 Tyskt godk\u00e4nnande Z-14.7-759<\/p>\t\t\t\t\t\t\t\t<\/div>\n\t\t\t\t<\/div>\n\t\t\t\t\t<\/div>\n\t\t<\/div>\n\t\t\t\t<div class=\"elementor-column elementor-col-50 elementor-inner-column elementor-element elementor-element-3cbc53c\" data-id=\"3cbc53c\" data-element_type=\"column\" data-e-type=\"column\">\n\t\t\t<div class=\"elementor-widget-wrap elementor-element-populated\">\n\t\t\t\t\t\t<div class=\"elementor-element elementor-element-7722b38 elementor-widget elementor-widget-image\" data-id=\"7722b38\" data-element_type=\"widget\" data-e-type=\"widget\" data-widget_type=\"image.default\">\n\t\t\t\t<div class=\"elementor-widget-container\">\n\t\t\t\t\t\t\t\t\t\t\t\t\t\t\t<img fetchpriority=\"high\" decoding=\"async\" width=\"466\" height=\"305\" src=\"https:\/\/spennteknikk.no\/wp-content\/uploads\/2023\/10\/image-asset-1.png\" class=\"attachment-large size-large wp-image-573\" alt=\"\" srcset=\"https:\/\/spennteknikk.no\/wp-content\/uploads\/2023\/10\/image-asset-1.png 466w, https:\/\/spennteknikk.no\/wp-content\/uploads\/2023\/10\/image-asset-1-300x196.png 300w\" sizes=\"(max-width: 466px) 100vw, 466px\" \/>\t\t\t\t\t\t\t\t\t\t\t\t\t\t\t<\/div>\n\t\t\t\t<\/div>\n\t\t\t\t\t<\/div>\n\t\t<\/div>\n\t\t\t\t\t<\/div>\n\t\t<\/section>\n\t\t\t\t<div class=\"elementor-element elementor-element-81c9c78 elementor-widget-divider--view-line elementor-widget elementor-widget-divider\" data-id=\"81c9c78\" data-element_type=\"widget\" data-e-type=\"widget\" data-widget_type=\"divider.default\">\n\t\t\t\t<div class=\"elementor-widget-container\">\n\t\t\t\t\t\t\t<div class=\"elementor-divider\">\n\t\t\t<span class=\"elementor-divider-separator\">\n\t\t\t\t\t\t<\/span>\n\t\t<\/div>\n\t\t\t\t\t\t<\/div>\n\t\t\t\t<\/div>\n\t\t\t\t<div class=\"elementor-element elementor-element-f2b9090 elementor-widget elementor-widget-heading\" data-id=\"f2b9090\" data-element_type=\"widget\" data-e-type=\"widget\" data-widget_type=\"heading.default\">\n\t\t\t\t<div class=\"elementor-widget-container\">\n\t\t\t\t\t<h2 class=\"elementor-heading-title elementor-size-default\">Ladda ner<\/h2>\t\t\t\t<\/div>\n\t\t\t\t<\/div>\n\t\t\t\t<div class=\"elementor-element elementor-element-02b170e elementor-widget elementor-widget-shortcode\" data-id=\"02b170e\" data-element_type=\"widget\" data-e-type=\"widget\" data-widget_type=\"shortcode.default\">\n\t\t\t\t<div class=\"elementor-widget-container\">\n\t\t\t\t\t\t\t<div class=\"elementor-shortcode\"><div id=\"dlp_grid_b46c021ae93b97ad_1\" class=\"dlp-grid-container\"><header class=\"dlp-grid-header dlp-grid-above dlp-grid-controls\"><\/header><div class=\"dlp-grid-documents grid-autosize\"><div class=\"dlp-grid-card dlp-document-multistrand-system\"><div class=\"dlp-grid-card-inner\">\n<div class=\"dlp-grid-card-featured-img\">\n\n\t<a href=\"https:\/\/spennteknikk.no\/wp-content\/uploads\/2023\/11\/Multistrand-system.png\"><img decoding=\"async\" width=\"713\" height=\"1024\" src=\"https:\/\/spennteknikk.no\/wp-content\/uploads\/2023\/11\/Multistrand-system-713x1024.png\" class=\"\" alt=\"Multistrand system\" title=\"Multistrand system\" sizes=\"(max-width: 530px) 713px, 209px\" srcset=\"https:\/\/spennteknikk.no\/wp-content\/uploads\/2023\/11\/Multistrand-system-713x1024.png 713w, https:\/\/spennteknikk.no\/wp-content\/uploads\/2023\/11\/Multistrand-system-209x300.png 209w\" data-caption=\"Multistrand system\" data-src=\"https:\/\/spennteknikk.no\/wp-content\/uploads\/2023\/11\/Multistrand-system.png\" data-large_image=\"https:\/\/spennteknikk.no\/wp-content\/uploads\/2023\/11\/Multistrand-system.png\" data-large_image_width=\"905\" data-large_image_height=\"1300\" \/><\/a>\n<\/div>\n<div class=\"dlp-grid-card-content\"><div class=\"dlp-grid-card-info\"><div class=\"dlp-grid-card-file-info\">\n\t<div class=\"dlp-grid-card-file-type\">\n\t\tpdf\t<\/div>\n\n\n\t<div class=\"dlp-grid-card-file-size\">\n\t\t9 MB\t<\/div>\n\n\n\t<div class=\"dlp-grid-card-download-count\">\n\t\t<div class=\"dlp-icon download download-count-icon\"><svg xmlns=\"http:\/\/www.w3.org\/2000\/svg\" viewbox=\"0 0 512 512\" aria-label=\"Ladda ner\"><path fill=\"currentColor\" d=\"M216 0h80c13.3 0 24 10.7 24 24v168h87.7c17.8 0 26.7 21.5 14.1 34.1L269.7 378.3c-7.5 7.5-19.8 7.5-27.3 0L90.1 226.1c-12.6-12.6-3.7-34.1 14.1-34.1H192V24c0-13.3 10.7-24 24-24zm296 376v112c0 13.3-10.7 24-24 24H24c-13.3 0-24-10.7-24-24V376c0-13.3 10.7-24 24-24h146.7l49 49c20.1 20.1 52.5 20.1 72.6 0l49-49H488c13.3 0 24 10.7 24 24zm-124 88c0-11-9-20-20-20s-20 9-20 20 9 20 20 20 20-9 20-20zm64 0c0-11-9-20-20-20s-20 9-20 20 9 20 20 20 20-9 20-20z\"><\/path><\/svg><\/div>48\t<\/div>\n\n<\/div><\/div>\n<div class=\"dlp-grid-card-title\">\n\n\t<a href=\"https:\/\/spennteknikk.no\/sv\/document\/multistrand-system\/\" >Multistrand system<\/a>\n<\/div>\n\n<div class=\"dlp-grid-card-document-link-wrap\">\n\n\t<a href=\"https:\/\/spennteknikk.no\/wp-content\/uploads\/2023\/11\/Multistrand-system.pdf\" class=\"dlp-download-link dlp-download-button document-library-pro-button button btn\" data-download-id=\"938\"  download=\"Multistrand-system.pdf\" type=\"application\/pdf\">ladda ner<\/a><a href=\"javascript:void(0)\" class=\"dlp-preview-button document-library-pro-button button btn\" data-download-url=\"https:\/\/spennteknikk.no\/wp-content\/uploads\/2023\/11\/Multistrand-system.pdf\" data-download-type=\"application\/pdf\" data-title=\"Multistrand system\" data-view=\"grid\" data-download-id=\"938\">f\u00f6rhandsvisning<\/a>\n<\/div>\n<\/div><\/div><\/div><div class=\"dlp-grid-card dlp-document-p-dyna-grip-godkjenning\"><div class=\"dlp-grid-card-inner\">\n<div class=\"dlp-grid-card-featured-img\">\n\n\t<a href=\"https:\/\/spennteknikk.no\/wp-content\/uploads\/2023\/11\/DYNA-GRIP-godkjenning.png\"><img decoding=\"async\" width=\"713\" height=\"1024\" src=\"https:\/\/spennteknikk.no\/wp-content\/uploads\/2023\/11\/DYNA-GRIP-godkjenning-713x1024.png\" class=\"\" alt=\"DYNA GRIP - Godkjenning\" title=\"DYNA-GRIP-godkjenning\" sizes=\"(max-width: 530px) 713px, 209px\" srcset=\"https:\/\/spennteknikk.no\/wp-content\/uploads\/2023\/11\/DYNA-GRIP-godkjenning-713x1024.png 713w, https:\/\/spennteknikk.no\/wp-content\/uploads\/2023\/11\/DYNA-GRIP-godkjenning-209x300.png 209w\" data-caption=\"DYNA GRIP - Godkjenning\" data-src=\"https:\/\/spennteknikk.no\/wp-content\/uploads\/2023\/11\/DYNA-GRIP-godkjenning.png\" data-large_image=\"https:\/\/spennteknikk.no\/wp-content\/uploads\/2023\/11\/DYNA-GRIP-godkjenning.png\" data-large_image_width=\"905\" data-large_image_height=\"1300\" \/><\/a>\n<\/div>\n<div class=\"dlp-grid-card-content\"><div class=\"dlp-grid-card-info\"><div class=\"dlp-grid-card-file-info\">\n\t<div class=\"dlp-grid-card-file-type\">\n\t\tpdf\t<\/div>\n\n\n\t<div class=\"dlp-grid-card-file-size\">\n\t\t2 MB\t<\/div>\n\n\n\t<div class=\"dlp-grid-card-download-count\">\n\t\t<div class=\"dlp-icon download download-count-icon\"><svg xmlns=\"http:\/\/www.w3.org\/2000\/svg\" viewbox=\"0 0 512 512\" aria-label=\"Ladda ner\"><path fill=\"currentColor\" d=\"M216 0h80c13.3 0 24 10.7 24 24v168h87.7c17.8 0 26.7 21.5 14.1 34.1L269.7 378.3c-7.5 7.5-19.8 7.5-27.3 0L90.1 226.1c-12.6-12.6-3.7-34.1 14.1-34.1H192V24c0-13.3 10.7-24 24-24zm296 376v112c0 13.3-10.7 24-24 24H24c-13.3 0-24-10.7-24-24V376c0-13.3 10.7-24 24-24h146.7l49 49c20.1 20.1 52.5 20.1 72.6 0l49-49H488c13.3 0 24 10.7 24 24zm-124 88c0-11-9-20-20-20s-20 9-20 20 9 20 20 20 20-9 20-20zm64 0c0-11-9-20-20-20s-20 9-20 20 9 20 20 20 20-9 20-20z\"><\/path><\/svg><\/div>11\t<\/div>\n\n<\/div><\/div>\n<div class=\"dlp-grid-card-title\">\n\n\t<a href=\"https:\/\/spennteknikk.no\/sv\/document\/p-dyna-grip-godkjenning\/\" >DYNA GRIP &#8211; Godkjenning<\/a>\n<\/div>\n\n<div class=\"dlp-grid-card-document-link-wrap\">\n\n\t<a href=\"https:\/\/spennteknikk.no\/wp-content\/uploads\/2023\/11\/DYNA-GRIP-Godkjenning.pdf\" class=\"dlp-download-link dlp-download-button document-library-pro-button button btn\" data-download-id=\"934\"  download=\"DYNA-GRIP-Godkjenning.pdf\" type=\"application\/pdf\">ladda ner<\/a><a href=\"javascript:void(0)\" class=\"dlp-preview-button document-library-pro-button button btn\" data-download-url=\"https:\/\/spennteknikk.no\/wp-content\/uploads\/2023\/11\/DYNA-GRIP-Godkjenning.pdf\" data-download-type=\"application\/pdf\" data-title=\"DYNA GRIP &#8211; Godkjenning\" data-view=\"grid\" data-download-id=\"934\">f\u00f6rhandsvisning<\/a>\n<\/div>\n<\/div><\/div><\/div><\/div><footer class=\"dlp-grid-footer dlp-grid-below dlp-grid-controls\"><div class=\"dlp-grid-length\"><label>Visa <select><option value=\"10\">10<\/option><option value=\"25\" selected='selected'>25<\/option><option value=\"50\">50<\/option><option value=\"100\">100<\/option><\/select> per sida<\/label><\/div><div class=\"dlp-grid-totals\">2 dokument<\/div><div class=\"dlp-grid-pagination\"><\/div><\/footer><\/div>\t\t<div id=\"modal_dlp_grid_b46c021ae93b97ad_1\" class=\"dlp-preview-modal\" aria-hidden=\"true\">\n\t\t\t<div class=\"dlp-preview-modal-overlay\" tabindex=\"-1\" data-dlp-preview-close=\"#modal_dlp_grid_b46c021ae93b97ad_1\">\n\t\t\t\t<a class=\"dlp-preview-modal-close\" data-dlp-preview-close=\"#modal_dlp_grid_b46c021ae93b97ad_1\">\n\t\t\t\t\t<div class=\"dlp-icon close\"><svg xmlns=\"http:\/\/www.w3.org\/2000\/svg\" viewbox=\"0 0 24 24\" aria-label=\"Close\"><path fill=\"currentColor\" d=\"M19 6.41L17.59 5 12 10.59 6.41 5 5 6.41 10.59 12 5 17.59 6.41 19 12 13.41 17.59 19 19 17.59 13.41 12z\" \/><path d=\"M0 0h24v24H0z\" fill=\"none\" \/><\/svg><\/div>\t\t\t\t<\/a>\n\n\t\t\t\t<div class=\"dlp-preview-modal-container\" role=\"dialog\" aria-modal=\"true\" aria-labelledby=\"dlp-preview-modal-title\">\n\t\t\t\t\t<main class=\"dlp-preview-modal-content\"><\/main>\n\t\t\t\t\t<footer class=\"dlp-preview-modal-footer\"><\/footer>\n\t\t\t\t<\/div>\n\t\t\t<\/div>\n\t\t<\/div>\n\t\t<\/div>\n\t\t\t\t\t\t<\/div>\n\t\t\t\t<\/div>\n\t\t\t\t\t<\/div>\n\t\t<\/div>\n\t\t\t\t\t<\/div>\n\t\t<\/section>\n\t\t\t\t<\/div>","protected":false},"excerpt":{"rendered":"<p>Skr\u00e5stag Skr\u00e5stagsystem Vi kan i samarbeid med Dywidag Systems tilby den nyeste skr\u00e5stagteknologien DYNA\u00ae. Med bruk av DYNA\u00ae er det ogs\u00e5 mulig \u00e5 installere et system for overv\u00e5kning av kabler. DYNA Watch er et overv\u00e5kningssystem utviklet av DSI, som kan m\u00e5le tilstanden for de enkelte spenntauene i skr\u00e5staget. Godkjenninger \u2022 Tysk Godkjenning Z-14.7-759 Nedlasting<\/p>","protected":false},"author":1,"featured_media":0,"parent":414,"menu_order":0,"comment_status":"closed","ping_status":"closed","template":"","meta":{"footnotes":""},"class_list":["post-448","page","type-page","status-publish","hentry"],"_links":{"self":[{"href":"https:\/\/spennteknikk.no\/sv\/wp-json\/wp\/v2\/pages\/448","targetHints":{"allow":["GET"]}}],"collection":[{"href":"https:\/\/spennteknikk.no\/sv\/wp-json\/wp\/v2\/pages"}],"about":[{"href":"https:\/\/spennteknikk.no\/sv\/wp-json\/wp\/v2\/types\/page"}],"author":[{"embeddable":true,"href":"https:\/\/spennteknikk.no\/sv\/wp-json\/wp\/v2\/users\/1"}],"replies":[{"embeddable":true,"href":"https:\/\/spennteknikk.no\/sv\/wp-json\/wp\/v2\/comments?post=448"}],"version-history":[{"count":5,"href":"https:\/\/spennteknikk.no\/sv\/wp-json\/wp\/v2\/pages\/448\/revisions"}],"predecessor-version":[{"id":862,"href":"https:\/\/spennteknikk.no\/sv\/wp-json\/wp\/v2\/pages\/448\/revisions\/862"}],"up":[{"embeddable":true,"href":"https:\/\/spennteknikk.no\/sv\/wp-json\/wp\/v2\/pages\/414"}],"wp:attachment":[{"href":"https:\/\/spennteknikk.no\/sv\/wp-json\/wp\/v2\/media?parent=448"}],"curies":[{"name":"wp","href":"https:\/\/api.w.org\/{rel}","templated":true}]}}