{"id":443,"date":"2023-10-10T13:11:17","date_gmt":"2023-10-10T13:11:17","guid":{"rendered":"https:\/\/spennteknikk.no\/?page_id=443"},"modified":"2024-02-22T21:28:23","modified_gmt":"2024-02-22T21:28:23","slug":"monostrand","status":"publish","type":"page","link":"https:\/\/spennteknikk.no\/sv\/vare-produkter\/spennarmering\/monostrand\/","title":{"rendered":"Monostrand"},"content":{"rendered":"<div data-elementor-type=\"wp-page\" data-elementor-id=\"443\" class=\"elementor elementor-443\" data-elementor-post-type=\"page\">\n\t\t\t\t\t\t<section class=\"elementor-section elementor-top-section elementor-element elementor-element-b1afc8c elementor-section-boxed elementor-section-height-default elementor-section-height-default\" data-id=\"b1afc8c\" data-element_type=\"section\" data-e-type=\"section\">\n\t\t\t\t\t\t<div class=\"elementor-container elementor-column-gap-default\">\n\t\t\t\t\t<div class=\"elementor-column elementor-col-100 elementor-top-column elementor-element elementor-element-09f8b55\" data-id=\"09f8b55\" data-element_type=\"column\" data-e-type=\"column\">\n\t\t\t<div class=\"elementor-widget-wrap elementor-element-populated\">\n\t\t\t\t\t\t<div class=\"elementor-element elementor-element-542747d elementor-widget elementor-widget-heading\" data-id=\"542747d\" data-element_type=\"widget\" data-e-type=\"widget\" data-widget_type=\"heading.default\">\n\t\t\t\t<div class=\"elementor-widget-container\">\n\t\t\t\t\t<h1 class=\"elementor-heading-title elementor-size-default\">Monostrand<\/h1>\t\t\t\t<\/div>\n\t\t\t\t<\/div>\n\t\t\t\t<section class=\"elementor-section elementor-inner-section elementor-element elementor-element-591838c elementor-section-boxed elementor-section-height-default elementor-section-height-default\" data-id=\"591838c\" data-element_type=\"section\" data-e-type=\"section\">\n\t\t\t\t\t\t<div class=\"elementor-container elementor-column-gap-default\">\n\t\t\t\t\t<div class=\"elementor-column elementor-col-50 elementor-inner-column elementor-element elementor-element-a68f57c\" data-id=\"a68f57c\" data-element_type=\"column\" data-e-type=\"column\">\n\t\t\t<div class=\"elementor-widget-wrap elementor-element-populated\">\n\t\t\t\t\t\t<div class=\"elementor-element elementor-element-1d75d08 elementor-widget elementor-widget-text-editor\" data-id=\"1d75d08\" data-element_type=\"widget\" data-e-type=\"widget\" data-widget_type=\"text-editor.default\">\n\t\t\t\t<div class=\"elementor-widget-container\">\n\t\t\t\t\t\t\t\t\t<p><strong>Plastbelagd och fettad lina \u2013 monostrand<\/strong><\/p><p>Ordet monostrand betyder \u201d1 lina\u201d. Produkten anv\u00e4nds som sp\u00e4nnarmering i t.ex. bj\u00e4lklag i parkeringshus och kontorsbyggnader samt som v\u00e4ggarmering i beh\u00e5llare, silor och tankanl\u00e4ggningar.<br \/><br \/>Bj\u00e4lklaget ska kunna r\u00f6ra sig oberoende av linan, d\u00e4rf\u00f6r \u00e4r linorna belagda med fett och plast\u00f6verdragna.<\/p><p><strong>DYWIDAG har tv\u00e5 typer av monostrandsystem:<\/strong><\/p><ul><li>ETA-13\/0814 DYWIDAG Monostrand system.<\/li><li>ETA-03\/0036 SUSPA System\u2013 1\u20135 sp\u00e4nnlina (0,62\u201d)<\/li><li>Tysk Z-13.72-190077 Monostrand system med 1\u20137 linor<\/li><\/ul>\t\t\t\t\t\t\t\t<\/div>\n\t\t\t\t<\/div>\n\t\t\t\t\t<\/div>\n\t\t<\/div>\n\t\t\t\t<div class=\"elementor-column elementor-col-50 elementor-inner-column elementor-element elementor-element-ce6ab5d\" data-id=\"ce6ab5d\" data-element_type=\"column\" data-e-type=\"column\">\n\t\t\t<div class=\"elementor-widget-wrap elementor-element-populated\">\n\t\t\t\t\t\t<div class=\"elementor-element elementor-element-97c58e5 elementor-widget elementor-widget-image\" data-id=\"97c58e5\" data-element_type=\"widget\" data-e-type=\"widget\" data-widget_type=\"image.default\">\n\t\t\t\t<div class=\"elementor-widget-container\">\n\t\t\t\t\t\t\t\t\t\t\t\t\t\t\t<img fetchpriority=\"high\" decoding=\"async\" width=\"651\" height=\"453\" src=\"https:\/\/spennteknikk.no\/wp-content\/uploads\/2023\/10\/image-asset.png\" class=\"attachment-large size-large wp-image-588\" alt=\"\" srcset=\"https:\/\/spennteknikk.no\/wp-content\/uploads\/2023\/10\/image-asset.png 651w, https:\/\/spennteknikk.no\/wp-content\/uploads\/2023\/10\/image-asset-300x209.png 300w\" sizes=\"(max-width: 651px) 100vw, 651px\" \/>\t\t\t\t\t\t\t\t\t\t\t\t\t\t\t<\/div>\n\t\t\t\t<\/div>\n\t\t\t\t\t<\/div>\n\t\t<\/div>\n\t\t\t\t\t<\/div>\n\t\t<\/section>\n\t\t\t\t\t<\/div>\n\t\t<\/div>\n\t\t\t\t\t<\/div>\n\t\t<\/section>\n\t\t\t\t<section class=\"elementor-section elementor-top-section elementor-element elementor-element-b29d375 elementor-section-boxed elementor-section-height-default elementor-section-height-default\" data-id=\"b29d375\" data-element_type=\"section\" data-e-type=\"section\">\n\t\t\t\t\t\t<div class=\"elementor-container elementor-column-gap-default\">\n\t\t\t\t\t<div class=\"elementor-column elementor-col-100 elementor-top-column elementor-element elementor-element-f077908\" data-id=\"f077908\" data-element_type=\"column\" data-e-type=\"column\">\n\t\t\t<div class=\"elementor-widget-wrap elementor-element-populated\">\n\t\t\t\t\t\t<div class=\"elementor-element elementor-element-81c9c78 elementor-widget-divider--view-line elementor-widget elementor-widget-divider\" data-id=\"81c9c78\" data-element_type=\"widget\" data-e-type=\"widget\" data-widget_type=\"divider.default\">\n\t\t\t\t<div class=\"elementor-widget-container\">\n\t\t\t\t\t\t\t<div class=\"elementor-divider\">\n\t\t\t<span class=\"elementor-divider-separator\">\n\t\t\t\t\t\t<\/span>\n\t\t<\/div>\n\t\t\t\t\t\t<\/div>\n\t\t\t\t<\/div>\n\t\t\t\t<div class=\"elementor-element elementor-element-f2b9090 elementor-widget elementor-widget-heading\" data-id=\"f2b9090\" data-element_type=\"widget\" data-e-type=\"widget\" data-widget_type=\"heading.default\">\n\t\t\t\t<div class=\"elementor-widget-container\">\n\t\t\t\t\t<h2 class=\"elementor-heading-title elementor-size-default\">Ladda ner<\/h2>\t\t\t\t<\/div>\n\t\t\t\t<\/div>\n\t\t\t\t<div class=\"elementor-element elementor-element-02b170e elementor-widget elementor-widget-shortcode\" data-id=\"02b170e\" data-element_type=\"widget\" data-e-type=\"widget\" data-widget_type=\"shortcode.default\">\n\t\t\t\t<div class=\"elementor-widget-container\">\n\t\t\t\t\t\t\t<div class=\"elementor-shortcode\"><div id=\"dlp_grid_24d8c1fd0185d2d2_1\" class=\"dlp-grid-container\"><header class=\"dlp-grid-header dlp-grid-above dlp-grid-controls\"><\/header><div class=\"dlp-grid-documents grid-autosize\"><div class=\"dlp-grid-card dlp-document-e-dywidag-eta-13-0979_external_and_internal_unbonded_strand_pt-system_eng\"><div class=\"dlp-grid-card-inner\">\n<div class=\"dlp-grid-card-featured-img\">\n\n\t<a href=\"https:\/\/spennteknikk.no\/wp-content\/uploads\/2024\/11\/DYWIDAG-ETA-13-0979_External_and_internal_unbonded_strand_PT-System_ENG-pdf.jpg\"><img decoding=\"async\" width=\"724\" height=\"1024\" src=\"https:\/\/spennteknikk.no\/wp-content\/uploads\/2024\/11\/DYWIDAG-ETA-13-0979_External_and_internal_unbonded_strand_PT-System_ENG-pdf-724x1024.jpg\" class=\"\" alt=\"ETA-13\/0979\" title=\"DYWIDAG-ETA-13-0979_External_and_internal_unbonded_strand_PT-System_ENG\" sizes=\"(max-width: 530px) 724px, 212px\" srcset=\"https:\/\/spennteknikk.no\/wp-content\/uploads\/2024\/11\/DYWIDAG-ETA-13-0979_External_and_internal_unbonded_strand_PT-System_ENG-pdf-724x1024.jpg 724w, https:\/\/spennteknikk.no\/wp-content\/uploads\/2024\/11\/DYWIDAG-ETA-13-0979_External_and_internal_unbonded_strand_PT-System_ENG-pdf-212x300.jpg 212w\" data-caption=\"ETA-13\/0979\" data-src=\"https:\/\/spennteknikk.no\/wp-content\/uploads\/2024\/11\/DYWIDAG-ETA-13-0979_External_and_internal_unbonded_strand_PT-System_ENG-pdf.jpg\" data-large_image=\"https:\/\/spennteknikk.no\/wp-content\/uploads\/2024\/11\/DYWIDAG-ETA-13-0979_External_and_internal_unbonded_strand_PT-System_ENG-pdf.jpg\" data-large_image_width=\"1058\" data-large_image_height=\"1497\" \/><\/a>\n<\/div>\n<div class=\"dlp-grid-card-content\"><div class=\"dlp-grid-card-info\"><div class=\"dlp-grid-card-file-info\">\n\t<div class=\"dlp-grid-card-file-type\">\n\t\tpdf\t<\/div>\n\n\n\t<div class=\"dlp-grid-card-file-size\">\n\t\t4 MB\t<\/div>\n\n\n\t<div class=\"dlp-grid-card-download-count\">\n\t\t<div class=\"dlp-icon download download-count-icon\"><svg xmlns=\"http:\/\/www.w3.org\/2000\/svg\" viewbox=\"0 0 512 512\" aria-label=\"Ladda ner\"><path fill=\"currentColor\" d=\"M216 0h80c13.3 0 24 10.7 24 24v168h87.7c17.8 0 26.7 21.5 14.1 34.1L269.7 378.3c-7.5 7.5-19.8 7.5-27.3 0L90.1 226.1c-12.6-12.6-3.7-34.1 14.1-34.1H192V24c0-13.3 10.7-24 24-24zm296 376v112c0 13.3-10.7 24-24 24H24c-13.3 0-24-10.7-24-24V376c0-13.3 10.7-24 24-24h146.7l49 49c20.1 20.1 52.5 20.1 72.6 0l49-49H488c13.3 0 24 10.7 24 24zm-124 88c0-11-9-20-20-20s-20 9-20 20 9 20 20 20 20-9 20-20zm64 0c0-11-9-20-20-20s-20 9-20 20 9 20 20 20 20-9 20-20z\"><\/path><\/svg><\/div>40\t<\/div>\n\n<\/div><\/div>\n<div class=\"dlp-grid-card-title\">\n\n\t<a href=\"https:\/\/spennteknikk.no\/sv\/document\/e-dywidag-eta-13-0979_external_and_internal_unbonded_strand_pt-system_eng\/\" >ETA-13\/0979<\/a>\n<\/div>\n\n<div class=\"dlp-grid-card-document-link-wrap\">\n\n\t<a href=\"https:\/\/spennteknikk.no\/wp-content\/uploads\/2024\/11\/DYWIDAG-ETA-13-0979_External_and_internal_unbonded_strand_PT-System_ENG.pdf\" class=\"dlp-download-link dlp-download-button document-library-pro-button button btn\" data-download-id=\"1896\"  download=\"DYWIDAG-ETA-13-0979_External_and_internal_unbonded_strand_PT-System_ENG.pdf\" type=\"application\/pdf\">ladda ner<\/a><a href=\"javascript:void(0)\" class=\"dlp-preview-button document-library-pro-button button btn\" data-download-url=\"https:\/\/spennteknikk.no\/wp-content\/uploads\/2024\/11\/DYWIDAG-ETA-13-0979_External_and_internal_unbonded_strand_PT-System_ENG.pdf\" data-download-type=\"application\/pdf\" data-title=\"ETA-13\/0979\" data-view=\"grid\" data-download-id=\"1896\">f\u00f6rhandsvisning<\/a>\n<\/div>\n<\/div><\/div><\/div><div class=\"dlp-grid-card dlp-document-eta-03_0036_en-suspa-monostrand-system\"><div class=\"dlp-grid-card-inner\">\n<div class=\"dlp-grid-card-featured-img\">\n\n\t<a href=\"https:\/\/spennteknikk.no\/wp-content\/uploads\/2024\/11\/ETA-03_0036_EN-Suspa-monostrand-system-pdf.jpg\"><img decoding=\"async\" width=\"724\" height=\"1024\" src=\"https:\/\/spennteknikk.no\/wp-content\/uploads\/2024\/11\/ETA-03_0036_EN-Suspa-monostrand-system-pdf-724x1024.jpg\" class=\"\" alt=\"ETA-03\/0036\" title=\"ETA-03_0036_EN Suspa monostrand system\" sizes=\"(max-width: 530px) 724px, 212px\" srcset=\"https:\/\/spennteknikk.no\/wp-content\/uploads\/2024\/11\/ETA-03_0036_EN-Suspa-monostrand-system-pdf-724x1024.jpg 724w, https:\/\/spennteknikk.no\/wp-content\/uploads\/2024\/11\/ETA-03_0036_EN-Suspa-monostrand-system-pdf-212x300.jpg 212w\" data-caption=\"ETA-03\/0036\" data-src=\"https:\/\/spennteknikk.no\/wp-content\/uploads\/2024\/11\/ETA-03_0036_EN-Suspa-monostrand-system-pdf.jpg\" data-large_image=\"https:\/\/spennteknikk.no\/wp-content\/uploads\/2024\/11\/ETA-03_0036_EN-Suspa-monostrand-system-pdf.jpg\" data-large_image_width=\"1058\" data-large_image_height=\"1497\" \/><\/a>\n<\/div>\n<div class=\"dlp-grid-card-content\"><div class=\"dlp-grid-card-info\"><div class=\"dlp-grid-card-file-info\">\n\t<div class=\"dlp-grid-card-file-type\">\n\t\tpdf\t<\/div>\n\n\n\t<div class=\"dlp-grid-card-file-size\">\n\t\t1 MB\t<\/div>\n\n\n\t<div class=\"dlp-grid-card-download-count\">\n\t\t<div class=\"dlp-icon download download-count-icon\"><svg xmlns=\"http:\/\/www.w3.org\/2000\/svg\" viewbox=\"0 0 512 512\" aria-label=\"Ladda ner\"><path fill=\"currentColor\" d=\"M216 0h80c13.3 0 24 10.7 24 24v168h87.7c17.8 0 26.7 21.5 14.1 34.1L269.7 378.3c-7.5 7.5-19.8 7.5-27.3 0L90.1 226.1c-12.6-12.6-3.7-34.1 14.1-34.1H192V24c0-13.3 10.7-24 24-24zm296 376v112c0 13.3-10.7 24-24 24H24c-13.3 0-24-10.7-24-24V376c0-13.3 10.7-24 24-24h146.7l49 49c20.1 20.1 52.5 20.1 72.6 0l49-49H488c13.3 0 24 10.7 24 24zm-124 88c0-11-9-20-20-20s-20 9-20 20 9 20 20 20 20-9 20-20zm64 0c0-11-9-20-20-20s-20 9-20 20 9 20 20 20 20-9 20-20z\"><\/path><\/svg><\/div>27\t<\/div>\n\n<\/div><\/div>\n<div class=\"dlp-grid-card-title\">\n\n\t<a href=\"https:\/\/spennteknikk.no\/sv\/document\/eta-03_0036_en-suspa-monostrand-system\/\" >ETA-03\/0036<\/a>\n<\/div>\n\n<div class=\"dlp-grid-card-document-link-wrap\">\n\n\t<a href=\"https:\/\/spennteknikk.no\/wp-content\/uploads\/2024\/11\/ETA-03_0036_EN-Suspa-monostrand-system.pdf\" class=\"dlp-download-link dlp-download-button document-library-pro-button button btn\" data-download-id=\"1899\"  download=\"ETA-03_0036_EN-Suspa-monostrand-system.pdf\" type=\"application\/pdf\">ladda ner<\/a><a href=\"javascript:void(0)\" class=\"dlp-preview-button document-library-pro-button button btn\" data-download-url=\"https:\/\/spennteknikk.no\/wp-content\/uploads\/2024\/11\/ETA-03_0036_EN-Suspa-monostrand-system.pdf\" data-download-type=\"application\/pdf\" data-title=\"ETA-03\/0036\" data-view=\"grid\" data-download-id=\"1899\">f\u00f6rhandsvisning<\/a>\n<\/div>\n<\/div><\/div><\/div><div class=\"dlp-grid-card dlp-document-k-z-13-72-190077-dywidag_spannsysteme_monolitzenspannverfahren\"><div class=\"dlp-grid-card-inner\">\n<div class=\"dlp-grid-card-featured-img\">\n\n\t<a href=\"https:\/\/spennteknikk.no\/wp-content\/uploads\/2024\/11\/Z-13.72-190077-DYWIDAG_Spannsysteme_Monolitzenspannverfahren-pdf.jpg\"><img loading=\"lazy\" decoding=\"async\" width=\"724\" height=\"1024\" src=\"https:\/\/spennteknikk.no\/wp-content\/uploads\/2024\/11\/Z-13.72-190077-DYWIDAG_Spannsysteme_Monolitzenspannverfahren-pdf-724x1024.jpg\" class=\"\" alt=\"Z-13.72-190077\" title=\"Z-13.72-190077 DYWIDAG_Spannsysteme_Monolitzenspannverfahren\" sizes=\"(max-width: 530px) 724px, 212px\" srcset=\"https:\/\/spennteknikk.no\/wp-content\/uploads\/2024\/11\/Z-13.72-190077-DYWIDAG_Spannsysteme_Monolitzenspannverfahren-pdf-724x1024.jpg 724w, https:\/\/spennteknikk.no\/wp-content\/uploads\/2024\/11\/Z-13.72-190077-DYWIDAG_Spannsysteme_Monolitzenspannverfahren-pdf-212x300.jpg 212w\" data-caption=\"Z-13.72-190077\" data-src=\"https:\/\/spennteknikk.no\/wp-content\/uploads\/2024\/11\/Z-13.72-190077-DYWIDAG_Spannsysteme_Monolitzenspannverfahren-pdf.jpg\" data-large_image=\"https:\/\/spennteknikk.no\/wp-content\/uploads\/2024\/11\/Z-13.72-190077-DYWIDAG_Spannsysteme_Monolitzenspannverfahren-pdf.jpg\" data-large_image_width=\"1058\" data-large_image_height=\"1497\" \/><\/a>\n<\/div>\n<div class=\"dlp-grid-card-content\"><div class=\"dlp-grid-card-info\"><div class=\"dlp-grid-card-file-info\">\n\t<div class=\"dlp-grid-card-file-type\">\n\t\tpdf\t<\/div>\n\n\n\t<div class=\"dlp-grid-card-file-size\">\n\t\t3 MB\t<\/div>\n\n\n\t<div class=\"dlp-grid-card-download-count\">\n\t\t<div class=\"dlp-icon download download-count-icon\"><svg xmlns=\"http:\/\/www.w3.org\/2000\/svg\" viewbox=\"0 0 512 512\" aria-label=\"Ladda ner\"><path fill=\"currentColor\" d=\"M216 0h80c13.3 0 24 10.7 24 24v168h87.7c17.8 0 26.7 21.5 14.1 34.1L269.7 378.3c-7.5 7.5-19.8 7.5-27.3 0L90.1 226.1c-12.6-12.6-3.7-34.1 14.1-34.1H192V24c0-13.3 10.7-24 24-24zm296 376v112c0 13.3-10.7 24-24 24H24c-13.3 0-24-10.7-24-24V376c0-13.3 10.7-24 24-24h146.7l49 49c20.1 20.1 52.5 20.1 72.6 0l49-49H488c13.3 0 24 10.7 24 24zm-124 88c0-11-9-20-20-20s-20 9-20 20 9 20 20 20 20-9 20-20zm64 0c0-11-9-20-20-20s-20 9-20 20 9 20 20 20 20-9 20-20z\"><\/path><\/svg><\/div>7\t<\/div>\n\n<\/div><\/div>\n<div class=\"dlp-grid-card-title\">\n\n\t<a href=\"https:\/\/spennteknikk.no\/sv\/document\/k-z-13-72-190077-dywidag_spannsysteme_monolitzenspannverfahren\/\" >Z-13.72-190077<\/a>\n<\/div>\n\n<div class=\"dlp-grid-card-document-link-wrap\">\n\n\t<a href=\"https:\/\/spennteknikk.no\/wp-content\/uploads\/2024\/11\/Z-13.72-190077-DYWIDAG_Spannsysteme_Monolitzenspannverfahren.pdf\" class=\"dlp-download-link dlp-download-button document-library-pro-button button btn\" data-download-id=\"1901\"  download=\"Z-13.72-190077-DYWIDAG_Spannsysteme_Monolitzenspannverfahren.pdf\" type=\"application\/pdf\">ladda ner<\/a><a href=\"javascript:void(0)\" class=\"dlp-preview-button document-library-pro-button button btn\" data-download-url=\"https:\/\/spennteknikk.no\/wp-content\/uploads\/2024\/11\/Z-13.72-190077-DYWIDAG_Spannsysteme_Monolitzenspannverfahren.pdf\" data-download-type=\"application\/pdf\" data-title=\"Z-13.72-190077\" data-view=\"grid\" data-download-id=\"1901\">f\u00f6rhandsvisning<\/a>\n<\/div>\n<\/div><\/div><\/div><div class=\"dlp-grid-card dlp-document-o-monostrand-eta\"><div class=\"dlp-grid-card-inner\">\n<div class=\"dlp-grid-card-featured-img\">\n\n\t<a href=\"https:\/\/spennteknikk.no\/wp-content\/uploads\/2023\/11\/Monostrand-ETA.png\"><img loading=\"lazy\" decoding=\"async\" width=\"713\" height=\"1024\" src=\"https:\/\/spennteknikk.no\/wp-content\/uploads\/2023\/11\/Monostrand-ETA-713x1024.png\" class=\"\" alt=\"Monostrand ETA\" title=\"Monostrand ETA\" sizes=\"(max-width: 530px) 713px, 209px\" srcset=\"https:\/\/spennteknikk.no\/wp-content\/uploads\/2023\/11\/Monostrand-ETA-713x1024.png 713w, https:\/\/spennteknikk.no\/wp-content\/uploads\/2023\/11\/Monostrand-ETA-209x300.png 209w\" data-caption=\"Monostrand ETA\" data-src=\"https:\/\/spennteknikk.no\/wp-content\/uploads\/2023\/11\/Monostrand-ETA.png\" data-large_image=\"https:\/\/spennteknikk.no\/wp-content\/uploads\/2023\/11\/Monostrand-ETA.png\" data-large_image_width=\"905\" data-large_image_height=\"1300\" \/><\/a>\n<\/div>\n<div class=\"dlp-grid-card-content\"><div class=\"dlp-grid-card-info\"><div class=\"dlp-grid-card-file-info\">\n\t<div class=\"dlp-grid-card-file-type\">\n\t\tpdf\t<\/div>\n\n\n\t<div class=\"dlp-grid-card-file-size\">\n\t\t977 KB\t<\/div>\n\n\n\t<div class=\"dlp-grid-card-download-count\">\n\t\t<div class=\"dlp-icon download download-count-icon\"><svg xmlns=\"http:\/\/www.w3.org\/2000\/svg\" viewbox=\"0 0 512 512\" aria-label=\"Ladda ner\"><path fill=\"currentColor\" d=\"M216 0h80c13.3 0 24 10.7 24 24v168h87.7c17.8 0 26.7 21.5 14.1 34.1L269.7 378.3c-7.5 7.5-19.8 7.5-27.3 0L90.1 226.1c-12.6-12.6-3.7-34.1 14.1-34.1H192V24c0-13.3 10.7-24 24-24zm296 376v112c0 13.3-10.7 24-24 24H24c-13.3 0-24-10.7-24-24V376c0-13.3 10.7-24 24-24h146.7l49 49c20.1 20.1 52.5 20.1 72.6 0l49-49H488c13.3 0 24 10.7 24 24zm-124 88c0-11-9-20-20-20s-20 9-20 20 9 20 20 20 20-9 20-20zm64 0c0-11-9-20-20-20s-20 9-20 20 9 20 20 20 20-9 20-20z\"><\/path><\/svg><\/div>86\t<\/div>\n\n<\/div><\/div>\n<div class=\"dlp-grid-card-title\">\n\n\t<a href=\"https:\/\/spennteknikk.no\/sv\/document\/o-monostrand-eta\/\" >Monostrand ETA<\/a>\n<\/div>\n\n<div class=\"dlp-grid-card-document-link-wrap\">\n\n\t<a href=\"https:\/\/spennteknikk.no\/wp-content\/uploads\/2023\/11\/Monostrand-ETA.pdf\" class=\"dlp-download-link dlp-download-button document-library-pro-button button btn\" data-download-id=\"936\"  download=\"Monostrand-ETA.pdf\" type=\"application\/pdf\">ladda ner<\/a><a href=\"javascript:void(0)\" class=\"dlp-preview-button document-library-pro-button button btn\" data-download-url=\"https:\/\/spennteknikk.no\/wp-content\/uploads\/2023\/11\/Monostrand-ETA.pdf\" data-download-type=\"application\/pdf\" data-title=\"Monostrand ETA\" data-view=\"grid\" data-download-id=\"936\">f\u00f6rhandsvisning<\/a>\n<\/div>\n<\/div><\/div><\/div><\/div><footer class=\"dlp-grid-footer dlp-grid-below dlp-grid-controls\"><div class=\"dlp-grid-length\"><label>Visa <select><option value=\"10\">10<\/option><option value=\"25\" selected='selected'>25<\/option><option value=\"50\">50<\/option><option value=\"100\">100<\/option><\/select> per sida<\/label><\/div><div class=\"dlp-grid-totals\">4 dokument<\/div><div class=\"dlp-grid-pagination\"><\/div><\/footer><\/div>\t\t<div id=\"modal_dlp_grid_24d8c1fd0185d2d2_1\" class=\"dlp-preview-modal\" aria-hidden=\"true\">\n\t\t\t<div class=\"dlp-preview-modal-overlay\" tabindex=\"-1\" data-dlp-preview-close=\"#modal_dlp_grid_24d8c1fd0185d2d2_1\">\n\t\t\t\t<a class=\"dlp-preview-modal-close\" data-dlp-preview-close=\"#modal_dlp_grid_24d8c1fd0185d2d2_1\">\n\t\t\t\t\t<div class=\"dlp-icon close\"><svg xmlns=\"http:\/\/www.w3.org\/2000\/svg\" viewbox=\"0 0 24 24\" aria-label=\"Close\"><path fill=\"currentColor\" d=\"M19 6.41L17.59 5 12 10.59 6.41 5 5 6.41 10.59 12 5 17.59 6.41 19 12 13.41 17.59 19 19 17.59 13.41 12z\" \/><path d=\"M0 0h24v24H0z\" fill=\"none\" \/><\/svg><\/div>\t\t\t\t<\/a>\n\n\t\t\t\t<div class=\"dlp-preview-modal-container\" role=\"dialog\" aria-modal=\"true\" aria-labelledby=\"dlp-preview-modal-title\">\n\t\t\t\t\t<main class=\"dlp-preview-modal-content\"><\/main>\n\t\t\t\t\t<footer class=\"dlp-preview-modal-footer\"><\/footer>\n\t\t\t\t<\/div>\n\t\t\t<\/div>\n\t\t<\/div>\n\t\t<\/div>\n\t\t\t\t\t\t<\/div>\n\t\t\t\t<\/div>\n\t\t\t\t\t<\/div>\n\t\t<\/div>\n\t\t\t\t\t<\/div>\n\t\t<\/section>\n\t\t\t\t<\/div>","protected":false},"excerpt":{"rendered":"<p>Monostrand Spenntau med fettstr\u00f8mpe \u2013 monostrand Monostrand betyr enkelttau. Brukes som spennarmering i f.eks. bjelkelag i parkeringshus og kontorbygg, og som veggarmering i beholdere\/siloer og tankanlegg. Bjelkelaget skal kunne bevege seg uavhengig av vaierne. Derfor er disse belagt med fett og overtrukket med plast. DYWIDAG benytter to typer monostrand-system: ETA-13\/0814 DYWIDAG Monostrand system. ETA-03\/0036 SUSPA [&hellip;]<\/p>\n","protected":false},"author":1,"featured_media":0,"parent":414,"menu_order":0,"comment_status":"closed","ping_status":"closed","template":"","meta":{"footnotes":""},"class_list":["post-443","page","type-page","status-publish","hentry"],"_links":{"self":[{"href":"https:\/\/spennteknikk.no\/sv\/wp-json\/wp\/v2\/pages\/443","targetHints":{"allow":["GET"]}}],"collection":[{"href":"https:\/\/spennteknikk.no\/sv\/wp-json\/wp\/v2\/pages"}],"about":[{"href":"https:\/\/spennteknikk.no\/sv\/wp-json\/wp\/v2\/types\/page"}],"author":[{"embeddable":true,"href":"https:\/\/spennteknikk.no\/sv\/wp-json\/wp\/v2\/users\/1"}],"replies":[{"embeddable":true,"href":"https:\/\/spennteknikk.no\/sv\/wp-json\/wp\/v2\/comments?post=443"}],"version-history":[{"count":5,"href":"https:\/\/spennteknikk.no\/sv\/wp-json\/wp\/v2\/pages\/443\/revisions"}],"predecessor-version":[{"id":595,"href":"https:\/\/spennteknikk.no\/sv\/wp-json\/wp\/v2\/pages\/443\/revisions\/595"}],"up":[{"embeddable":true,"href":"https:\/\/spennteknikk.no\/sv\/wp-json\/wp\/v2\/pages\/414"}],"wp:attachment":[{"href":"https:\/\/spennteknikk.no\/sv\/wp-json\/wp\/v2\/media?parent=443"}],"curies":[{"name":"wp","href":"https:\/\/api.w.org\/{rel}","templated":true}]}}