{"id":434,"date":"2023-10-10T13:09:34","date_gmt":"2023-10-10T13:09:34","guid":{"rendered":"https:\/\/spennteknikk.no\/?page_id=434"},"modified":"2024-11-29T11:12:45","modified_gmt":"2024-11-29T11:12:45","slug":"standard-bruer","status":"publish","type":"page","link":"https:\/\/spennteknikk.no\/sv\/vare-produkter\/spennarmering\/standard-bruer\/","title":{"rendered":"Sp\u00e4nnarmering med injektering"},"content":{"rendered":"<div data-elementor-type=\"wp-page\" data-elementor-id=\"434\" class=\"elementor elementor-434\" data-elementor-post-type=\"page\">\n\t\t\t\t\t\t<section class=\"elementor-section elementor-top-section elementor-element elementor-element-b1afc8c elementor-section-boxed elementor-section-height-default elementor-section-height-default\" data-id=\"b1afc8c\" data-element_type=\"section\" data-e-type=\"section\">\n\t\t\t\t\t\t<div class=\"elementor-container elementor-column-gap-default\">\n\t\t\t\t\t<div class=\"elementor-column elementor-col-100 elementor-top-column elementor-element elementor-element-09f8b55\" data-id=\"09f8b55\" data-element_type=\"column\" data-e-type=\"column\">\n\t\t\t<div class=\"elementor-widget-wrap elementor-element-populated\">\n\t\t\t\t\t\t<div class=\"elementor-element elementor-element-542747d elementor-widget elementor-widget-heading\" data-id=\"542747d\" data-element_type=\"widget\" data-e-type=\"widget\" data-widget_type=\"heading.default\">\n\t\t\t\t<div class=\"elementor-widget-container\">\n\t\t\t\t\t<h1 class=\"elementor-heading-title elementor-size-default\">Sp\u00e4nnarmering med injektering<\/h1>\t\t\t\t<\/div>\n\t\t\t\t<\/div>\n\t\t\t\t<div class=\"elementor-element elementor-element-1d75d08 elementor-widget elementor-widget-text-editor\" data-id=\"1d75d08\" data-element_type=\"widget\" data-e-type=\"widget\" data-widget_type=\"text-editor.default\">\n\t\t\t\t<div class=\"elementor-widget-container\">\n\t\t\t\t\t\t\t\t\t<p>Vi erbjuder b\u00e5de SUSPA DW-system och DYWDIAG MA-system, och kan d\u00e4rmed tillhandah\u00e5lla l\u00f6sningar f\u00f6r alla m\u00f6jliga byggprojekt.<\/p><p><br \/><strong>Godk\u00e4nnanden<\/strong><\/p><ul><li>ETA-13\/0839 SUSPA DW PT System 1-22 liner<\/li><li>ETA-13\/0815 DYWIDAG PT System 3-55 liner<\/li><\/ul>\t\t\t\t\t\t\t\t<\/div>\n\t\t\t\t<\/div>\n\t\t\t\t\t<\/div>\n\t\t<\/div>\n\t\t\t\t\t<\/div>\n\t\t<\/section>\n\t\t\t\t<section class=\"elementor-section elementor-top-section elementor-element elementor-element-b29d375 elementor-section-boxed elementor-section-height-default elementor-section-height-default\" data-id=\"b29d375\" data-element_type=\"section\" data-e-type=\"section\">\n\t\t\t\t\t\t<div class=\"elementor-container elementor-column-gap-default\">\n\t\t\t\t\t<div class=\"elementor-column elementor-col-100 elementor-top-column elementor-element elementor-element-f077908\" data-id=\"f077908\" data-element_type=\"column\" data-e-type=\"column\">\n\t\t\t<div class=\"elementor-widget-wrap elementor-element-populated\">\n\t\t\t\t\t\t<div class=\"elementor-element elementor-element-81c9c78 elementor-widget-divider--view-line elementor-widget elementor-widget-divider\" data-id=\"81c9c78\" data-element_type=\"widget\" data-e-type=\"widget\" data-widget_type=\"divider.default\">\n\t\t\t\t<div class=\"elementor-widget-container\">\n\t\t\t\t\t\t\t<div class=\"elementor-divider\">\n\t\t\t<span class=\"elementor-divider-separator\">\n\t\t\t\t\t\t<\/span>\n\t\t<\/div>\n\t\t\t\t\t\t<\/div>\n\t\t\t\t<\/div>\n\t\t\t\t<div class=\"elementor-element elementor-element-f2b9090 elementor-widget elementor-widget-heading\" data-id=\"f2b9090\" data-element_type=\"widget\" data-e-type=\"widget\" data-widget_type=\"heading.default\">\n\t\t\t\t<div class=\"elementor-widget-container\">\n\t\t\t\t\t<h2 class=\"elementor-heading-title elementor-size-default\">Ladda ner<\/h2>\t\t\t\t<\/div>\n\t\t\t\t<\/div>\n\t\t\t\t<div class=\"elementor-element elementor-element-02b170e elementor-widget elementor-widget-shortcode\" data-id=\"02b170e\" data-element_type=\"widget\" data-e-type=\"widget\" data-widget_type=\"shortcode.default\">\n\t\t\t\t<div class=\"elementor-widget-container\">\n\t\t\t\t\t\t\t<div class=\"elementor-shortcode\"><div id=\"dlp_grid_354244d125f9983b_1\" class=\"dlp-grid-container\"><header class=\"dlp-grid-header dlp-grid-above dlp-grid-controls\"><\/header><div class=\"dlp-grid-documents grid-autosize\"><div class=\"dlp-grid-card dlp-document-a-eta-suspa-system-13_0839_en\"><div class=\"dlp-grid-card-inner\">\n<div class=\"dlp-grid-card-featured-img\">\n\n\t<a href=\"https:\/\/spennteknikk.no\/wp-content\/uploads\/2023\/11\/ETA-SUSPA-SYSTEM-13_0839_EN.png\"><img fetchpriority=\"high\" decoding=\"async\" width=\"713\" height=\"1024\" src=\"https:\/\/spennteknikk.no\/wp-content\/uploads\/2023\/11\/ETA-SUSPA-SYSTEM-13_0839_EN-713x1024.png\" class=\"\" alt=\"ETA SUSPA SYSTEM -13_0839_EN\" title=\"ETA SUSPA SYSTEM -13_0839_EN\" sizes=\"(max-width: 530px) 713px, 209px\" srcset=\"https:\/\/spennteknikk.no\/wp-content\/uploads\/2023\/11\/ETA-SUSPA-SYSTEM-13_0839_EN-713x1024.png 713w, https:\/\/spennteknikk.no\/wp-content\/uploads\/2023\/11\/ETA-SUSPA-SYSTEM-13_0839_EN-209x300.png 209w\" data-caption=\"ETA SUSPA SYSTEM -13_0839_EN\" data-src=\"https:\/\/spennteknikk.no\/wp-content\/uploads\/2023\/11\/ETA-SUSPA-SYSTEM-13_0839_EN.png\" data-large_image=\"https:\/\/spennteknikk.no\/wp-content\/uploads\/2023\/11\/ETA-SUSPA-SYSTEM-13_0839_EN.png\" data-large_image_width=\"905\" data-large_image_height=\"1300\" \/><\/a>\n<\/div>\n<div class=\"dlp-grid-card-content\"><div class=\"dlp-grid-card-info\"><div class=\"dlp-grid-card-file-info\">\n\t<div class=\"dlp-grid-card-file-type\">\n\t\tpdf\t<\/div>\n\n\n\t<div class=\"dlp-grid-card-file-size\">\n\t\t2 MB\t<\/div>\n\n\n\t<div class=\"dlp-grid-card-download-count\">\n\t\t<div class=\"dlp-icon download download-count-icon\"><svg xmlns=\"http:\/\/www.w3.org\/2000\/svg\" viewbox=\"0 0 512 512\" aria-label=\"Ladda ner\"><path fill=\"currentColor\" d=\"M216 0h80c13.3 0 24 10.7 24 24v168h87.7c17.8 0 26.7 21.5 14.1 34.1L269.7 378.3c-7.5 7.5-19.8 7.5-27.3 0L90.1 226.1c-12.6-12.6-3.7-34.1 14.1-34.1H192V24c0-13.3 10.7-24 24-24zm296 376v112c0 13.3-10.7 24-24 24H24c-13.3 0-24-10.7-24-24V376c0-13.3 10.7-24 24-24h146.7l49 49c20.1 20.1 52.5 20.1 72.6 0l49-49H488c13.3 0 24 10.7 24 24zm-124 88c0-11-9-20-20-20s-20 9-20 20 9 20 20 20 20-9 20-20zm64 0c0-11-9-20-20-20s-20 9-20 20 9 20 20 20 20-9 20-20z\"><\/path><\/svg><\/div>206\t<\/div>\n\n<\/div><\/div>\n<div class=\"dlp-grid-card-title\">\n\n\t<a href=\"https:\/\/spennteknikk.no\/sv\/document\/a-eta-suspa-system-13_0839_en\/\" >ETA SUSPA SYSTEM -13_0839_EN<\/a>\n<\/div>\n\n<div class=\"dlp-grid-card-document-link-wrap\">\n\n\t<a href=\"https:\/\/spennteknikk.no\/wp-content\/uploads\/2023\/11\/ETA-SUSPA-SYSTEM-13_0839_EN.pdf\" class=\"dlp-download-link dlp-download-button document-library-pro-button button btn\" data-download-id=\"927\"  download=\"ETA-SUSPA-SYSTEM-13_0839_EN.pdf\" type=\"application\/pdf\">ladda ner<\/a><a href=\"javascript:void(0)\" class=\"dlp-preview-button document-library-pro-button button btn\" data-download-url=\"https:\/\/spennteknikk.no\/wp-content\/uploads\/2023\/11\/ETA-SUSPA-SYSTEM-13_0839_EN.pdf\" data-download-type=\"application\/pdf\" data-title=\"ETA SUSPA SYSTEM -13_0839_EN\" data-view=\"grid\" data-download-id=\"927\">f\u00f6rhandsvisning<\/a>\n<\/div>\n<\/div><\/div><\/div><div class=\"dlp-grid-card dlp-document-b-eta-ma-system-13_0815_en\"><div class=\"dlp-grid-card-inner\">\n<div class=\"dlp-grid-card-featured-img\">\n\n\t<a href=\"https:\/\/spennteknikk.no\/wp-content\/uploads\/2023\/11\/ETA-MA-SYSTEM-13_0815_EN.png\"><img decoding=\"async\" width=\"713\" height=\"1024\" src=\"https:\/\/spennteknikk.no\/wp-content\/uploads\/2023\/11\/ETA-MA-SYSTEM-13_0815_EN-713x1024.png\" class=\"\" alt=\"ETA MA SYSTEM -13_0815_EN\" title=\"ETA MA SYSTEM -13_0815_EN\" sizes=\"(max-width: 530px) 713px, 209px\" srcset=\"https:\/\/spennteknikk.no\/wp-content\/uploads\/2023\/11\/ETA-MA-SYSTEM-13_0815_EN-713x1024.png 713w, https:\/\/spennteknikk.no\/wp-content\/uploads\/2023\/11\/ETA-MA-SYSTEM-13_0815_EN-209x300.png 209w\" data-caption=\"ETA MA SYSTEM -13_0815_EN\" data-src=\"https:\/\/spennteknikk.no\/wp-content\/uploads\/2023\/11\/ETA-MA-SYSTEM-13_0815_EN.png\" data-large_image=\"https:\/\/spennteknikk.no\/wp-content\/uploads\/2023\/11\/ETA-MA-SYSTEM-13_0815_EN.png\" data-large_image_width=\"905\" data-large_image_height=\"1300\" \/><\/a>\n<\/div>\n<div class=\"dlp-grid-card-content\"><div class=\"dlp-grid-card-info\"><div class=\"dlp-grid-card-file-info\">\n\t<div class=\"dlp-grid-card-file-type\">\n\t\tpdf\t<\/div>\n\n\n\t<div class=\"dlp-grid-card-file-size\">\n\t\t4 MB\t<\/div>\n\n\n\t<div class=\"dlp-grid-card-download-count\">\n\t\t<div class=\"dlp-icon download download-count-icon\"><svg xmlns=\"http:\/\/www.w3.org\/2000\/svg\" viewbox=\"0 0 512 512\" aria-label=\"Ladda ner\"><path fill=\"currentColor\" d=\"M216 0h80c13.3 0 24 10.7 24 24v168h87.7c17.8 0 26.7 21.5 14.1 34.1L269.7 378.3c-7.5 7.5-19.8 7.5-27.3 0L90.1 226.1c-12.6-12.6-3.7-34.1 14.1-34.1H192V24c0-13.3 10.7-24 24-24zm296 376v112c0 13.3-10.7 24-24 24H24c-13.3 0-24-10.7-24-24V376c0-13.3 10.7-24 24-24h146.7l49 49c20.1 20.1 52.5 20.1 72.6 0l49-49H488c13.3 0 24 10.7 24 24zm-124 88c0-11-9-20-20-20s-20 9-20 20 9 20 20 20 20-9 20-20zm64 0c0-11-9-20-20-20s-20 9-20 20 9 20 20 20 20-9 20-20z\"><\/path><\/svg><\/div>196\t<\/div>\n\n<\/div><\/div>\n<div class=\"dlp-grid-card-title\">\n\n\t<a href=\"https:\/\/spennteknikk.no\/sv\/document\/b-eta-ma-system-13_0815_en\/\" >ETA MA SYSTEM -13_0815_EN<\/a>\n<\/div>\n\n<div class=\"dlp-grid-card-document-link-wrap\">\n\n\t<a href=\"https:\/\/spennteknikk.no\/wp-content\/uploads\/2023\/11\/ETA-MA-SYSTEM-13_0815_EN.pdf\" class=\"dlp-download-link dlp-download-button document-library-pro-button button btn\" data-download-id=\"925\"  download=\"ETA-MA-SYSTEM-13_0815_EN.pdf\" type=\"application\/pdf\">ladda ner<\/a><a href=\"javascript:void(0)\" class=\"dlp-preview-button document-library-pro-button button btn\" data-download-url=\"https:\/\/spennteknikk.no\/wp-content\/uploads\/2023\/11\/ETA-MA-SYSTEM-13_0815_EN.pdf\" data-download-type=\"application\/pdf\" data-title=\"ETA MA SYSTEM -13_0815_EN\" data-view=\"grid\" data-download-id=\"925\">f\u00f6rhandsvisning<\/a>\n<\/div>\n<\/div><\/div><\/div><div class=\"dlp-grid-card dlp-document-dywidag-bonded-pt-systems-using-strands\"><div class=\"dlp-grid-card-inner\">\n<div class=\"dlp-grid-card-featured-img\">\n\n\t<a href=\"https:\/\/spennteknikk.no\/wp-content\/uploads\/2023\/11\/DYWIDAG-Bonded-PT-Systems-using-strands.png\"><img decoding=\"async\" width=\"713\" height=\"1024\" src=\"https:\/\/spennteknikk.no\/wp-content\/uploads\/2023\/11\/DYWIDAG-Bonded-PT-Systems-using-strands-713x1024.png\" class=\"\" alt=\"DYWIDAG Bonded PT Systems using strands\" title=\"DYWIDAG Bonded PT Systems using strands\" sizes=\"(max-width: 530px) 713px, 209px\" srcset=\"https:\/\/spennteknikk.no\/wp-content\/uploads\/2023\/11\/DYWIDAG-Bonded-PT-Systems-using-strands-713x1024.png 713w, https:\/\/spennteknikk.no\/wp-content\/uploads\/2023\/11\/DYWIDAG-Bonded-PT-Systems-using-strands-209x300.png 209w\" data-caption=\"DYWIDAG Bonded PT Systems using strands\" data-src=\"https:\/\/spennteknikk.no\/wp-content\/uploads\/2023\/11\/DYWIDAG-Bonded-PT-Systems-using-strands.png\" data-large_image=\"https:\/\/spennteknikk.no\/wp-content\/uploads\/2023\/11\/DYWIDAG-Bonded-PT-Systems-using-strands.png\" data-large_image_width=\"905\" data-large_image_height=\"1300\" \/><\/a>\n<\/div>\n<div class=\"dlp-grid-card-content\"><div class=\"dlp-grid-card-info\"><div class=\"dlp-grid-card-file-info\">\n\t<div class=\"dlp-grid-card-file-type\">\n\t\tpdf\t<\/div>\n\n\n\t<div class=\"dlp-grid-card-file-size\">\n\t\t10 MB\t<\/div>\n\n\n\t<div class=\"dlp-grid-card-download-count\">\n\t\t<div class=\"dlp-icon download download-count-icon\"><svg xmlns=\"http:\/\/www.w3.org\/2000\/svg\" viewbox=\"0 0 512 512\" aria-label=\"Ladda ner\"><path fill=\"currentColor\" d=\"M216 0h80c13.3 0 24 10.7 24 24v168h87.7c17.8 0 26.7 21.5 14.1 34.1L269.7 378.3c-7.5 7.5-19.8 7.5-27.3 0L90.1 226.1c-12.6-12.6-3.7-34.1 14.1-34.1H192V24c0-13.3 10.7-24 24-24zm296 376v112c0 13.3-10.7 24-24 24H24c-13.3 0-24-10.7-24-24V376c0-13.3 10.7-24 24-24h146.7l49 49c20.1 20.1 52.5 20.1 72.6 0l49-49H488c13.3 0 24 10.7 24 24zm-124 88c0-11-9-20-20-20s-20 9-20 20 9 20 20 20 20-9 20-20zm64 0c0-11-9-20-20-20s-20 9-20 20 9 20 20 20 20-9 20-20z\"><\/path><\/svg><\/div>138\t<\/div>\n\n<\/div><\/div>\n<div class=\"dlp-grid-card-title\">\n\n\t<a href=\"https:\/\/spennteknikk.no\/sv\/document\/dywidag-bonded-pt-systems-using-strands\/\" >DYWIDAG Bonded PT Systems using strands<\/a>\n<\/div>\n\n<div class=\"dlp-grid-card-document-link-wrap\">\n\n\t<a href=\"https:\/\/spennteknikk.no\/wp-content\/uploads\/2023\/11\/DYWIDAG-Bonded-PT-Systems-using-strands.pdf\" class=\"dlp-download-link dlp-download-button document-library-pro-button button btn\" data-download-id=\"923\"  download=\"DYWIDAG-Bonded-PT-Systems-using-strands.pdf\" type=\"application\/pdf\">ladda ner<\/a><a href=\"javascript:void(0)\" class=\"dlp-preview-button document-library-pro-button button btn\" data-download-url=\"https:\/\/spennteknikk.no\/wp-content\/uploads\/2023\/11\/DYWIDAG-Bonded-PT-Systems-using-strands.pdf\" data-download-type=\"application\/pdf\" data-title=\"DYWIDAG Bonded PT Systems using strands\" data-view=\"grid\" data-download-id=\"923\">f\u00f6rhandsvisning<\/a>\n<\/div>\n<\/div><\/div><\/div><div class=\"dlp-grid-card dlp-document-filename-assignment-of-ifc-models\"><div class=\"dlp-grid-card-inner\">\n<div class=\"dlp-grid-card-featured-img\">\n\n\t<a href=\"https:\/\/spennteknikk.no\/wp-content\/uploads\/2023\/11\/Filename-Assignment-of-IFC-Models.png\"><img loading=\"lazy\" decoding=\"async\" width=\"713\" height=\"1024\" src=\"https:\/\/spennteknikk.no\/wp-content\/uploads\/2023\/11\/Filename-Assignment-of-IFC-Models-713x1024.png\" class=\"\" alt=\"Filename Assignment of IFC Models\" title=\"Filename-Assignment-of-IFC-Models\" sizes=\"(max-width: 530px) 713px, 209px\" srcset=\"https:\/\/spennteknikk.no\/wp-content\/uploads\/2023\/11\/Filename-Assignment-of-IFC-Models-713x1024.png 713w, https:\/\/spennteknikk.no\/wp-content\/uploads\/2023\/11\/Filename-Assignment-of-IFC-Models-209x300.png 209w\" data-caption=\"Filename Assignment of IFC Models\" data-src=\"https:\/\/spennteknikk.no\/wp-content\/uploads\/2023\/11\/Filename-Assignment-of-IFC-Models.png\" data-large_image=\"https:\/\/spennteknikk.no\/wp-content\/uploads\/2023\/11\/Filename-Assignment-of-IFC-Models.png\" data-large_image_width=\"905\" data-large_image_height=\"1300\" \/><\/a>\n<\/div>\n<div class=\"dlp-grid-card-content\"><div class=\"dlp-grid-card-info\"><div class=\"dlp-grid-card-file-info\">\n\t<div class=\"dlp-grid-card-file-type\">\n\t\tpdf\t<\/div>\n\n\n\t<div class=\"dlp-grid-card-file-size\">\n\t\t67 KB\t<\/div>\n\n\n\t<div class=\"dlp-grid-card-download-count\">\n\t\t<div class=\"dlp-icon download download-count-icon\"><svg xmlns=\"http:\/\/www.w3.org\/2000\/svg\" viewbox=\"0 0 512 512\" aria-label=\"Ladda ner\"><path fill=\"currentColor\" d=\"M216 0h80c13.3 0 24 10.7 24 24v168h87.7c17.8 0 26.7 21.5 14.1 34.1L269.7 378.3c-7.5 7.5-19.8 7.5-27.3 0L90.1 226.1c-12.6-12.6-3.7-34.1 14.1-34.1H192V24c0-13.3 10.7-24 24-24zm296 376v112c0 13.3-10.7 24-24 24H24c-13.3 0-24-10.7-24-24V376c0-13.3 10.7-24 24-24h146.7l49 49c20.1 20.1 52.5 20.1 72.6 0l49-49H488c13.3 0 24 10.7 24 24zm-124 88c0-11-9-20-20-20s-20 9-20 20 9 20 20 20 20-9 20-20zm64 0c0-11-9-20-20-20s-20 9-20 20 9 20 20 20 20-9 20-20z\"><\/path><\/svg><\/div>24\t<\/div>\n\n<\/div><\/div>\n<div class=\"dlp-grid-card-title\">\n\n\t<a href=\"https:\/\/spennteknikk.no\/sv\/document\/filename-assignment-of-ifc-models\/\" >Filename Assignment of IFC Models<\/a>\n<\/div>\n\n<div class=\"dlp-grid-card-document-link-wrap\">\n\n\t<a href=\"https:\/\/spennteknikk.no\/wp-content\/uploads\/2023\/11\/Filename-Assignment-of-IFC-Models.pdf\" class=\"dlp-download-link dlp-download-button document-library-pro-button button btn\" data-download-id=\"895\"  download=\"Filename-Assignment-of-IFC-Models.pdf\" type=\"application\/pdf\">ladda ner<\/a><a href=\"javascript:void(0)\" class=\"dlp-preview-button document-library-pro-button button btn\" data-download-url=\"https:\/\/spennteknikk.no\/wp-content\/uploads\/2023\/11\/Filename-Assignment-of-IFC-Models.pdf\" data-download-type=\"application\/pdf\" data-title=\"Filename Assignment of IFC Models\" data-view=\"grid\" data-download-id=\"895\">f\u00f6rhandsvisning<\/a>\n<\/div>\n<\/div><\/div><\/div><div class=\"dlp-grid-card dlp-document-spennarmering-brosjyre\"><div class=\"dlp-grid-card-inner\">\n<div class=\"dlp-grid-card-featured-img\">\n\n\t<a href=\"https:\/\/spennteknikk.no\/wp-content\/uploads\/2023\/11\/Spennarmering-brosjyre.png\"><img loading=\"lazy\" decoding=\"async\" width=\"713\" height=\"1024\" src=\"https:\/\/spennteknikk.no\/wp-content\/uploads\/2023\/11\/Spennarmering-brosjyre-713x1024.png\" class=\"\" alt=\"Spennarmering brosjyre\" title=\"Spennarmering brosjyre\" sizes=\"(max-width: 530px) 713px, 209px\" srcset=\"https:\/\/spennteknikk.no\/wp-content\/uploads\/2023\/11\/Spennarmering-brosjyre-713x1024.png 713w, https:\/\/spennteknikk.no\/wp-content\/uploads\/2023\/11\/Spennarmering-brosjyre-209x300.png 209w\" data-caption=\"Spennarmering brosjyre\" data-src=\"https:\/\/spennteknikk.no\/wp-content\/uploads\/2023\/11\/Spennarmering-brosjyre.png\" data-large_image=\"https:\/\/spennteknikk.no\/wp-content\/uploads\/2023\/11\/Spennarmering-brosjyre.png\" data-large_image_width=\"905\" data-large_image_height=\"1300\" \/><\/a>\n<\/div>\n<div class=\"dlp-grid-card-content\"><div class=\"dlp-grid-card-info\"><div class=\"dlp-grid-card-file-info\">\n\t<div class=\"dlp-grid-card-file-type\">\n\t\tpdf\t<\/div>\n\n\n\t<div class=\"dlp-grid-card-file-size\">\n\t\t19 MB\t<\/div>\n\n\n\t<div class=\"dlp-grid-card-download-count\">\n\t\t<div class=\"dlp-icon download download-count-icon\"><svg xmlns=\"http:\/\/www.w3.org\/2000\/svg\" viewbox=\"0 0 512 512\" aria-label=\"Ladda ner\"><path fill=\"currentColor\" d=\"M216 0h80c13.3 0 24 10.7 24 24v168h87.7c17.8 0 26.7 21.5 14.1 34.1L269.7 378.3c-7.5 7.5-19.8 7.5-27.3 0L90.1 226.1c-12.6-12.6-3.7-34.1 14.1-34.1H192V24c0-13.3 10.7-24 24-24zm296 376v112c0 13.3-10.7 24-24 24H24c-13.3 0-24-10.7-24-24V376c0-13.3 10.7-24 24-24h146.7l49 49c20.1 20.1 52.5 20.1 72.6 0l49-49H488c13.3 0 24 10.7 24 24zm-124 88c0-11-9-20-20-20s-20 9-20 20 9 20 20 20 20-9 20-20zm64 0c0-11-9-20-20-20s-20 9-20 20 9 20 20 20 20-9 20-20z\"><\/path><\/svg><\/div>634\t<\/div>\n\n<\/div><\/div>\n<div class=\"dlp-grid-card-title\">\n\n\t<a href=\"https:\/\/spennteknikk.no\/sv\/document\/spennarmering-brosjyre\/\" >Spennarmering brosjyre<\/a>\n<\/div>\n\n<div class=\"dlp-grid-card-document-link-wrap\">\n\n\t<a href=\"https:\/\/spennteknikk.no\/wp-content\/uploads\/2023\/11\/Spennarmering-brosjyre.pdf\" class=\"dlp-download-link dlp-download-button document-library-pro-button button btn\" data-download-id=\"929\"  download=\"Spennarmering-brosjyre.pdf\" type=\"application\/pdf\">ladda ner<\/a><a href=\"javascript:void(0)\" class=\"dlp-preview-button document-library-pro-button button btn\" data-download-url=\"https:\/\/spennteknikk.no\/wp-content\/uploads\/2023\/11\/Spennarmering-brosjyre.pdf\" data-download-type=\"application\/pdf\" data-title=\"Spennarmering brosjyre\" data-view=\"grid\" data-download-id=\"929\">f\u00f6rhandsvisning<\/a>\n<\/div>\n<\/div><\/div><\/div><\/div><footer class=\"dlp-grid-footer dlp-grid-below dlp-grid-controls\"><div class=\"dlp-grid-length\"><label>Visa <select><option value=\"10\">10<\/option><option value=\"25\" selected='selected'>25<\/option><option value=\"50\">50<\/option><option value=\"100\">100<\/option><\/select> per sida<\/label><\/div><div class=\"dlp-grid-totals\">5 dokument<\/div><div class=\"dlp-grid-pagination\"><\/div><\/footer><\/div>\t\t<div id=\"modal_dlp_grid_354244d125f9983b_1\" class=\"dlp-preview-modal\" aria-hidden=\"true\">\n\t\t\t<div class=\"dlp-preview-modal-overlay\" tabindex=\"-1\" data-dlp-preview-close=\"#modal_dlp_grid_354244d125f9983b_1\">\n\t\t\t\t<a class=\"dlp-preview-modal-close\" data-dlp-preview-close=\"#modal_dlp_grid_354244d125f9983b_1\">\n\t\t\t\t\t<div class=\"dlp-icon close\"><svg xmlns=\"http:\/\/www.w3.org\/2000\/svg\" viewbox=\"0 0 24 24\" aria-label=\"Close\"><path fill=\"currentColor\" d=\"M19 6.41L17.59 5 12 10.59 6.41 5 5 6.41 10.59 12 5 17.59 6.41 19 12 13.41 17.59 19 19 17.59 13.41 12z\" \/><path d=\"M0 0h24v24H0z\" fill=\"none\" \/><\/svg><\/div>\t\t\t\t<\/a>\n\n\t\t\t\t<div class=\"dlp-preview-modal-container\" role=\"dialog\" aria-modal=\"true\" aria-labelledby=\"dlp-preview-modal-title\">\n\t\t\t\t\t<main class=\"dlp-preview-modal-content\"><\/main>\n\t\t\t\t\t<footer class=\"dlp-preview-modal-footer\"><\/footer>\n\t\t\t\t<\/div>\n\t\t\t<\/div>\n\t\t<\/div>\n\t\t<\/div>\n\t\t\t\t\t\t<\/div>\n\t\t\t\t<\/div>\n\t\t\t\t<div class=\"elementor-element elementor-element-f872af9 elementor-hidden-desktop elementor-hidden-tablet elementor-hidden-mobile elementor-widget elementor-widget-heading\" data-id=\"f872af9\" data-element_type=\"widget\" data-e-type=\"widget\" data-widget_type=\"heading.default\">\n\t\t\t\t<div class=\"elementor-widget-container\">\n\t\t\t\t\t<h2 class=\"elementor-heading-title elementor-size-default\">European Technical Approval<\/h2>\t\t\t\t<\/div>\n\t\t\t\t<\/div>\n\t\t\t\t<div class=\"elementor-element elementor-element-4638d21 elementor-hidden-desktop elementor-hidden-tablet elementor-hidden-mobile elementor-widget elementor-widget-shortcode\" data-id=\"4638d21\" data-element_type=\"widget\" data-e-type=\"widget\" data-widget_type=\"shortcode.default\">\n\t\t\t\t<div class=\"elementor-widget-container\">\n\t\t\t\t\t\t\t<div class=\"elementor-shortcode\"><div id=\"dlp_grid_ace73d080a4162b3_2\" class=\"dlp-grid-container\"><header class=\"dlp-grid-header dlp-grid-above dlp-grid-controls\"><\/header><div class=\"dlp-grid-documents grid-autosize\">Inga matchande dokument<\/div><footer class=\"dlp-grid-footer dlp-grid-below dlp-grid-controls\"><div class=\"dlp-grid-length\"><label>Visa <select><option value=\"10\">10<\/option><option value=\"25\" selected='selected'>25<\/option><option value=\"50\">50<\/option><option value=\"100\">100<\/option><\/select> per sida<\/label><\/div><div class=\"dlp-grid-totals\">0 dokument<\/div><div class=\"dlp-grid-pagination\"><\/div><\/footer><\/div>\t\t<div id=\"modal_dlp_grid_ace73d080a4162b3_2\" class=\"dlp-preview-modal\" aria-hidden=\"true\">\n\t\t\t<div class=\"dlp-preview-modal-overlay\" tabindex=\"-1\" data-dlp-preview-close=\"#modal_dlp_grid_ace73d080a4162b3_2\">\n\t\t\t\t<a class=\"dlp-preview-modal-close\" data-dlp-preview-close=\"#modal_dlp_grid_ace73d080a4162b3_2\">\n\t\t\t\t\t<div class=\"dlp-icon close\"><svg xmlns=\"http:\/\/www.w3.org\/2000\/svg\" viewbox=\"0 0 24 24\" aria-label=\"Close\"><path fill=\"currentColor\" d=\"M19 6.41L17.59 5 12 10.59 6.41 5 5 6.41 10.59 12 5 17.59 6.41 19 12 13.41 17.59 19 19 17.59 13.41 12z\" \/><path d=\"M0 0h24v24H0z\" fill=\"none\" \/><\/svg><\/div>\t\t\t\t<\/a>\n\n\t\t\t\t<div class=\"dlp-preview-modal-container\" role=\"dialog\" aria-modal=\"true\" aria-labelledby=\"dlp-preview-modal-title\">\n\t\t\t\t\t<main class=\"dlp-preview-modal-content\"><\/main>\n\t\t\t\t\t<footer class=\"dlp-preview-modal-footer\"><\/footer>\n\t\t\t\t<\/div>\n\t\t\t<\/div>\n\t\t<\/div>\n\t\t<\/div>\n\t\t\t\t\t\t<\/div>\n\t\t\t\t<\/div>\n\t\t\t\t<div class=\"elementor-element elementor-element-0250af2 elementor-widget elementor-widget-heading\" data-id=\"0250af2\" data-element_type=\"widget\" data-e-type=\"widget\" data-widget_type=\"heading.default\">\n\t\t\t\t<div class=\"elementor-widget-container\">\n\t\t\t\t\t<h2 class=\"elementor-heading-title elementor-size-default\">CAD filer<\/h2>\t\t\t\t<\/div>\n\t\t\t\t<\/div>\n\t\t\t\t<div class=\"elementor-element elementor-element-85349fc elementor-widget elementor-widget-shortcode\" data-id=\"85349fc\" data-element_type=\"widget\" data-e-type=\"widget\" data-widget_type=\"shortcode.default\">\n\t\t\t\t<div class=\"elementor-widget-container\">\n\t\t\t\t\t\t\t<div class=\"elementor-shortcode\"><div id=\"dlp_grid_dde8db8e86273861_3\" class=\"dlp-grid-container\"><header class=\"dlp-grid-header dlp-grid-above dlp-grid-controls\"><\/header><div class=\"dlp-grid-documents grid-autosize\">Inga matchande dokument<\/div><footer class=\"dlp-grid-footer dlp-grid-below dlp-grid-controls\"><div class=\"dlp-grid-length\"><label>Visa <select><option value=\"10\">10<\/option><option value=\"25\" selected='selected'>25<\/option><option value=\"50\">50<\/option><option value=\"100\">100<\/option><\/select> per sida<\/label><\/div><div class=\"dlp-grid-totals\">0 dokument<\/div><div class=\"dlp-grid-pagination\"><\/div><\/footer><\/div>\t\t<div id=\"modal_dlp_grid_dde8db8e86273861_3\" class=\"dlp-preview-modal\" aria-hidden=\"true\">\n\t\t\t<div class=\"dlp-preview-modal-overlay\" tabindex=\"-1\" data-dlp-preview-close=\"#modal_dlp_grid_dde8db8e86273861_3\">\n\t\t\t\t<a class=\"dlp-preview-modal-close\" data-dlp-preview-close=\"#modal_dlp_grid_dde8db8e86273861_3\">\n\t\t\t\t\t<div class=\"dlp-icon close\"><svg xmlns=\"http:\/\/www.w3.org\/2000\/svg\" viewbox=\"0 0 24 24\" aria-label=\"Close\"><path fill=\"currentColor\" d=\"M19 6.41L17.59 5 12 10.59 6.41 5 5 6.41 10.59 12 5 17.59 6.41 19 12 13.41 17.59 19 19 17.59 13.41 12z\" \/><path d=\"M0 0h24v24H0z\" fill=\"none\" \/><\/svg><\/div>\t\t\t\t<\/a>\n\n\t\t\t\t<div class=\"dlp-preview-modal-container\" role=\"dialog\" aria-modal=\"true\" aria-labelledby=\"dlp-preview-modal-title\">\n\t\t\t\t\t<main class=\"dlp-preview-modal-content\"><\/main>\n\t\t\t\t\t<footer class=\"dlp-preview-modal-footer\"><\/footer>\n\t\t\t\t<\/div>\n\t\t\t<\/div>\n\t\t<\/div>\n\t\t<\/div>\n\t\t\t\t\t\t<\/div>\n\t\t\t\t<\/div>\n\t\t\t\t\t<\/div>\n\t\t<\/div>\n\t\t\t\t\t<\/div>\n\t\t<\/section>\n\t\t\t\t<\/div>","protected":false},"excerpt":{"rendered":"<p>Spennarmering med heft Vi har til r\u00e5dighet SUSPA DW-system og DYWDIAG MA-system, med tilgang til begge systemene kan vi bruke det som gunstig for \u00e5 l\u00f8se dine utfordringer p\u00e5 byggeplassen. Godkjenninger ETA-13\/0839 SUSPA DW PT System 1-22 liner ETA-13\/0815 DYWIDAG PT System 3-55 liner Nedlasting European Technical Approval CAD filer<\/p>","protected":false},"author":1,"featured_media":0,"parent":414,"menu_order":0,"comment_status":"closed","ping_status":"closed","template":"","meta":{"footnotes":""},"class_list":["post-434","page","type-page","status-publish","hentry"],"_links":{"self":[{"href":"https:\/\/spennteknikk.no\/sv\/wp-json\/wp\/v2\/pages\/434","targetHints":{"allow":["GET"]}}],"collection":[{"href":"https:\/\/spennteknikk.no\/sv\/wp-json\/wp\/v2\/pages"}],"about":[{"href":"https:\/\/spennteknikk.no\/sv\/wp-json\/wp\/v2\/types\/page"}],"author":[{"embeddable":true,"href":"https:\/\/spennteknikk.no\/sv\/wp-json\/wp\/v2\/users\/1"}],"replies":[{"embeddable":true,"href":"https:\/\/spennteknikk.no\/sv\/wp-json\/wp\/v2\/comments?post=434"}],"version-history":[{"count":5,"href":"https:\/\/spennteknikk.no\/sv\/wp-json\/wp\/v2\/pages\/434\/revisions"}],"predecessor-version":[{"id":1878,"href":"https:\/\/spennteknikk.no\/sv\/wp-json\/wp\/v2\/pages\/434\/revisions\/1878"}],"up":[{"embeddable":true,"href":"https:\/\/spennteknikk.no\/sv\/wp-json\/wp\/v2\/pages\/414"}],"wp:attachment":[{"href":"https:\/\/spennteknikk.no\/sv\/wp-json\/wp\/v2\/media?parent=434"}],"curies":[{"name":"wp","href":"https:\/\/api.w.org\/{rel}","templated":true}]}}