{"id":414,"date":"2023-10-10T13:01:51","date_gmt":"2023-10-10T13:01:51","guid":{"rendered":"https:\/\/spennteknikk.no\/?page_id=414"},"modified":"2024-02-22T21:05:23","modified_gmt":"2024-02-22T21:05:23","slug":"spennarmering","status":"publish","type":"page","link":"https:\/\/spennteknikk.no\/sv\/vare-produkter\/spennarmering\/","title":{"rendered":"Sp\u00e4nnarmering"},"content":{"rendered":"<div data-elementor-type=\"wp-page\" data-elementor-id=\"414\" class=\"elementor elementor-414\" data-elementor-post-type=\"page\">\n\t\t\t\t\t\t<section class=\"elementor-section elementor-top-section elementor-element elementor-element-0970549 elementor-section-boxed elementor-section-height-default elementor-section-height-default\" data-id=\"0970549\" data-element_type=\"section\" data-e-type=\"section\">\n\t\t\t\t\t\t<div class=\"elementor-container elementor-column-gap-default\">\n\t\t\t\t\t<div class=\"elementor-column elementor-col-100 elementor-top-column elementor-element elementor-element-0bdaaee\" data-id=\"0bdaaee\" data-element_type=\"column\" data-e-type=\"column\">\n\t\t\t<div class=\"elementor-widget-wrap elementor-element-populated\">\n\t\t\t\t\t\t<div class=\"elementor-element elementor-element-b9b3e31 elementor-widget elementor-widget-heading\" data-id=\"b9b3e31\" data-element_type=\"widget\" data-e-type=\"widget\" data-widget_type=\"heading.default\">\n\t\t\t\t<div class=\"elementor-widget-container\">\n\t\t\t\t\t<h1 class=\"elementor-heading-title elementor-size-default\">Sp\u00e4nnarmering<\/h1>\t\t\t\t<\/div>\n\t\t\t\t<\/div>\n\t\t\t\t<div class=\"elementor-element elementor-element-e300a8d elementor-widget elementor-widget-text-editor\" data-id=\"e300a8d\" data-element_type=\"widget\" data-e-type=\"widget\" data-widget_type=\"text-editor.default\">\n\t\t\t\t<div class=\"elementor-widget-container\">\n\t\t\t\t\t\t\t\t\t<p>KB Spennteknikk kan leverera ett komplett sortiment sp\u00e4nnarmeringssystem f\u00f6r de flesta behov och anv\u00e4ndningsomr\u00e5den inom bygg- och anl\u00e4ggningssektorn.<\/p>\t\t\t\t\t\t\t\t<\/div>\n\t\t\t\t<\/div>\n\t\t\t\t\t<\/div>\n\t\t<\/div>\n\t\t\t\t\t<\/div>\n\t\t<\/section>\n\t\t\t\t<section class=\"elementor-section elementor-top-section elementor-element elementor-element-c6404ca elementor-section-boxed elementor-section-height-default elementor-section-height-default\" data-id=\"c6404ca\" data-element_type=\"section\" data-e-type=\"section\">\n\t\t\t\t\t\t<div class=\"elementor-container elementor-column-gap-default\">\n\t\t\t\t\t<div class=\"elementor-column elementor-col-33 elementor-top-column elementor-element elementor-element-6d9d4a9\" data-id=\"6d9d4a9\" data-element_type=\"column\" data-e-type=\"column\">\n\t\t\t<div class=\"elementor-widget-wrap elementor-element-populated\">\n\t\t\t\t\t\t<div class=\"elementor-element elementor-element-0aae21e bildeboks elementor-widget elementor-widget-image\" data-id=\"0aae21e\" data-element_type=\"widget\" data-e-type=\"widget\" data-widget_type=\"image.default\">\n\t\t\t\t<div class=\"elementor-widget-container\">\n\t\t\t\t\t\t\t\t\t\t\t\t\t\t\t\t<a href=\"\/sv\/vare-produkter\/spennarmering\/standard-bruer\/\">\n\t\t\t\t\t\t\t<img fetchpriority=\"high\" decoding=\"async\" width=\"793\" height=\"641\" src=\"https:\/\/spennteknikk.no\/wp-content\/uploads\/2023\/11\/spenntau.jpg\" class=\"attachment-large size-large wp-image-997\" alt=\"\" srcset=\"https:\/\/spennteknikk.no\/wp-content\/uploads\/2023\/11\/spenntau.jpg 793w, https:\/\/spennteknikk.no\/wp-content\/uploads\/2023\/11\/spenntau-300x242.jpg 300w, https:\/\/spennteknikk.no\/wp-content\/uploads\/2023\/11\/spenntau-768x621.jpg 768w\" sizes=\"(max-width: 793px) 100vw, 793px\" \/>\t\t\t\t\t\t\t\t<\/a>\n\t\t\t\t\t\t\t\t\t\t\t\t\t\t\t<\/div>\n\t\t\t\t<\/div>\n\t\t\t\t<div class=\"elementor-element elementor-element-f47c5f4 elementor-widget elementor-widget-text-editor\" data-id=\"f47c5f4\" data-element_type=\"widget\" data-e-type=\"widget\" data-widget_type=\"text-editor.default\">\n\t\t\t\t<div class=\"elementor-widget-container\">\n\t\t\t\t\t\t\t\t\t<p><a href=\"\/sv\/vare-produkter\/spennarmering\/standard-bruer\/\">SP\u00c4NNARMERING MED INJEKTERING<\/a><\/p>\t\t\t\t\t\t\t\t<\/div>\n\t\t\t\t<\/div>\n\t\t\t\t\t<\/div>\n\t\t<\/div>\n\t\t\t\t<div class=\"elementor-column elementor-col-33 elementor-top-column elementor-element elementor-element-5e60fd4\" data-id=\"5e60fd4\" data-element_type=\"column\" data-e-type=\"column\">\n\t\t\t<div class=\"elementor-widget-wrap elementor-element-populated\">\n\t\t\t\t\t\t<div class=\"elementor-element elementor-element-a3466bb bildeboks elementor-widget elementor-widget-image\" data-id=\"a3466bb\" data-element_type=\"widget\" data-e-type=\"widget\" data-widget_type=\"image.default\">\n\t\t\t\t<div class=\"elementor-widget-container\">\n\t\t\t\t\t\t\t\t\t\t\t\t\t\t\t\t<a href=\"\/sv\/vare-produkter\/spennarmering\/monostrand\/\">\n\t\t\t\t\t\t\t<img decoding=\"async\" width=\"651\" height=\"453\" src=\"https:\/\/spennteknikk.no\/wp-content\/uploads\/2023\/10\/image-asset.png\" class=\"attachment-large size-large wp-image-588\" alt=\"\" srcset=\"https:\/\/spennteknikk.no\/wp-content\/uploads\/2023\/10\/image-asset.png 651w, https:\/\/spennteknikk.no\/wp-content\/uploads\/2023\/10\/image-asset-300x209.png 300w\" sizes=\"(max-width: 651px) 100vw, 651px\" \/>\t\t\t\t\t\t\t\t<\/a>\n\t\t\t\t\t\t\t\t\t\t\t\t\t\t\t<\/div>\n\t\t\t\t<\/div>\n\t\t\t\t<div class=\"elementor-element elementor-element-8456f8f elementor-widget elementor-widget-text-editor\" data-id=\"8456f8f\" data-element_type=\"widget\" data-e-type=\"widget\" data-widget_type=\"text-editor.default\">\n\t\t\t\t<div class=\"elementor-widget-container\">\n\t\t\t\t\t\t\t\t\t<a href=\"\/sv\/vare-produkter\/spennarmering\/monostrand\/\">SP\u00c4NNARMERING UTAN INJEKTERING<\/a><br\/>\n<em>Monostrand<\/em>\t\t\t\t\t\t\t\t<\/div>\n\t\t\t\t<\/div>\n\t\t\t\t\t<\/div>\n\t\t<\/div>\n\t\t\t\t<div class=\"elementor-column elementor-col-33 elementor-top-column elementor-element elementor-element-89cd0d5\" data-id=\"89cd0d5\" data-element_type=\"column\" data-e-type=\"column\">\n\t\t\t<div class=\"elementor-widget-wrap elementor-element-populated\">\n\t\t\t\t\t\t<div class=\"elementor-element elementor-element-e0181fd bildeboks elementor-widget elementor-widget-image\" data-id=\"e0181fd\" data-element_type=\"widget\" data-e-type=\"widget\" data-widget_type=\"image.default\">\n\t\t\t\t<div class=\"elementor-widget-container\">\n\t\t\t\t\t\t\t\t\t\t\t\t\t\t\t\t<a href=\"\/sv\/vare-produkter\/spennarmering\/wire-ex\/\">\n\t\t\t\t\t\t\t<img decoding=\"async\" width=\"492\" height=\"330\" src=\"https:\/\/spennteknikk.no\/wp-content\/uploads\/2023\/11\/Wire-EX.jpg\" class=\"attachment-large size-large wp-image-1043\" alt=\"\" srcset=\"https:\/\/spennteknikk.no\/wp-content\/uploads\/2023\/11\/Wire-EX.jpg 492w, https:\/\/spennteknikk.no\/wp-content\/uploads\/2023\/11\/Wire-EX-300x201.jpg 300w\" sizes=\"(max-width: 492px) 100vw, 492px\" \/>\t\t\t\t\t\t\t\t<\/a>\n\t\t\t\t\t\t\t\t\t\t\t\t\t\t\t<\/div>\n\t\t\t\t<\/div>\n\t\t\t\t<div class=\"elementor-element elementor-element-ad03d18 elementor-widget elementor-widget-text-editor\" data-id=\"ad03d18\" data-element_type=\"widget\" data-e-type=\"widget\" data-widget_type=\"text-editor.default\">\n\t\t\t\t<div class=\"elementor-widget-container\">\n\t\t\t\t\t\t\t\t\t<p><a href=\"\/sv\/vare-produkter\/spennarmering\/wire-ex\/\">SP\u00c4NNARMERING UTAN INJEKTERING<\/a><br \/><em>Extern sp\u00e4nnarmering<\/em><\/p>\t\t\t\t\t\t\t\t<\/div>\n\t\t\t\t<\/div>\n\t\t\t\t\t<\/div>\n\t\t<\/div>\n\t\t\t\t\t<\/div>\n\t\t<\/section>\n\t\t\t\t<section class=\"elementor-section elementor-top-section elementor-element elementor-element-97bebe4 elementor-section-boxed elementor-section-height-default elementor-section-height-default\" data-id=\"97bebe4\" data-element_type=\"section\" data-e-type=\"section\">\n\t\t\t\t\t\t<div class=\"elementor-container elementor-column-gap-default\">\n\t\t\t\t\t<div class=\"elementor-column elementor-col-33 elementor-top-column elementor-element elementor-element-93bb5b9\" data-id=\"93bb5b9\" data-element_type=\"column\" data-e-type=\"column\">\n\t\t\t<div class=\"elementor-widget-wrap elementor-element-populated\">\n\t\t\t\t\t\t<div class=\"elementor-element elementor-element-ccac1cd bildeboks elementor-widget elementor-widget-image\" data-id=\"ccac1cd\" data-element_type=\"widget\" data-e-type=\"widget\" data-widget_type=\"image.default\">\n\t\t\t\t<div class=\"elementor-widget-container\">\n\t\t\t\t\t\t\t\t\t\t\t\t\t\t\t\t<a href=\"\/sv\/vare-produkter\/spennarmering\/skrastag\/\">\n\t\t\t\t\t\t\t<img loading=\"lazy\" decoding=\"async\" width=\"800\" height=\"454\" src=\"https:\/\/spennteknikk.no\/wp-content\/uploads\/2023\/11\/image002_skrastag.jpg\" class=\"attachment-large size-large wp-image-1153\" alt=\"\" srcset=\"https:\/\/spennteknikk.no\/wp-content\/uploads\/2023\/11\/image002_skrastag.jpg 840w, https:\/\/spennteknikk.no\/wp-content\/uploads\/2023\/11\/image002_skrastag-300x170.jpg 300w, https:\/\/spennteknikk.no\/wp-content\/uploads\/2023\/11\/image002_skrastag-768x436.jpg 768w\" sizes=\"(max-width: 800px) 100vw, 800px\" \/>\t\t\t\t\t\t\t\t<\/a>\n\t\t\t\t\t\t\t\t\t\t\t\t\t\t\t<\/div>\n\t\t\t\t<\/div>\n\t\t\t\t<div class=\"elementor-element elementor-element-09d49f9 elementor-widget elementor-widget-text-editor\" data-id=\"09d49f9\" data-element_type=\"widget\" data-e-type=\"widget\" data-widget_type=\"text-editor.default\">\n\t\t\t\t<div class=\"elementor-widget-container\">\n\t\t\t\t\t\t\t\t\t<p><a href=\"\/sv\/vare-produkter\/spennarmering\/skrastag\/\">STAY CABLE\/SNEDSTAGKABLAR<\/a><br \/><em>Sp\u00e4nnarmering utan injektering<\/em><\/p>\t\t\t\t\t\t\t\t<\/div>\n\t\t\t\t<\/div>\n\t\t\t\t\t<\/div>\n\t\t<\/div>\n\t\t\t\t<div class=\"elementor-column elementor-col-33 elementor-top-column elementor-element elementor-element-0f70748\" data-id=\"0f70748\" data-element_type=\"column\" data-e-type=\"column\">\n\t\t\t<div class=\"elementor-widget-wrap elementor-element-populated\">\n\t\t\t\t\t\t<div class=\"elementor-element elementor-element-ead0d30 bildeboks elementor-widget elementor-widget-image\" data-id=\"ead0d30\" data-element_type=\"widget\" data-e-type=\"widget\" data-widget_type=\"image.default\">\n\t\t\t\t<div class=\"elementor-widget-container\">\n\t\t\t\t\t\t\t\t\t\t\t\t\t\t\t\t<a href=\"\/sv\/vare-produkter\/spennarmering\/spennsystem\/\">\n\t\t\t\t\t\t\t<img loading=\"lazy\" decoding=\"async\" width=\"565\" height=\"346\" src=\"https:\/\/spennteknikk.no\/wp-content\/uploads\/2023\/11\/PT-Stenger.jpg\" class=\"attachment-large size-large wp-image-1042\" alt=\"\" srcset=\"https:\/\/spennteknikk.no\/wp-content\/uploads\/2023\/11\/PT-Stenger.jpg 565w, https:\/\/spennteknikk.no\/wp-content\/uploads\/2023\/11\/PT-Stenger-300x184.jpg 300w\" sizes=\"(max-width: 565px) 100vw, 565px\" \/>\t\t\t\t\t\t\t\t<\/a>\n\t\t\t\t\t\t\t\t\t\t\t\t\t\t\t<\/div>\n\t\t\t\t<\/div>\n\t\t\t\t<div class=\"elementor-element elementor-element-9b60c8e elementor-widget elementor-widget-text-editor\" data-id=\"9b60c8e\" data-element_type=\"widget\" data-e-type=\"widget\" data-widget_type=\"text-editor.default\">\n\t\t\t\t<div class=\"elementor-widget-container\">\n\t\t\t\t\t\t\t\t\t<a href=\"\/sv\/vare-produkter\/spennarmering\/Spennsystem\/\">SP\u00c4NNSYSTEM MED ST\u00c4NGER<\/a><br\/>\n<em>Sp\u00e4nnarmering med st\u00e4nger<\/em>\t\t\t\t\t\t\t\t<\/div>\n\t\t\t\t<\/div>\n\t\t\t\t\t<\/div>\n\t\t<\/div>\n\t\t\t\t<div class=\"elementor-column elementor-col-33 elementor-top-column elementor-element elementor-element-62ca067\" data-id=\"62ca067\" data-element_type=\"column\" data-e-type=\"column\">\n\t\t\t<div class=\"elementor-widget-wrap\">\n\t\t\t\t\t\t\t<\/div>\n\t\t<\/div>\n\t\t\t\t\t<\/div>\n\t\t<\/section>\n\t\t\t\t<section class=\"elementor-section elementor-top-section elementor-element elementor-element-258553b elementor-section-boxed elementor-section-height-default elementor-section-height-default\" data-id=\"258553b\" data-element_type=\"section\" data-e-type=\"section\">\n\t\t\t\t\t\t<div class=\"elementor-container elementor-column-gap-default\">\n\t\t\t\t\t<div class=\"elementor-column elementor-col-100 elementor-top-column elementor-element elementor-element-6fa657e\" data-id=\"6fa657e\" data-element_type=\"column\" data-e-type=\"column\">\n\t\t\t<div class=\"elementor-widget-wrap\">\n\t\t\t\t\t\t\t<\/div>\n\t\t<\/div>\n\t\t\t\t\t<\/div>\n\t\t<\/section>\n\t\t\t\t<\/div>","protected":false},"excerpt":{"rendered":"<p>Spennarmering KB Spennteknikk kan levere et komplett utvalg innenfor spennarmeringssystemer, som dekker de fleste bruksomr\u00e5der innenfor bygg og anleggssektoren. SPENNARMERING MED HEFT SPENNARMERING UTEN HEFT Monostrand SPENNAMERING UTEN HEFTEkstern spennarmering SKR\u00c5STAGSpennarmering uten heft SPENNSYSTEM MED STENGER Spennarmering stenger<\/p>","protected":false},"author":1,"featured_media":0,"parent":247,"menu_order":0,"comment_status":"closed","ping_status":"closed","template":"","meta":{"footnotes":""},"class_list":["post-414","page","type-page","status-publish","hentry"],"_links":{"self":[{"href":"https:\/\/spennteknikk.no\/sv\/wp-json\/wp\/v2\/pages\/414","targetHints":{"allow":["GET"]}}],"collection":[{"href":"https:\/\/spennteknikk.no\/sv\/wp-json\/wp\/v2\/pages"}],"about":[{"href":"https:\/\/spennteknikk.no\/sv\/wp-json\/wp\/v2\/types\/page"}],"author":[{"embeddable":true,"href":"https:\/\/spennteknikk.no\/sv\/wp-json\/wp\/v2\/users\/1"}],"replies":[{"embeddable":true,"href":"https:\/\/spennteknikk.no\/sv\/wp-json\/wp\/v2\/comments?post=414"}],"version-history":[{"count":5,"href":"https:\/\/spennteknikk.no\/sv\/wp-json\/wp\/v2\/pages\/414\/revisions"}],"predecessor-version":[{"id":1156,"href":"https:\/\/spennteknikk.no\/sv\/wp-json\/wp\/v2\/pages\/414\/revisions\/1156"}],"up":[{"embeddable":true,"href":"https:\/\/spennteknikk.no\/sv\/wp-json\/wp\/v2\/pages\/247"}],"wp:attachment":[{"href":"https:\/\/spennteknikk.no\/sv\/wp-json\/wp\/v2\/media?parent=414"}],"curies":[{"name":"wp","href":"https:\/\/api.w.org\/{rel}","templated":true}]}}