{"id":332,"date":"2023-10-03T11:40:30","date_gmt":"2023-10-03T11:40:30","guid":{"rendered":"https:\/\/spennteknikk.no\/?page_id=332"},"modified":"2024-02-22T21:24:19","modified_gmt":"2024-02-22T21:24:19","slug":"elastomerlager","status":"publish","type":"page","link":"https:\/\/spennteknikk.no\/sv\/vare-produkter\/lagersystemer\/elastomerlager\/","title":{"rendered":"Elastomerlager"},"content":{"rendered":"<div data-elementor-type=\"wp-page\" data-elementor-id=\"332\" class=\"elementor elementor-332\" data-elementor-post-type=\"page\">\n\t\t\t\t\t\t<section class=\"elementor-section elementor-top-section elementor-element elementor-element-7da1070 elementor-section-boxed elementor-section-height-default elementor-section-height-default\" data-id=\"7da1070\" data-element_type=\"section\" data-e-type=\"section\">\n\t\t\t\t\t\t<div class=\"elementor-container elementor-column-gap-default\">\n\t\t\t\t\t<div class=\"elementor-column elementor-col-100 elementor-top-column elementor-element elementor-element-f0f9120\" data-id=\"f0f9120\" data-element_type=\"column\" data-e-type=\"column\">\n\t\t\t<div class=\"elementor-widget-wrap elementor-element-populated\">\n\t\t\t\t\t\t<div class=\"elementor-element elementor-element-01a594d elementor-widget elementor-widget-heading\" data-id=\"01a594d\" data-element_type=\"widget\" data-e-type=\"widget\" data-widget_type=\"heading.default\">\n\t\t\t\t<div class=\"elementor-widget-container\">\n\t\t\t\t\t<h1 class=\"elementor-heading-title elementor-size-default\">Elastomerlager\/Gummilager<\/h1>\t\t\t\t<\/div>\n\t\t\t\t<\/div>\n\t\t\t\t<div class=\"elementor-element elementor-element-13c1266 elementor-widget elementor-widget-text-editor\" data-id=\"13c1266\" data-element_type=\"widget\" data-e-type=\"widget\" data-widget_type=\"text-editor.default\">\n\t\t\t\t<div class=\"elementor-widget-container\">\n\t\t\t\t\t\t\t\t\t<p>Elastoblokk-lager anv\u00e4nds till mindre brokonstruktioner, bygg- och andra konstruktioner som kr\u00e4ver ett flexibelt lager.<\/p><p>Lagren \u00e4r tillverkade av neoprengummi med invulkaniserade armeringsplattor av st\u00e5l. De dimensioner och de antal lager som beh\u00f6vs beror p\u00e5 de krav avseende vertikallast, r\u00f6relse och rotation som efterfr\u00e5gas.<\/p>\t\t\t\t\t\t\t\t<\/div>\n\t\t\t\t<\/div>\n\t\t\t\t\t<\/div>\n\t\t<\/div>\n\t\t\t\t\t<\/div>\n\t\t<\/section>\n\t\t\t\t<section class=\"elementor-section elementor-top-section elementor-element elementor-element-fc5b963 elementor-section-boxed elementor-section-height-default elementor-section-height-default\" data-id=\"fc5b963\" data-element_type=\"section\" data-e-type=\"section\">\n\t\t\t\t\t\t<div class=\"elementor-container elementor-column-gap-default\">\n\t\t\t\t\t<div class=\"elementor-column elementor-col-100 elementor-top-column elementor-element elementor-element-bce5ee8\" data-id=\"bce5ee8\" data-element_type=\"column\" data-e-type=\"column\">\n\t\t\t<div class=\"elementor-widget-wrap elementor-element-populated\">\n\t\t\t\t\t\t<div class=\"elementor-element elementor-element-f4c5056 elementor-widget-divider--view-line elementor-widget elementor-widget-divider\" data-id=\"f4c5056\" data-element_type=\"widget\" data-e-type=\"widget\" data-widget_type=\"divider.default\">\n\t\t\t\t<div class=\"elementor-widget-container\">\n\t\t\t\t\t\t\t<div class=\"elementor-divider\">\n\t\t\t<span class=\"elementor-divider-separator\">\n\t\t\t\t\t\t<\/span>\n\t\t<\/div>\n\t\t\t\t\t\t<\/div>\n\t\t\t\t<\/div>\n\t\t\t\t<div class=\"elementor-element elementor-element-0c4bce8 elementor-widget elementor-widget-heading\" data-id=\"0c4bce8\" data-element_type=\"widget\" data-e-type=\"widget\" data-widget_type=\"heading.default\">\n\t\t\t\t<div class=\"elementor-widget-container\">\n\t\t\t\t\t<h2 class=\"elementor-heading-title elementor-size-default\">Ladda ner<\/h2>\t\t\t\t<\/div>\n\t\t\t\t<\/div>\n\t\t\t\t<div class=\"elementor-element elementor-element-3acebb8 elementor-widget elementor-widget-shortcode\" data-id=\"3acebb8\" data-element_type=\"widget\" data-e-type=\"widget\" data-widget_type=\"shortcode.default\">\n\t\t\t\t<div class=\"elementor-widget-container\">\n\t\t\t\t\t\t\t<div class=\"elementor-shortcode\"><div id=\"dlp_grid_a6af8260f942bd3a_1\" class=\"dlp-grid-container\"><header class=\"dlp-grid-header dlp-grid-above dlp-grid-controls\"><\/header><div class=\"dlp-grid-documents grid-autosize\"><div class=\"dlp-grid-card dlp-document-elasto-lagersystem-2017\"><div class=\"dlp-grid-card-inner\">\n<div class=\"dlp-grid-card-featured-img\">\n\n\t<a href=\"https:\/\/spennteknikk.no\/wp-content\/uploads\/2023\/11\/ELASTO-lagersystem-2017.png\"><img fetchpriority=\"high\" decoding=\"async\" width=\"713\" height=\"1024\" src=\"https:\/\/spennteknikk.no\/wp-content\/uploads\/2023\/11\/ELASTO-lagersystem-2017-713x1024.png\" class=\"\" alt=\"ELASTO lagersystem 2017\" title=\"ELASTO-lagersystem-2017\" sizes=\"(max-width: 530px) 713px, 209px\" srcset=\"https:\/\/spennteknikk.no\/wp-content\/uploads\/2023\/11\/ELASTO-lagersystem-2017-713x1024.png 713w, https:\/\/spennteknikk.no\/wp-content\/uploads\/2023\/11\/ELASTO-lagersystem-2017-209x300.png 209w\" data-caption=\"ELASTO lagersystem 2017\" data-src=\"https:\/\/spennteknikk.no\/wp-content\/uploads\/2023\/11\/ELASTO-lagersystem-2017.png\" data-large_image=\"https:\/\/spennteknikk.no\/wp-content\/uploads\/2023\/11\/ELASTO-lagersystem-2017.png\" data-large_image_width=\"905\" data-large_image_height=\"1300\" \/><\/a>\n<\/div>\n<div class=\"dlp-grid-card-content\"><div class=\"dlp-grid-card-info\"><div class=\"dlp-grid-card-file-info\">\n\t<div class=\"dlp-grid-card-file-type\">\n\t\tpdf\t<\/div>\n\n\n\t<div class=\"dlp-grid-card-file-size\">\n\t\t2 MB\t<\/div>\n\n\n\t<div class=\"dlp-grid-card-download-count\">\n\t\t<div class=\"dlp-icon download download-count-icon\"><svg xmlns=\"http:\/\/www.w3.org\/2000\/svg\" viewbox=\"0 0 512 512\" aria-label=\"Ladda ner\"><path fill=\"currentColor\" d=\"M216 0h80c13.3 0 24 10.7 24 24v168h87.7c17.8 0 26.7 21.5 14.1 34.1L269.7 378.3c-7.5 7.5-19.8 7.5-27.3 0L90.1 226.1c-12.6-12.6-3.7-34.1 14.1-34.1H192V24c0-13.3 10.7-24 24-24zm296 376v112c0 13.3-10.7 24-24 24H24c-13.3 0-24-10.7-24-24V376c0-13.3 10.7-24 24-24h146.7l49 49c20.1 20.1 52.5 20.1 72.6 0l49-49H488c13.3 0 24 10.7 24 24zm-124 88c0-11-9-20-20-20s-20 9-20 20 9 20 20 20 20-9 20-20zm64 0c0-11-9-20-20-20s-20 9-20 20 9 20 20 20 20-9 20-20z\"><\/path><\/svg><\/div>1172\t<\/div>\n\n<\/div><\/div>\n<div class=\"dlp-grid-card-title\">\n\n\t<a href=\"https:\/\/spennteknikk.no\/sv\/document\/elasto-lagersystem-2017\/\" >ELASTO lagersystem 2017<\/a>\n<\/div>\n\n<div class=\"dlp-grid-card-document-link-wrap\">\n\n\t<a href=\"https:\/\/spennteknikk.no\/wp-content\/uploads\/2023\/11\/ELASTO-lagersystem-2017-1.pdf\" class=\"dlp-download-link dlp-download-button document-library-pro-button button btn\" data-download-id=\"848\"  download=\"ELASTO-lagersystem-2017-1.pdf\" type=\"application\/pdf\">ladda ner<\/a><a href=\"javascript:void(0)\" class=\"dlp-preview-button document-library-pro-button button btn\" data-download-url=\"https:\/\/spennteknikk.no\/wp-content\/uploads\/2023\/11\/ELASTO-lagersystem-2017-1.pdf\" data-download-type=\"application\/pdf\" data-title=\"ELASTO lagersystem 2017\" data-view=\"grid\" data-download-id=\"848\">f\u00f6rhandsvisning<\/a>\n<\/div>\n<\/div><\/div><\/div><\/div><footer class=\"dlp-grid-footer dlp-grid-below dlp-grid-controls\"><div class=\"dlp-grid-length\"><label>Visa <select><option value=\"10\">10<\/option><option value=\"25\" selected='selected'>25<\/option><option value=\"50\">50<\/option><option value=\"100\">100<\/option><\/select> per sida<\/label><\/div><div class=\"dlp-grid-totals\">1 dokument<\/div><div class=\"dlp-grid-pagination\"><\/div><\/footer><\/div>\t\t<div id=\"modal_dlp_grid_a6af8260f942bd3a_1\" class=\"dlp-preview-modal\" aria-hidden=\"true\">\n\t\t\t<div class=\"dlp-preview-modal-overlay\" tabindex=\"-1\" data-dlp-preview-close=\"#modal_dlp_grid_a6af8260f942bd3a_1\">\n\t\t\t\t<a class=\"dlp-preview-modal-close\" data-dlp-preview-close=\"#modal_dlp_grid_a6af8260f942bd3a_1\">\n\t\t\t\t\t<div class=\"dlp-icon close\"><svg xmlns=\"http:\/\/www.w3.org\/2000\/svg\" viewbox=\"0 0 24 24\" aria-label=\"Close\"><path fill=\"currentColor\" d=\"M19 6.41L17.59 5 12 10.59 6.41 5 5 6.41 10.59 12 5 17.59 6.41 19 12 13.41 17.59 19 19 17.59 13.41 12z\" \/><path d=\"M0 0h24v24H0z\" fill=\"none\" \/><\/svg><\/div>\t\t\t\t<\/a>\n\n\t\t\t\t<div class=\"dlp-preview-modal-container\" role=\"dialog\" aria-modal=\"true\" aria-labelledby=\"dlp-preview-modal-title\">\n\t\t\t\t\t<main class=\"dlp-preview-modal-content\"><\/main>\n\t\t\t\t\t<footer class=\"dlp-preview-modal-footer\"><\/footer>\n\t\t\t\t<\/div>\n\t\t\t<\/div>\n\t\t<\/div>\n\t\t\n<\/div>\n\t\t\t\t\t\t<\/div>\n\t\t\t\t<\/div>\n\t\t\t\t\t<\/div>\n\t\t<\/div>\n\t\t\t\t\t<\/div>\n\t\t<\/section>\n\t\t\t\t<\/div>","protected":false},"excerpt":{"rendered":"<p>Elastomerlager\/ Gummilagre Elastoblokk lager benyttes til mindre brukonstruksjoner, bygg og andre strukturer som krever fleksibel opplagring. Lagrene er produsert av neoprenegummi med innvulkede armeringsplater av st\u00e5l, med antall og dimensjoner basert p\u00e5 de angitte kapasiteter for vertikallaster, bevegelser og rotasjoner. Nedlasting<\/p>","protected":false},"author":1,"featured_media":0,"parent":328,"menu_order":0,"comment_status":"closed","ping_status":"closed","template":"","meta":{"footnotes":""},"class_list":["post-332","page","type-page","status-publish","hentry"],"_links":{"self":[{"href":"https:\/\/spennteknikk.no\/sv\/wp-json\/wp\/v2\/pages\/332","targetHints":{"allow":["GET"]}}],"collection":[{"href":"https:\/\/spennteknikk.no\/sv\/wp-json\/wp\/v2\/pages"}],"about":[{"href":"https:\/\/spennteknikk.no\/sv\/wp-json\/wp\/v2\/types\/page"}],"author":[{"embeddable":true,"href":"https:\/\/spennteknikk.no\/sv\/wp-json\/wp\/v2\/users\/1"}],"replies":[{"embeddable":true,"href":"https:\/\/spennteknikk.no\/sv\/wp-json\/wp\/v2\/comments?post=332"}],"version-history":[{"count":5,"href":"https:\/\/spennteknikk.no\/sv\/wp-json\/wp\/v2\/pages\/332\/revisions"}],"predecessor-version":[{"id":858,"href":"https:\/\/spennteknikk.no\/sv\/wp-json\/wp\/v2\/pages\/332\/revisions\/858"}],"up":[{"embeddable":true,"href":"https:\/\/spennteknikk.no\/sv\/wp-json\/wp\/v2\/pages\/328"}],"wp:attachment":[{"href":"https:\/\/spennteknikk.no\/sv\/wp-json\/wp\/v2\/media?parent=332"}],"curies":[{"name":"wp","href":"https:\/\/api.w.org\/{rel}","templated":true}]}}