{"id":328,"date":"2023-10-03T11:39:07","date_gmt":"2023-10-03T11:39:07","guid":{"rendered":"https:\/\/spennteknikk.no\/?page_id=328"},"modified":"2024-02-22T21:06:00","modified_gmt":"2024-02-22T21:06:00","slug":"lagersystemer","status":"publish","type":"page","link":"https:\/\/spennteknikk.no\/sv\/vare-produkter\/lagersystemer\/","title":{"rendered":"Lager"},"content":{"rendered":"<div data-elementor-type=\"wp-page\" data-elementor-id=\"328\" class=\"elementor elementor-328\" data-elementor-post-type=\"page\">\n\t\t\t\t\t\t<section class=\"elementor-section elementor-top-section elementor-element elementor-element-0970549 elementor-section-boxed elementor-section-height-default elementor-section-height-default\" data-id=\"0970549\" data-element_type=\"section\" data-e-type=\"section\">\n\t\t\t\t\t\t<div class=\"elementor-container elementor-column-gap-default\">\n\t\t\t\t\t<div class=\"elementor-column elementor-col-100 elementor-top-column elementor-element elementor-element-0bdaaee\" data-id=\"0bdaaee\" data-element_type=\"column\" data-e-type=\"column\">\n\t\t\t<div class=\"elementor-widget-wrap elementor-element-populated\">\n\t\t\t\t\t\t<div class=\"elementor-element elementor-element-b9b3e31 elementor-widget elementor-widget-heading\" data-id=\"b9b3e31\" data-element_type=\"widget\" data-e-type=\"widget\" data-widget_type=\"heading.default\">\n\t\t\t\t<div class=\"elementor-widget-container\">\n\t\t\t\t\t<h1 class=\"elementor-heading-title elementor-size-default\">Lager<\/h1>\t\t\t\t<\/div>\n\t\t\t\t<\/div>\n\t\t\t\t<div class=\"elementor-element elementor-element-e300a8d elementor-widget elementor-widget-text-editor\" data-id=\"e300a8d\" data-element_type=\"widget\" data-e-type=\"widget\" data-widget_type=\"text-editor.default\">\n\t\t\t\t<div class=\"elementor-widget-container\">\n\t\t\t\t\t\t\t\t\t<p>KB Spennteknikk AS tillverkar och levererar TOBE-potlager och andra gummirelaterade lager samt st\u00e5llager l\u00e4mpliga f\u00f6r en m\u00e4ngd olika anv\u00e4ndningsomr\u00e5den. TOBE-potlager dimensioneras och tillverkas i enlighet med EN 1337-2 och -5 och \u00e4r det lager som anv\u00e4nds mest vid brobyggen i Skandinavien.<\/p><p>Lagret uppfyller de str\u00e4ngaste kraven enligt svensk-, norsk-, och EU-standard. Vi erbjuder \u00e4ven d\u00e4mpare och flexibla upplagringsl\u00f6sningar f\u00f6r stora laster och r\u00f6relser f\u00f6r offshoreindustrin.<\/p>\t\t\t\t\t\t\t\t<\/div>\n\t\t\t\t<\/div>\n\t\t\t\t\t<\/div>\n\t\t<\/div>\n\t\t\t\t\t<\/div>\n\t\t<\/section>\n\t\t\t\t<section class=\"elementor-section elementor-top-section elementor-element elementor-element-c6404ca elementor-section-boxed elementor-section-height-default elementor-section-height-default\" data-id=\"c6404ca\" data-element_type=\"section\" data-e-type=\"section\">\n\t\t\t\t\t\t<div class=\"elementor-container elementor-column-gap-default\">\n\t\t\t\t\t<div class=\"elementor-column elementor-col-33 elementor-top-column elementor-element elementor-element-6d9d4a9\" data-id=\"6d9d4a9\" data-element_type=\"column\" data-e-type=\"column\">\n\t\t\t<div class=\"elementor-widget-wrap elementor-element-populated\">\n\t\t\t\t\t\t<div class=\"elementor-element elementor-element-0aae21e bildeboks elementor-widget elementor-widget-image\" data-id=\"0aae21e\" data-element_type=\"widget\" data-e-type=\"widget\" data-widget_type=\"image.default\">\n\t\t\t\t<div class=\"elementor-widget-container\">\n\t\t\t\t\t\t\t\t\t\t\t\t\t\t\t\t<a href=\"\/sv\/vare-produkter\/lagersystemer\/tobe\/\">\n\t\t\t\t\t\t\t<img fetchpriority=\"high\" decoding=\"async\" width=\"699\" height=\"499\" src=\"https:\/\/spennteknikk.no\/wp-content\/uploads\/2023\/11\/tobe.jpg\" class=\"attachment-large size-large wp-image-847\" alt=\"\" srcset=\"https:\/\/spennteknikk.no\/wp-content\/uploads\/2023\/11\/tobe.jpg 699w, https:\/\/spennteknikk.no\/wp-content\/uploads\/2023\/11\/tobe-300x214.jpg 300w\" sizes=\"(max-width: 699px) 100vw, 699px\" \/>\t\t\t\t\t\t\t\t<\/a>\n\t\t\t\t\t\t\t\t\t\t\t\t\t\t\t<\/div>\n\t\t\t\t<\/div>\n\t\t\t\t<div class=\"elementor-element elementor-element-f47c5f4 elementor-widget elementor-widget-text-editor\" data-id=\"f47c5f4\" data-element_type=\"widget\" data-e-type=\"widget\" data-widget_type=\"text-editor.default\">\n\t\t\t\t<div class=\"elementor-widget-container\">\n\t\t\t\t\t\t\t\t\t<a href=\"\/sv\/vare-produkter\/lagersystemer\/tobe\/\">TOBE\u00aeFR-4 POT LAGER<\/a>\t\t\t\t\t\t\t\t<\/div>\n\t\t\t\t<\/div>\n\t\t\t\t\t<\/div>\n\t\t<\/div>\n\t\t\t\t<div class=\"elementor-column elementor-col-33 elementor-top-column elementor-element elementor-element-9b9a879\" data-id=\"9b9a879\" data-element_type=\"column\" data-e-type=\"column\">\n\t\t\t<div class=\"elementor-widget-wrap elementor-element-populated\">\n\t\t\t\t\t\t<div class=\"elementor-element elementor-element-2b28671 bildeboks elementor-widget elementor-widget-image\" data-id=\"2b28671\" data-element_type=\"widget\" data-e-type=\"widget\" data-widget_type=\"image.default\">\n\t\t\t\t<div class=\"elementor-widget-container\">\n\t\t\t\t\t\t\t\t\t\t\t\t\t\t\t\t<a href=\"\/sv\/vare-produkter\/lagersystemer\/elastomerlager\/\">\n\t\t\t\t\t\t\t<img decoding=\"async\" src=\"http:\/\/spennteknikk.no\/wp-content\/plugins\/elementor\/assets\/images\/placeholder.png\" title=\"\" alt=\"\" loading=\"lazy\" \/>\t\t\t\t\t\t\t\t<\/a>\n\t\t\t\t\t\t\t\t\t\t\t\t\t\t\t<\/div>\n\t\t\t\t<\/div>\n\t\t\t\t<div class=\"elementor-element elementor-element-15a3d4e elementor-widget elementor-widget-text-editor\" data-id=\"15a3d4e\" data-element_type=\"widget\" data-e-type=\"widget\" data-widget_type=\"text-editor.default\">\n\t\t\t\t<div class=\"elementor-widget-container\">\n\t\t\t\t\t\t\t\t\t<p><a href=\"\/sv\/vare-produkter\/lagersystemer\/elastomerlager\/\">ELASTOMERLAGER<\/a><\/p>\t\t\t\t\t\t\t\t<\/div>\n\t\t\t\t<\/div>\n\t\t\t\t\t<\/div>\n\t\t<\/div>\n\t\t\t\t<div class=\"elementor-column elementor-col-33 elementor-top-column elementor-element elementor-element-32449ed\" data-id=\"32449ed\" data-element_type=\"column\" data-e-type=\"column\">\n\t\t\t<div class=\"elementor-widget-wrap elementor-element-populated\">\n\t\t\t\t\t\t<div class=\"elementor-element elementor-element-2bc3df8 bildeboks elementor-widget elementor-widget-image\" data-id=\"2bc3df8\" data-element_type=\"widget\" data-e-type=\"widget\" data-widget_type=\"image.default\">\n\t\t\t\t<div class=\"elementor-widget-container\">\n\t\t\t\t\t\t\t\t\t\t\t\t\t\t\t\t<a href=\"\/sv\/vare-produkter\/lagersystemer\/andre-spesial\/\">\n\t\t\t\t\t\t\t<img decoding=\"async\" src=\"http:\/\/spennteknikk.no\/wp-content\/plugins\/elementor\/assets\/images\/placeholder.png\" title=\"\" alt=\"\" loading=\"lazy\" \/>\t\t\t\t\t\t\t\t<\/a>\n\t\t\t\t\t\t\t\t\t\t\t\t\t\t\t<\/div>\n\t\t\t\t<\/div>\n\t\t\t\t<div class=\"elementor-element elementor-element-58f4e97 elementor-widget elementor-widget-text-editor\" data-id=\"58f4e97\" data-element_type=\"widget\" data-e-type=\"widget\" data-widget_type=\"text-editor.default\">\n\t\t\t\t<div class=\"elementor-widget-container\">\n\t\t\t\t\t\t\t\t\t<a href=\"\/sv\/vare-produkter\/lagersystemer\/andre-spesial\/\">\u00d6VRIGA LAGER<\/a>\t\t\t\t\t\t\t\t<\/div>\n\t\t\t\t<\/div>\n\t\t\t\t\t<\/div>\n\t\t<\/div>\n\t\t\t\t\t<\/div>\n\t\t<\/section>\n\t\t\t\t<\/div>","protected":false},"excerpt":{"rendered":"<p>Lager KB Spennteknikk AS leverer egenproduserte TOBE-potlager, gummirelaterte lager samt st\u00e5llager for forskjellige bruksomr\u00e5der. TOBE-potlager, som er ledende ved brukonstruksjoner i Skandinavia, dimensjoneres og produseres i henhold til EN 1337-2 og -5. Lageret er designet i henhold til de strengeste krav i norsk-, svensk- og \u00f8vrig EU-standard. Vi leverer ogs\u00e5 dempere og opplagringsl\u00f8sninger med store [&hellip;]<\/p>\n","protected":false},"author":1,"featured_media":0,"parent":247,"menu_order":0,"comment_status":"closed","ping_status":"closed","template":"","meta":{"footnotes":""},"class_list":["post-328","page","type-page","status-publish","hentry"],"_links":{"self":[{"href":"https:\/\/spennteknikk.no\/sv\/wp-json\/wp\/v2\/pages\/328","targetHints":{"allow":["GET"]}}],"collection":[{"href":"https:\/\/spennteknikk.no\/sv\/wp-json\/wp\/v2\/pages"}],"about":[{"href":"https:\/\/spennteknikk.no\/sv\/wp-json\/wp\/v2\/types\/page"}],"author":[{"embeddable":true,"href":"https:\/\/spennteknikk.no\/sv\/wp-json\/wp\/v2\/users\/1"}],"replies":[{"embeddable":true,"href":"https:\/\/spennteknikk.no\/sv\/wp-json\/wp\/v2\/comments?post=328"}],"version-history":[{"count":5,"href":"https:\/\/spennteknikk.no\/sv\/wp-json\/wp\/v2\/pages\/328\/revisions"}],"predecessor-version":[{"id":1009,"href":"https:\/\/spennteknikk.no\/sv\/wp-json\/wp\/v2\/pages\/328\/revisions\/1009"}],"up":[{"embeddable":true,"href":"https:\/\/spennteknikk.no\/sv\/wp-json\/wp\/v2\/pages\/247"}],"wp:attachment":[{"href":"https:\/\/spennteknikk.no\/sv\/wp-json\/wp\/v2\/media?parent=328"}],"curies":[{"name":"wp","href":"https:\/\/api.w.org\/{rel}","templated":true}]}}