{"id":308,"date":"2023-09-29T07:00:42","date_gmt":"2023-09-29T07:00:42","guid":{"rendered":"https:\/\/spennteknikk.no\/?page_id=308"},"modified":"2023-11-08T12:49:10","modified_gmt":"2023-11-08T12:49:10","slug":"personvern","status":"publish","type":"page","link":"https:\/\/spennteknikk.no\/sv\/personvern\/","title":{"rendered":"Personvern"},"content":{"rendered":"<div data-elementor-type=\"wp-page\" data-elementor-id=\"308\" class=\"elementor elementor-308\" data-elementor-post-type=\"page\">\n\t\t\t\t\t\t<section class=\"elementor-section elementor-top-section elementor-element elementor-element-e50d5a6 elementor-section-boxed elementor-section-height-default elementor-section-height-default\" data-id=\"e50d5a6\" data-element_type=\"section\" data-e-type=\"section\">\n\t\t\t\t\t\t<div class=\"elementor-container elementor-column-gap-default\">\n\t\t\t\t\t<div class=\"elementor-column elementor-col-100 elementor-top-column elementor-element elementor-element-dac6b20\" data-id=\"dac6b20\" data-element_type=\"column\" data-e-type=\"column\">\n\t\t\t<div class=\"elementor-widget-wrap elementor-element-populated\">\n\t\t\t\t\t\t<div class=\"elementor-element elementor-element-3d7cda1 elementor-widget elementor-widget-heading\" data-id=\"3d7cda1\" data-element_type=\"widget\" data-e-type=\"widget\" data-widget_type=\"heading.default\">\n\t\t\t\t<div class=\"elementor-widget-container\">\n\t\t\t\t\t<h1 class=\"elementor-heading-title elementor-size-default\">Integritetspolicy<\/h1>\t\t\t\t<\/div>\n\t\t\t\t<\/div>\n\t\t\t\t<div class=\"elementor-element elementor-element-8613602 elementor-widget elementor-widget-text-editor\" data-id=\"8613602\" data-element_type=\"widget\" data-e-type=\"widget\" data-widget_type=\"text-editor.default\">\n\t\t\t\t<div class=\"elementor-widget-container\">\n\t\t\t\t\t\t\t\t\t<p><strong>Integritetspolicy \u2013 Spennteknikk.no<\/strong><\/p><p>Uppdaterad: 2023-11-08<\/p><p>Vi f\u00f6rst\u00e5r att skyddet av personuppgifter \u00e4r viktigt f\u00f6r dig. Denna integritetspolicy beskriver hur vi samlar in, anv\u00e4nder, delar och skyddar personuppgifter som insamlats via v\u00e5r webbplats. V\u00e4nligen l\u00e4s denna policy f\u00f6r att f\u00f6rst\u00e5 hur vi behandlar och skyddar av personuppgifter.<\/p><p><strong>Insamling av personuppgifter<br \/><\/strong>Vi insamlar de personuppgifter som du frivilligt skickar till oss via v\u00e5rt kontaktformul\u00e4r. De insamlade uppgifterna kan vara, men \u00e4r ej begr\u00e4nsade till:<\/p><ul><li>Namn<\/li><li>F\u00f6retagsnamn (valfritt)<\/li><li>E-postadresse<\/li><li>Telefonnummer<\/li><li>Fr\u00e5ga eller meddelande<\/li><\/ul><p>\u00a0<\/p><p><strong>\u00c4ndam\u00e5let med insamlingen<br \/><\/strong>Vi samlar in personuppgifter f\u00f6r att kunna behandla dina meddelanden, svara p\u00e5 dina fr\u00e5gor, ge dig relevant information och f\u00f6r att f\u00f6rb\u00e4ttra v\u00e5ra tj\u00e4nster.<\/p><p><strong>Lagring av personuppgifter<br \/><\/strong>De personuppgifter du skickar in via v\u00e5rt kontaktformul\u00e4r lagras internt tryggt och s\u00e4kert, och kommer inte att delas med n\u00e5gon tredje part om det inte \u00e4r n\u00f6dv\u00e4ndigt f\u00f6r att behandla din f\u00f6rfr\u00e5gan eller f\u00f6r att uppfylla krav enligt lag.<\/p><p><strong>R\u00e4tten till radering<br \/><\/strong>Du har r\u00e4tt att n\u00e4r som helst beg\u00e4ra att f\u00e5 dina personuppgifter raderade. Vi kommer d\u00e5 att radera uppgifterna i enlighet med g\u00e4llande lagar och f\u00f6rordningar.<\/p><p><strong>Kakor (Cookies) och Google Analytics<br \/><\/strong>Vi anv\u00e4nder kakor (cookies) f\u00f6r att f\u00f6rb\u00e4ttra din upplevelse p\u00e5 v\u00e5r webbplats. Vi kan \u00e4ven samla in anonymiserade data via Google Analytics f\u00f6r att analysera hur v\u00e5ra bes\u00f6kare beter sig p\u00e5 v\u00e5r webbplats. Detta hj\u00e4lper oss att f\u00f6rst\u00e5 hur vi kan f\u00f6rb\u00e4ttra v\u00e5r webbplats och v\u00e5ra tj\u00e4nster.<\/p><p><strong>Dina val<br \/><\/strong>Bes\u00f6kare p\u00e5 v\u00e5r webbplats har i webbl\u00e4saren m\u00f6jlighet att acceptera eller avvisa kakor. I din webbl\u00e4sares inst\u00e4llningar finns mer information om hur du kan \u00e4ndra webbl\u00e4sarens hantering av kakor. Du kan \u00e4ven deaktivera Google Analytics genom att installera Google Analytics Opt-out Browser Add-on.<\/p><p><strong>\u00c4ndringar i v\u00e5r integritetspolicy<br \/><\/strong>Vi kan vid behov uppdatera denna integritetspolicy f\u00f6r att uppfylla nya krav som st\u00e4lls i lagar och f\u00f6rordningar eller f\u00f6r att \u00e5terspegla \u00e4ndringar i v\u00e5r praxis. Uppdaterad version kommer att publiceras p\u00e5 v\u00e5r webbplats med angivande av datum f\u00f6r uppdateringen.<\/p><p><strong>Kontakta oss<br \/><\/strong>Om du har fr\u00e5gor eller funderingar ang\u00e5ende v\u00e5r integritetspolicy eller v\u00e5r behandling av personuppgifter v\u00e4nligen kontakta oss p\u00e5 f\u00f6ljande adress: spennteknikk@spennteknikk.no<\/p><p>Vi uppskattar ditt bes\u00f6k p\u00e5 v\u00e5r webbplats och ser till att din integritet och dina personuppgifter f\u00f6rblir helt skyddade.<\/p>\t\t\t\t\t\t\t\t<\/div>\n\t\t\t\t<\/div>\n\t\t\t\t\t<\/div>\n\t\t<\/div>\n\t\t\t\t\t<\/div>\n\t\t<\/section>\n\t\t\t\t<\/div>","protected":false},"excerpt":{"rendered":"<p>Personvernerkl\u00e6ring Personvernerkl\u00e6ring for Spennteknikk.no Sist oppdatert: 8\/11\/2023 Vi forst\u00e5r at personvern og beskyttelse av personopplysninger er viktig for deg. Denne personvernerkl\u00e6ringen gir informasjon om hvordan vi samler inn, bruker, deler og beskytter personopplysninger som samles inn via v\u00e5r nettside. Vennligst les denne erkl\u00e6ringen n\u00f8ye for \u00e5 forst\u00e5 v\u00e5re praksiser for personvern. Innsamling av personopplysningerVi samler [&hellip;]<\/p>\n","protected":false},"author":1,"featured_media":0,"parent":0,"menu_order":0,"comment_status":"closed","ping_status":"closed","template":"","meta":{"footnotes":""},"class_list":["post-308","page","type-page","status-publish","hentry"],"_links":{"self":[{"href":"https:\/\/spennteknikk.no\/sv\/wp-json\/wp\/v2\/pages\/308","targetHints":{"allow":["GET"]}}],"collection":[{"href":"https:\/\/spennteknikk.no\/sv\/wp-json\/wp\/v2\/pages"}],"about":[{"href":"https:\/\/spennteknikk.no\/sv\/wp-json\/wp\/v2\/types\/page"}],"author":[{"embeddable":true,"href":"https:\/\/spennteknikk.no\/sv\/wp-json\/wp\/v2\/users\/1"}],"replies":[{"embeddable":true,"href":"https:\/\/spennteknikk.no\/sv\/wp-json\/wp\/v2\/comments?post=308"}],"version-history":[{"count":5,"href":"https:\/\/spennteknikk.no\/sv\/wp-json\/wp\/v2\/pages\/308\/revisions"}],"predecessor-version":[{"id":1026,"href":"https:\/\/spennteknikk.no\/sv\/wp-json\/wp\/v2\/pages\/308\/revisions\/1026"}],"wp:attachment":[{"href":"https:\/\/spennteknikk.no\/sv\/wp-json\/wp\/v2\/media?parent=308"}],"curies":[{"name":"wp","href":"https:\/\/api.w.org\/{rel}","templated":true}]}}