{"id":274,"date":"2023-09-28T13:32:50","date_gmt":"2023-09-28T13:32:50","guid":{"rendered":"https:\/\/spennteknikk.no\/?page_id=274"},"modified":"2023-09-28T13:33:53","modified_gmt":"2023-09-28T13:33:53","slug":"takk","status":"publish","type":"page","link":"https:\/\/spennteknikk.no\/sv\/takk\/","title":{"rendered":"Takk"},"content":{"rendered":"<div data-elementor-type=\"wp-page\" data-elementor-id=\"274\" class=\"elementor elementor-274\" data-elementor-post-type=\"page\">\n\t\t\t\t\t\t<section class=\"elementor-section elementor-top-section elementor-element elementor-element-db8fdc6 elementor-section-boxed elementor-section-height-default elementor-section-height-default\" data-id=\"db8fdc6\" data-element_type=\"section\" data-e-type=\"section\">\n\t\t\t\t\t\t<div class=\"elementor-container elementor-column-gap-default\">\n\t\t\t\t\t<div class=\"elementor-column elementor-col-100 elementor-top-column elementor-element elementor-element-1d5f0bf\" data-id=\"1d5f0bf\" data-element_type=\"column\" data-e-type=\"column\">\n\t\t\t<div class=\"elementor-widget-wrap elementor-element-populated\">\n\t\t\t\t\t\t<div class=\"elementor-element elementor-element-3c55881 elementor-widget elementor-widget-heading\" data-id=\"3c55881\" data-element_type=\"widget\" data-e-type=\"widget\" data-widget_type=\"heading.default\">\n\t\t\t\t<div class=\"elementor-widget-container\">\n\t\t\t\t\t<h1 class=\"elementor-heading-title elementor-size-default\">Takk for din foresp\u00f8rsel!<\/h1>\t\t\t\t<\/div>\n\t\t\t\t<\/div>\n\t\t\t\t<div class=\"elementor-element elementor-element-a5c96d9 elementor-widget elementor-widget-text-editor\" data-id=\"a5c96d9\" data-element_type=\"widget\" data-e-type=\"widget\" data-widget_type=\"text-editor.default\">\n\t\t\t\t<div class=\"elementor-widget-container\">\n\t\t\t\t\t\t\t\t\t<p>Foresp\u00f8rselen din er n\u00e5 p\u00e5 vei til oss, og vi skal f\u00e5 svart s\u00e5 snart som overhode mulig.\u00a0<br \/>Mens du venter p\u00e5 svar m\u00e5 du gjerne titte videre p\u00e5 nettsiden v\u00e5r.\u00a0<\/p>\t\t\t\t\t\t\t\t<\/div>\n\t\t\t\t<\/div>\n\t\t\t\t\t<\/div>\n\t\t<\/div>\n\t\t\t\t\t<\/div>\n\t\t<\/section>\n\t\t\t\t<\/div>","protected":false},"excerpt":{"rendered":"<p>Takk for din foresp\u00f8rsel! Foresp\u00f8rselen din er n\u00e5 p\u00e5 vei til oss, og vi skal f\u00e5 svart s\u00e5 snart som overhode mulig.\u00a0Mens du venter p\u00e5 svar m\u00e5 du gjerne titte videre p\u00e5 nettsiden v\u00e5r.\u00a0<\/p>","protected":false},"author":1,"featured_media":0,"parent":0,"menu_order":0,"comment_status":"closed","ping_status":"closed","template":"","meta":{"footnotes":""},"class_list":["post-274","page","type-page","status-publish","hentry"],"_links":{"self":[{"href":"https:\/\/spennteknikk.no\/sv\/wp-json\/wp\/v2\/pages\/274","targetHints":{"allow":["GET"]}}],"collection":[{"href":"https:\/\/spennteknikk.no\/sv\/wp-json\/wp\/v2\/pages"}],"about":[{"href":"https:\/\/spennteknikk.no\/sv\/wp-json\/wp\/v2\/types\/page"}],"author":[{"embeddable":true,"href":"https:\/\/spennteknikk.no\/sv\/wp-json\/wp\/v2\/users\/1"}],"replies":[{"embeddable":true,"href":"https:\/\/spennteknikk.no\/sv\/wp-json\/wp\/v2\/comments?post=274"}],"version-history":[{"count":4,"href":"https:\/\/spennteknikk.no\/sv\/wp-json\/wp\/v2\/pages\/274\/revisions"}],"predecessor-version":[{"id":278,"href":"https:\/\/spennteknikk.no\/sv\/wp-json\/wp\/v2\/pages\/274\/revisions\/278"}],"wp:attachment":[{"href":"https:\/\/spennteknikk.no\/sv\/wp-json\/wp\/v2\/media?parent=274"}],"curies":[{"name":"wp","href":"https:\/\/api.w.org\/{rel}","templated":true}]}}