{"id":247,"date":"2023-09-28T13:09:46","date_gmt":"2023-09-28T13:09:46","guid":{"rendered":"https:\/\/spennteknikk.no\/?page_id=247"},"modified":"2023-11-10T09:38:10","modified_gmt":"2023-11-10T09:38:10","slug":"vare-produkter","status":"publish","type":"page","link":"https:\/\/spennteknikk.no\/sv\/vare-produkter\/","title":{"rendered":"V\u00e5re produkter"},"content":{"rendered":"<div data-elementor-type=\"wp-page\" data-elementor-id=\"247\" class=\"elementor elementor-247\" data-elementor-post-type=\"page\">\n\t\t\t\t\t\t<section class=\"elementor-section elementor-top-section elementor-element elementor-element-eaf951a elementor-section-boxed elementor-section-height-default elementor-section-height-default\" data-id=\"eaf951a\" data-element_type=\"section\" data-e-type=\"section\">\n\t\t\t\t\t\t<div class=\"elementor-container elementor-column-gap-default\">\n\t\t\t\t\t<div class=\"elementor-column elementor-col-100 elementor-top-column elementor-element elementor-element-2c46652\" data-id=\"2c46652\" data-element_type=\"column\" data-e-type=\"column\">\n\t\t\t<div class=\"elementor-widget-wrap elementor-element-populated\">\n\t\t\t\t\t\t<div class=\"elementor-element elementor-element-f59e004 elementor-widget elementor-widget-heading\" data-id=\"f59e004\" data-element_type=\"widget\" data-e-type=\"widget\" data-widget_type=\"heading.default\">\n\t\t\t\t<div class=\"elementor-widget-container\">\n\t\t\t\t\t<h1 class=\"elementor-heading-title elementor-size-default\">V\u00e5re produkter<\/h1>\t\t\t\t<\/div>\n\t\t\t\t<\/div>\n\t\t\t\t\t<\/div>\n\t\t<\/div>\n\t\t\t\t\t<\/div>\n\t\t<\/section>\n\t\t\t\t<section class=\"elementor-section elementor-top-section elementor-element elementor-element-9225baa elementor-section-boxed elementor-section-height-default elementor-section-height-default\" data-id=\"9225baa\" data-element_type=\"section\" data-e-type=\"section\">\n\t\t\t\t\t\t<div class=\"elementor-container elementor-column-gap-wide\">\n\t\t\t\t\t<div class=\"elementor-column elementor-col-33 elementor-top-column elementor-element elementor-element-301a76e\" data-id=\"301a76e\" data-element_type=\"column\" data-e-type=\"column\">\n\t\t\t<div class=\"elementor-widget-wrap elementor-element-populated\">\n\t\t\t\t\t\t<div class=\"elementor-element elementor-element-f3c5e2a bildeboks elementor-position-top elementor-widget elementor-widget-image-box\" data-id=\"f3c5e2a\" data-element_type=\"widget\" data-e-type=\"widget\" data-widget_type=\"image-box.default\">\n\t\t\t\t<div class=\"elementor-widget-container\">\n\t\t\t\t\t<div class=\"elementor-image-box-wrapper\"><figure class=\"elementor-image-box-img\"><a href=\"\/sv\/vare-produkter\/spennarmering\/\" tabindex=\"-1\"><img fetchpriority=\"high\" decoding=\"async\" width=\"651\" height=\"453\" src=\"https:\/\/spennteknikk.no\/wp-content\/uploads\/2023\/10\/image-asset.png\" class=\"attachment-full size-full wp-image-588\" alt=\"\" srcset=\"https:\/\/spennteknikk.no\/wp-content\/uploads\/2023\/10\/image-asset.png 651w, https:\/\/spennteknikk.no\/wp-content\/uploads\/2023\/10\/image-asset-300x209.png 300w\" sizes=\"(max-width: 651px) 100vw, 651px\" \/><\/a><\/figure><div class=\"elementor-image-box-content\"><h3 class=\"elementor-image-box-title\"><a href=\"\/sv\/vare-produkter\/spennarmering\/\">Sp\u00e4nnarmering<\/a><\/h3><p class=\"elementor-image-box-description\">Vi kan leverera ett komplett sortiment sp\u00e4nnarmeringssystem f\u00f6r de flesta behov och anv\u00e4ndningsomr\u00e5den inom bygg- och anl\u00e4ggningssektorn.<\/p><\/div><\/div>\t\t\t\t<\/div>\n\t\t\t\t<\/div>\n\t\t\t\t\t<\/div>\n\t\t<\/div>\n\t\t\t\t<div class=\"elementor-column elementor-col-33 elementor-top-column elementor-element elementor-element-f0c5426\" data-id=\"f0c5426\" data-element_type=\"column\" data-e-type=\"column\">\n\t\t\t<div class=\"elementor-widget-wrap elementor-element-populated\">\n\t\t\t\t\t\t<div class=\"elementor-element elementor-element-ac051f5 bildeboks elementor-position-top elementor-widget elementor-widget-image-box\" data-id=\"ac051f5\" data-element_type=\"widget\" data-e-type=\"widget\" data-widget_type=\"image-box.default\">\n\t\t\t\t<div class=\"elementor-widget-container\">\n\t\t\t\t\t<div class=\"elementor-image-box-wrapper\"><figure class=\"elementor-image-box-img\"><a href=\"\/sv\/vare-produkter\/lagersystemer\/\" tabindex=\"-1\"><img decoding=\"async\" width=\"699\" height=\"499\" src=\"https:\/\/spennteknikk.no\/wp-content\/uploads\/2023\/11\/tobe.jpg\" class=\"attachment-full size-full wp-image-847\" alt=\"\" srcset=\"https:\/\/spennteknikk.no\/wp-content\/uploads\/2023\/11\/tobe.jpg 699w, https:\/\/spennteknikk.no\/wp-content\/uploads\/2023\/11\/tobe-300x214.jpg 300w\" sizes=\"(max-width: 699px) 100vw, 699px\" \/><\/a><\/figure><div class=\"elementor-image-box-content\"><h3 class=\"elementor-image-box-title\"><a href=\"\/sv\/vare-produkter\/lagersystemer\/\">Lager<\/a><\/h3><p class=\"elementor-image-box-description\">Vi tillverkar och levererar TOBE FR-4 potlager och andra gummibaserade lager samt st\u00e5llager l\u00e4mpliga f\u00f6r en m\u00e4ngd olika anv\u00e4ndningsomr\u00e5den.<\/p><\/div><\/div>\t\t\t\t<\/div>\n\t\t\t\t<\/div>\n\t\t\t\t\t<\/div>\n\t\t<\/div>\n\t\t\t\t<div class=\"elementor-column elementor-col-33 elementor-top-column elementor-element elementor-element-9a8c858\" data-id=\"9a8c858\" data-element_type=\"column\" data-e-type=\"column\">\n\t\t\t<div class=\"elementor-widget-wrap elementor-element-populated\">\n\t\t\t\t\t\t<div class=\"elementor-element elementor-element-c40fb5e bildeboks elementor-position-top elementor-widget elementor-widget-image-box\" data-id=\"c40fb5e\" data-element_type=\"widget\" data-e-type=\"widget\" data-widget_type=\"image-box.default\">\n\t\t\t\t<div class=\"elementor-widget-container\">\n\t\t\t\t\t<div class=\"elementor-image-box-wrapper\"><figure class=\"elementor-image-box-img\"><a href=\"\/sv\/vare-produkter\/fugesystemer\/\" tabindex=\"-1\"><img decoding=\"async\" width=\"666\" height=\"499\" src=\"https:\/\/spennteknikk.no\/wp-content\/uploads\/2023\/11\/TENSA-MODULAR-LRLS-mainimg.webp\" class=\"attachment-full size-full wp-image-762\" alt=\"\" srcset=\"https:\/\/spennteknikk.no\/wp-content\/uploads\/2023\/11\/TENSA-MODULAR-LRLS-mainimg.webp 666w, https:\/\/spennteknikk.no\/wp-content\/uploads\/2023\/11\/TENSA-MODULAR-LRLS-mainimg-300x225.webp 300w\" sizes=\"(max-width: 666px) 100vw, 666px\" \/><\/a><\/figure><div class=\"elementor-image-box-content\"><h3 class=\"elementor-image-box-title\"><a href=\"\/sv\/vare-produkter\/fugesystemer\/\">Fogar<\/a><\/h3><p class=\"elementor-image-box-description\">Vi har fogsystem som till\u00e5ter r\u00f6relser fr\u00e5n 20 till 800 mm och f\u00f6r alla anv\u00e4ndningsomr\u00e5den. Fogar med st\u00f6rre r\u00f6relsekapacitet kan tillverkas p\u00e5 best\u00e4llning.<\/p><\/div><\/div>\t\t\t\t<\/div>\n\t\t\t\t<\/div>\n\t\t\t\t\t<\/div>\n\t\t<\/div>\n\t\t\t\t\t<\/div>\n\t\t<\/section>\n\t\t\t\t<section class=\"elementor-section elementor-top-section elementor-element elementor-element-a137fb3 elementor-section-boxed elementor-section-height-default elementor-section-height-default\" data-id=\"a137fb3\" data-element_type=\"section\" data-e-type=\"section\">\n\t\t\t\t\t\t<div class=\"elementor-container elementor-column-gap-wide\">\n\t\t\t\t\t<div class=\"elementor-column elementor-col-33 elementor-top-column elementor-element elementor-element-c7f2713\" data-id=\"c7f2713\" data-element_type=\"column\" data-e-type=\"column\">\n\t\t\t<div class=\"elementor-widget-wrap elementor-element-populated\">\n\t\t\t\t\t\t<div class=\"elementor-element elementor-element-6f23541 bildeboks elementor-position-top elementor-widget elementor-widget-image-box\" data-id=\"6f23541\" data-element_type=\"widget\" data-e-type=\"widget\" data-widget_type=\"image-box.default\">\n\t\t\t\t<div class=\"elementor-widget-container\">\n\t\t\t\t\t<div class=\"elementor-image-box-wrapper\"><figure class=\"elementor-image-box-img\"><a href=\"\/sv\/vare-produkter\/geoteknikk\/\" tabindex=\"-1\"><img loading=\"lazy\" decoding=\"async\" width=\"699\" height=\"499\" src=\"https:\/\/spennteknikk.no\/wp-content\/uploads\/2023\/11\/geoteknikk.jpg\" class=\"attachment-full size-full wp-image-843\" alt=\"\" srcset=\"https:\/\/spennteknikk.no\/wp-content\/uploads\/2023\/11\/geoteknikk.jpg 699w, https:\/\/spennteknikk.no\/wp-content\/uploads\/2023\/11\/geoteknikk-300x214.jpg 300w\" sizes=\"(max-width: 699px) 100vw, 699px\" \/><\/a><\/figure><div class=\"elementor-image-box-content\"><h3 class=\"elementor-image-box-title\"><a href=\"\/sv\/vare-produkter\/geoteknikk\/\">Geoteknik<\/a><\/h3><p class=\"elementor-image-box-description\">Vi har l\u00f6sningar f\u00f6r de allra flesta geotekniska behov. Med v\u00e5rt omfattande utbud av st\u00e5ng- och linf\u00f6rankringssystem kan vi l\u00f6sa de flesta av dina geotekniska utmaningar.\n\n<\/p><\/div><\/div>\t\t\t\t<\/div>\n\t\t\t\t<\/div>\n\t\t\t\t\t<\/div>\n\t\t<\/div>\n\t\t\t\t<div class=\"elementor-column elementor-col-33 elementor-top-column elementor-element elementor-element-be8dea2\" data-id=\"be8dea2\" data-element_type=\"column\" data-e-type=\"column\">\n\t\t\t<div class=\"elementor-widget-wrap elementor-element-populated\">\n\t\t\t\t\t\t<div class=\"elementor-element elementor-element-fe3bec5 bildeboks elementor-position-top elementor-widget elementor-widget-image-box\" data-id=\"fe3bec5\" data-element_type=\"widget\" data-e-type=\"widget\" data-widget_type=\"image-box.default\">\n\t\t\t\t<div class=\"elementor-widget-container\">\n\t\t\t\t\t<div class=\"elementor-image-box-wrapper\"><figure class=\"elementor-image-box-img\"><a href=\"\/sv\/vare-produkter\/offshore\/\" tabindex=\"-1\"><img loading=\"lazy\" decoding=\"async\" width=\"2000\" height=\"665\" src=\"https:\/\/spennteknikk.no\/wp-content\/uploads\/2023\/11\/offshore-2000-2000x665-1.jpg\" class=\"attachment-full size-full wp-image-1071\" alt=\"\" srcset=\"https:\/\/spennteknikk.no\/wp-content\/uploads\/2023\/11\/offshore-2000-2000x665-1.jpg 2000w, https:\/\/spennteknikk.no\/wp-content\/uploads\/2023\/11\/offshore-2000-2000x665-1-300x100.jpg 300w, https:\/\/spennteknikk.no\/wp-content\/uploads\/2023\/11\/offshore-2000-2000x665-1-1024x340.jpg 1024w, https:\/\/spennteknikk.no\/wp-content\/uploads\/2023\/11\/offshore-2000-2000x665-1-768x255.jpg 768w, https:\/\/spennteknikk.no\/wp-content\/uploads\/2023\/11\/offshore-2000-2000x665-1-1536x511.jpg 1536w\" sizes=\"(max-width: 2000px) 100vw, 2000px\" \/><\/a><\/figure><div class=\"elementor-image-box-content\"><h3 class=\"elementor-image-box-title\"><a href=\"\/sv\/vare-produkter\/offshore\/\">Offshore<\/a><\/h3><p class=\"elementor-image-box-description\">Spennteknikk har konstruerat och levererat produkter till offshoreindustrin sedan 1978 och vi har under denna tid upparbetat en gedigen kompetens, speciellt avseende lagerprodukter till konstruktioner som uts\u00e4tts f\u00f6r kraftiga p\u00e5frestningar och tunga laster.<\/p><\/div><\/div>\t\t\t\t<\/div>\n\t\t\t\t<\/div>\n\t\t\t\t\t<\/div>\n\t\t<\/div>\n\t\t\t\t<div class=\"elementor-column elementor-col-33 elementor-top-column elementor-element elementor-element-99cbbfb\" data-id=\"99cbbfb\" data-element_type=\"column\" data-e-type=\"column\">\n\t\t\t<div class=\"elementor-widget-wrap\">\n\t\t\t\t\t\t\t<\/div>\n\t\t<\/div>\n\t\t\t\t\t<\/div>\n\t\t<\/section>\n\t\t\t\t<\/div>","protected":false},"excerpt":{"rendered":"<p>V\u00e5re produkter Spennarmering Vi kan levere et komplett utvalg innenfor spennarmeringssystemer, som dekker de fleste bruksomr\u00e5der innenfor bygg og anleggssektoren. Lager Vi produserer og leverer TOBE FR-4 potlager, og andre gummirelaterte lager samt st\u00e5llager for forskjellige anvendelsesomr\u00e5der. Fuger Vi har fugesystemer som dekker alle anvendelsesomr\u00e5der, fra 20 \u2013 800 mm bevegelse. Fuger for st\u00f8rre bevegelser [&hellip;]<\/p>\n","protected":false},"author":1,"featured_media":0,"parent":0,"menu_order":0,"comment_status":"closed","ping_status":"closed","template":"","meta":{"footnotes":""},"class_list":["post-247","page","type-page","status-publish","hentry"],"_links":{"self":[{"href":"https:\/\/spennteknikk.no\/sv\/wp-json\/wp\/v2\/pages\/247","targetHints":{"allow":["GET"]}}],"collection":[{"href":"https:\/\/spennteknikk.no\/sv\/wp-json\/wp\/v2\/pages"}],"about":[{"href":"https:\/\/spennteknikk.no\/sv\/wp-json\/wp\/v2\/types\/page"}],"author":[{"embeddable":true,"href":"https:\/\/spennteknikk.no\/sv\/wp-json\/wp\/v2\/users\/1"}],"replies":[{"embeddable":true,"href":"https:\/\/spennteknikk.no\/sv\/wp-json\/wp\/v2\/comments?post=247"}],"version-history":[{"count":5,"href":"https:\/\/spennteknikk.no\/sv\/wp-json\/wp\/v2\/pages\/247\/revisions"}],"predecessor-version":[{"id":1134,"href":"https:\/\/spennteknikk.no\/sv\/wp-json\/wp\/v2\/pages\/247\/revisions\/1134"}],"wp:attachment":[{"href":"https:\/\/spennteknikk.no\/sv\/wp-json\/wp\/v2\/media?parent=247"}],"curies":[{"name":"wp","href":"https:\/\/api.w.org\/{rel}","templated":true}]}}