{"id":230,"date":"2023-09-28T12:58:52","date_gmt":"2023-09-28T12:58:52","guid":{"rendered":"https:\/\/spennteknikk.no\/?page_id=230"},"modified":"2026-04-07T08:24:03","modified_gmt":"2026-04-07T08:24:03","slug":"om-spennteknikk","status":"publish","type":"page","link":"https:\/\/spennteknikk.no\/sv\/om-spennteknikk\/","title":{"rendered":"Om Dywidag"},"content":{"rendered":"<div data-elementor-type=\"wp-page\" data-elementor-id=\"230\" class=\"elementor elementor-230\" data-elementor-post-type=\"page\">\n\t\t\t\t\t\t<section class=\"elementor-section elementor-top-section elementor-element elementor-element-fd6d18d elementor-section-boxed elementor-section-height-default elementor-section-height-default\" data-id=\"fd6d18d\" data-element_type=\"section\" data-e-type=\"section\">\n\t\t\t\t\t\t<div class=\"elementor-container elementor-column-gap-default\">\n\t\t\t\t\t<div class=\"elementor-column elementor-col-100 elementor-top-column elementor-element elementor-element-347e5ef\" data-id=\"347e5ef\" data-element_type=\"column\" data-e-type=\"column\">\n\t\t\t<div class=\"elementor-widget-wrap elementor-element-populated\">\n\t\t\t\t\t\t<div class=\"elementor-element elementor-element-8eff666 elementor-widget elementor-widget-heading\" data-id=\"8eff666\" data-element_type=\"widget\" data-e-type=\"widget\" data-widget_type=\"heading.default\">\n\t\t\t\t<div class=\"elementor-widget-container\">\n\t\t\t\t\t<h1 class=\"elementor-heading-title elementor-size-default\">Om Dywidag Sverige<\/h1>\t\t\t\t<\/div>\n\t\t\t\t<\/div>\n\t\t\t\t<div class=\"elementor-element elementor-element-12722a2 elementor-widget elementor-widget-text-editor\" data-id=\"12722a2\" data-element_type=\"widget\" data-e-type=\"widget\" data-widget_type=\"text-editor.default\">\n\t\t\t\t<div class=\"elementor-widget-container\">\n\t\t\t\t\t\t\t\t\t<p>Dywidag Sverige AB \u00e4r ett av Skandinaviens ledande f\u00f6retag inom sp\u00e4nnarmering, geotekniska l\u00f6sningar samt lager och fogar f\u00f6r anl\u00e4ggningar och st\u00f6rre byggen. Vi har l\u00e5ng erfarenhet av branschen och har genom \u00e5rtiondena byggt upp en bred kunskap speciellt avseende sp\u00e4nnarmering och geoteknik. Tack vare v\u00e5r specialutrustning kan vi p\u00e5 kort varsel ta oss an de mest skiftande projekt, och dessutom med stor flexibilitet n\u00e4r det g\u00e4ller att hitta l\u00f6sningar som &laquo;g\u00f6r jobbet&raquo;.<\/p><p>Den st\u00f6rsta delen av v\u00e5ra uppdrag ligger inom bro- och anl\u00e4ggningssektorn, men vi utf\u00f6r \u00e4ven m\u00e5nga uppdrag inom bygg och offshore. Vi l\u00e4gger stor vikt vid kvaliteten p\u00e5 v\u00e5ra produkter och tj\u00e4nsterhet. V\u00e5rt moderbolag KB Spennteknikk AS som leverer tilsvarende varer og tjenster i Norge ligger i SIVA<br \/><b><\/b><\/p><p><b>MARKNAD<\/b><br \/>\u00c4ven om sp\u00e4nnarmering, lager och fogar f\u00f6r brosektorn samt geoteknik \u00e4r v\u00e5rt huvudsakliga arbetsomr\u00e5de har vi \u00e4ven byggt upp en betydande kompetens inom tynga lyft och s\u00e4nk, samt tillverkning av d\u00e4mpare och andra mekaniska specialprodukter f\u00f6r offshoresektorn.<\/p>\t\t\t\t\t\t\t\t<\/div>\n\t\t\t\t<\/div>\n\t\t\t\t\t<\/div>\n\t\t<\/div>\n\t\t\t\t\t<\/div>\n\t\t<\/section>\n\t\t\t\t<\/div>","protected":false},"excerpt":{"rendered":"<p>Om Spennteknikk KB Spennteknikk AS er et av Skandinavias ledende selskaper innen spennarmering, geotekniske l\u00f8sninger samt lager og fuger til anlegg og st\u00f8rre bygg. Gjennom lang erfaring har vi bygget opp bred kunnskap om spennarmering og geoteknikk. Med spesialutviklet utstyr kan vi p\u00e5 kort varsel g\u00e5 inn i ulike prosjekter med stor fleksibilitet i forhold [&hellip;]<\/p>\n","protected":false},"author":1,"featured_media":0,"parent":0,"menu_order":0,"comment_status":"closed","ping_status":"closed","template":"","meta":{"footnotes":""},"class_list":["post-230","page","type-page","status-publish","hentry"],"_links":{"self":[{"href":"https:\/\/spennteknikk.no\/sv\/wp-json\/wp\/v2\/pages\/230","targetHints":{"allow":["GET"]}}],"collection":[{"href":"https:\/\/spennteknikk.no\/sv\/wp-json\/wp\/v2\/pages"}],"about":[{"href":"https:\/\/spennteknikk.no\/sv\/wp-json\/wp\/v2\/types\/page"}],"author":[{"embeddable":true,"href":"https:\/\/spennteknikk.no\/sv\/wp-json\/wp\/v2\/users\/1"}],"replies":[{"embeddable":true,"href":"https:\/\/spennteknikk.no\/sv\/wp-json\/wp\/v2\/comments?post=230"}],"version-history":[{"count":8,"href":"https:\/\/spennteknikk.no\/sv\/wp-json\/wp\/v2\/pages\/230\/revisions"}],"predecessor-version":[{"id":1992,"href":"https:\/\/spennteknikk.no\/sv\/wp-json\/wp\/v2\/pages\/230\/revisions\/1992"}],"wp:attachment":[{"href":"https:\/\/spennteknikk.no\/sv\/wp-json\/wp\/v2\/media?parent=230"}],"curies":[{"name":"wp","href":"https:\/\/api.w.org\/{rel}","templated":true}]}}