{"id":1937,"date":"2026-02-15T08:30:03","date_gmt":"2026-02-15T08:30:03","guid":{"rendered":"https:\/\/spennteknikk.no\/?page_id=1937"},"modified":"2026-02-16T07:45:37","modified_gmt":"2026-02-16T07:45:37","slug":"vi-soker-prosjektleder","status":"publish","type":"page","link":"https:\/\/spennteknikk.no\/sv\/vi-soker-prosjektleder\/","title":{"rendered":"Vi s\u00f8ker prosjektleder"},"content":{"rendered":"<div data-elementor-type=\"wp-page\" data-elementor-id=\"1937\" class=\"elementor elementor-1937\" data-elementor-post-type=\"page\">\n\t\t\t\t\t\t<section class=\"elementor-section elementor-top-section elementor-element elementor-element-2f3bc98 elementor-section-boxed elementor-section-height-default elementor-section-height-default\" data-id=\"2f3bc98\" data-element_type=\"section\" data-e-type=\"section\">\n\t\t\t\t\t\t<div class=\"elementor-container elementor-column-gap-default\">\n\t\t\t\t\t<div class=\"elementor-column elementor-col-100 elementor-top-column elementor-element elementor-element-c894cbc\" data-id=\"c894cbc\" data-element_type=\"column\" data-e-type=\"column\">\n\t\t\t<div class=\"elementor-widget-wrap elementor-element-populated\">\n\t\t\t\t\t\t<div class=\"elementor-element elementor-element-e0bbba5 elementor-widget elementor-widget-heading\" data-id=\"e0bbba5\" data-element_type=\"widget\" data-e-type=\"widget\" data-widget_type=\"heading.default\">\n\t\t\t\t<div class=\"elementor-widget-container\">\n\t\t\t\t\t<h1 class=\"elementor-heading-title elementor-size-default\">Prosjektleder<\/h1>\t\t\t\t<\/div>\n\t\t\t\t<\/div>\n\t\t\t\t<div class=\"elementor-element elementor-element-004047c elementor-widget elementor-widget-spacer\" data-id=\"004047c\" data-element_type=\"widget\" data-e-type=\"widget\" data-widget_type=\"spacer.default\">\n\t\t\t\t<div class=\"elementor-widget-container\">\n\t\t\t\t\t\t\t<div class=\"elementor-spacer\">\n\t\t\t<div class=\"elementor-spacer-inner\"><\/div>\n\t\t<\/div>\n\t\t\t\t\t\t<\/div>\n\t\t\t\t<\/div>\n\t\t\t\t<div class=\"elementor-element elementor-element-12eff72 elementor-widget elementor-widget-text-editor\" data-id=\"12eff72\" data-element_type=\"widget\" data-e-type=\"widget\" data-widget_type=\"text-editor.default\">\n\t\t\t\t<div class=\"elementor-widget-container\">\n\t\t\t\t\t\t\t\t\t<p>Er du sv\u00e6rt interessert i planlegging og gjennomf\u00f8ring av prosjekter? Er du i tillegg motivert, m\u00e5lstyrt og entusiastisk? Da kan du v\u00e6re den vi s\u00f8ker etter!<br \/>KB Spennteknikk utvider, og har i den forbindelse behov for en ambisi\u00f8s prosjektleder til Kongsvinger.<\/p><p><strong>Dine arbeidsoppgaver og ansvarsomr\u00e5der vil blant annet v\u00e6re:<\/strong><\/p><ul><li>Planlegging og oppf\u00f8lging av prosjekter<\/li><li>Detaljert prosjektgjennomf\u00f8ring og etterlevelse av kontrakter<\/li><li>Kvalitetsoppf\u00f8lging<\/li><li>\u00d8konomistyring<\/li><li>Tett oppf\u00f8lging mot produksjon i fabrikk og leveranse til kunder<\/li><\/ul><p><strong style=\"font-size: 1rem;\"><br \/>Kvalifikasjoner:<\/strong><\/p><ul><li>Ingeni\u00f8r med prosjektlederutdanning<\/li><li>God teknisk forst\u00e5else<\/li><li>God \u00f8konomiforst\u00e5else og gjennomf\u00f8ringsevne<\/li><li>Du b\u00f8r ha gode datakunnskaper<\/li><li>Office 365, Teams, MS Project, CRM-systemer, ERP-systemer, 3D-modellering<\/li><\/ul><p><strong style=\"font-size: 1rem;\"><br \/>Du b\u00f8r:<\/strong><\/p><ul><li>Ha gode samarbeidsevner<\/li><li>V\u00e6re selvg\u00e5ende og initiativrik<\/li><li>Ha lyst p\u00e5 utfordringer<\/li><li>Trives i en variert hverdag med ulike oppgaver og problemstillinger<\/li><li>Trives i kundem\u00f8ter og ute p\u00e5 prosjektene<\/li><li>Ha erfaring med prosjektledelse av produkt- og prosjekt-leveranser<\/li><\/ul><p><br \/>Det gis gode muligheter for karriereutvikling i bedriften. Ikke n\u00f8l med \u00e5 s\u00f8ke, vi behandler s\u00f8knader fortl\u00f8pende. S\u00f8knad sendes til <a title=\"mailto:maciej.michalczyk@spennteknikk.no\" href=\"mailto:maciej.michalczyk@spennteknikk.no\">maciej.michalczyk@spennteknikk.no<\/a>.<\/p>\t\t\t\t\t\t\t\t<\/div>\n\t\t\t\t<\/div>\n\t\t\t\t<div class=\"elementor-element elementor-element-d998ab1 elementor-widget elementor-widget-spacer\" data-id=\"d998ab1\" data-element_type=\"widget\" data-e-type=\"widget\" data-widget_type=\"spacer.default\">\n\t\t\t\t<div class=\"elementor-widget-container\">\n\t\t\t\t\t\t\t<div class=\"elementor-spacer\">\n\t\t\t<div class=\"elementor-spacer-inner\"><\/div>\n\t\t<\/div>\n\t\t\t\t\t\t<\/div>\n\t\t\t\t<\/div>\n\t\t\t\t<div class=\"elementor-element elementor-element-27137cc elementor-widget elementor-widget-heading\" data-id=\"27137cc\" data-element_type=\"widget\" data-e-type=\"widget\" data-widget_type=\"heading.default\">\n\t\t\t\t<div class=\"elementor-widget-container\">\n\t\t\t\t\t<h4 class=\"elementor-heading-title elementor-size-default\">Om Dywidag<\/h4>\t\t\t\t<\/div>\n\t\t\t\t<\/div>\n\t\t\t\t<div class=\"elementor-element elementor-element-c28f2dd elementor-widget elementor-widget-text-editor\" data-id=\"c28f2dd\" data-element_type=\"widget\" data-e-type=\"widget\" data-widget_type=\"text-editor.default\">\n\t\t\t\t<div class=\"elementor-widget-container\">\n\t\t\t\t\t\t\t\t\t<p><span class=\"s2\">KB Spennteknikk AS er et av Skandinavias ledende selskaper innen spennarmering til etterspente konstruksjoner, samt skr\u00e5stag, lager og fuger til anlegg og st\u00f8rre bygg.<\/span><span class=\"s2\"><br \/><\/span><span class=\"s2\"><br \/><\/span><span class=\"s2\">Gjennom lang erfaring har vi bygget opp bred kunnskap om etterspente konstruksjoner. Med spesialutviklet utstyr kan vi p\u00e5 kort varsel g\u00e5 inn i ulike prosjekter med stor fleksibilitet i forhold til spesielle l\u00f8sninger.<\/span><span class=\"s2\"><br \/><\/span><span class=\"s2\"><br \/><\/span><span class=\"s2\">St\u00f8rsteparten av oppdragene v\u00e5re ligger innen bru- og anleggssektoren. Vi har ogs\u00e5 betydelige oppdrag innen st\u00f8rre bygg og offshore. Vi legger stor vekt p\u00e5 kvalitet i v\u00e5re produkter og tjenester, og er sertifisert i henhold til \u00a0ISO <\/span><span class=\"s2\">14001 og <\/span><span class=\"s2\">9001. V\u00e5rt hovedkontor<\/span> <span class=\"s2\">er p\u00e5 SIVA-industriomr\u00e5de p\u00e5 Kongsvinger<\/span><span class=\"s2\"> og<\/span><span class=\"s2\"> vi har et <\/span><span class=\"s2\">s\u00f8sterselskap<\/span><span class=\"s2\"> i Sverige, <\/span><span class=\"s2\">Dywidag Sverige AB<\/span><span class=\"s2\">, som betjener det svenske markedet.<\/span><\/p>\t\t\t\t\t\t\t\t<\/div>\n\t\t\t\t<\/div>\n\t\t\t\t\t<\/div>\n\t\t<\/div>\n\t\t\t\t\t<\/div>\n\t\t<\/section>\n\t\t\t\t<\/div>","protected":false},"excerpt":{"rendered":"<p>Prosjektleder Er du sv\u00e6rt interessert i planlegging og gjennomf\u00f8ring av prosjekter? Er du i tillegg motivert, m\u00e5lstyrt og entusiastisk? Da kan du v\u00e6re den vi s\u00f8ker etter!KB Spennteknikk utvider, og har i den forbindelse behov for en ambisi\u00f8s prosjektleder til Kongsvinger. Dine arbeidsoppgaver og ansvarsomr\u00e5der vil blant annet v\u00e6re: Planlegging og oppf\u00f8lging av prosjekter Detaljert [&hellip;]<\/p>\n","protected":false},"author":1,"featured_media":0,"parent":0,"menu_order":0,"comment_status":"closed","ping_status":"closed","template":"","meta":{"footnotes":""},"class_list":["post-1937","page","type-page","status-publish","hentry"],"_links":{"self":[{"href":"https:\/\/spennteknikk.no\/sv\/wp-json\/wp\/v2\/pages\/1937","targetHints":{"allow":["GET"]}}],"collection":[{"href":"https:\/\/spennteknikk.no\/sv\/wp-json\/wp\/v2\/pages"}],"about":[{"href":"https:\/\/spennteknikk.no\/sv\/wp-json\/wp\/v2\/types\/page"}],"author":[{"embeddable":true,"href":"https:\/\/spennteknikk.no\/sv\/wp-json\/wp\/v2\/users\/1"}],"replies":[{"embeddable":true,"href":"https:\/\/spennteknikk.no\/sv\/wp-json\/wp\/v2\/comments?post=1937"}],"version-history":[{"count":5,"href":"https:\/\/spennteknikk.no\/sv\/wp-json\/wp\/v2\/pages\/1937\/revisions"}],"predecessor-version":[{"id":1962,"href":"https:\/\/spennteknikk.no\/sv\/wp-json\/wp\/v2\/pages\/1937\/revisions\/1962"}],"wp:attachment":[{"href":"https:\/\/spennteknikk.no\/sv\/wp-json\/wp\/v2\/media?parent=1937"}],"curies":[{"name":"wp","href":"https:\/\/api.w.org\/{rel}","templated":true}]}}