{"id":128,"date":"2023-08-17T09:47:14","date_gmt":"2023-08-17T09:47:14","guid":{"rendered":"https:\/\/spennteknikk.no\/?page_id=128"},"modified":"2026-04-07T08:25:33","modified_gmt":"2026-04-07T08:25:33","slug":"forside","status":"publish","type":"page","link":"https:\/\/spennteknikk.no\/sv\/","title":{"rendered":"Forside"},"content":{"rendered":"\t\t<div data-elementor-type=\"wp-page\" data-elementor-id=\"128\" class=\"elementor elementor-128\" data-elementor-post-type=\"page\">\n\t\t\t\t\t\t<section class=\"elementor-section elementor-top-section elementor-element elementor-element-d72fc31 elementor-section-boxed elementor-section-height-default elementor-section-height-default\" data-id=\"d72fc31\" data-element_type=\"section\" data-e-type=\"section\" data-settings=\"{&quot;background_background&quot;:&quot;classic&quot;,&quot;background_motion_fx_motion_fx_scrolling&quot;:&quot;yes&quot;,&quot;background_motion_fx_translateX_effect&quot;:&quot;yes&quot;,&quot;background_motion_fx_translateX_speed&quot;:{&quot;unit&quot;:&quot;px&quot;,&quot;size&quot;:4,&quot;sizes&quot;:[]},&quot;background_motion_fx_translateX_affectedRange&quot;:{&quot;unit&quot;:&quot;%&quot;,&quot;size&quot;:&quot;&quot;,&quot;sizes&quot;:{&quot;start&quot;:0,&quot;end&quot;:100}},&quot;background_motion_fx_devices&quot;:[&quot;desktop&quot;,&quot;tablet&quot;,&quot;mobile&quot;]}\">\n\t\t\t\t\t\t\t<div class=\"elementor-background-overlay\"><\/div>\n\t\t\t\t\t\t\t<div class=\"elementor-container elementor-column-gap-no\">\n\t\t\t\t\t<div class=\"elementor-column elementor-col-100 elementor-top-column elementor-element elementor-element-13c9fe0\" data-id=\"13c9fe0\" data-element_type=\"column\" data-e-type=\"column\">\n\t\t\t<div class=\"elementor-widget-wrap elementor-element-populated\">\n\t\t\t\t\t\t<div class=\"elementor-element elementor-element-a4a1c53 elementor-widget elementor-widget-spacer\" data-id=\"a4a1c53\" data-element_type=\"widget\" data-e-type=\"widget\" data-widget_type=\"spacer.default\">\n\t\t\t\t<div class=\"elementor-widget-container\">\n\t\t\t\t\t\t\t<div class=\"elementor-spacer\">\n\t\t\t<div class=\"elementor-spacer-inner\"><\/div>\n\t\t<\/div>\n\t\t\t\t\t\t<\/div>\n\t\t\t\t<\/div>\n\t\t\t\t<div class=\"elementor-element elementor-element-305052f elementor-widget__width-initial elementor-widget-tablet__width-initial elementor-widget elementor-widget-heading\" data-id=\"305052f\" data-element_type=\"widget\" data-e-type=\"widget\" data-widget_type=\"heading.default\">\n\t\t\t\t<div class=\"elementor-widget-container\">\n\t\t\t\t\t<h1 class=\"elementor-heading-title elementor-size-default\">Alt du trenger innen spennarmering, lager og fuger \ntil bruer, bygg, anlegg og offshore<\/h1>\t\t\t\t<\/div>\n\t\t\t\t<\/div>\n\t\t\t\t<div class=\"elementor-element elementor-element-befcc48 elementor-widget__width-initial elementor-widget elementor-widget-text-editor\" data-id=\"befcc48\" data-element_type=\"widget\" data-e-type=\"widget\" data-widget_type=\"text-editor.default\">\n\t\t\t\t<div class=\"elementor-widget-container\">\n\t\t\t\t\t\t\t\t\t<a class=\"slide-link\" href=\"\/vare-produkter\/spennarmering\/\">Spennarmering<\/a> | <a class=\"slide-link\" href=\"\/vare-produkter\/lagersystemer\">Lager<\/a> | <a class=\"slide-link\" href=\"\/vare-produkter\/fugesystemer\/\">Fuger<\/a> | <a class=\"slide-link\" href=\"\/vare-produkter\/geoteknikk\">Geoteknikk<\/a>| <a class=\"slide-link\" href=\"\/vare-produkter\/offshore\">Offshore<\/a>\t\t\t\t\t\t\t\t<\/div>\n\t\t\t\t<\/div>\n\t\t\t\t<div class=\"elementor-element elementor-element-4d3147d elementor-widget elementor-widget-spacer\" data-id=\"4d3147d\" data-element_type=\"widget\" data-e-type=\"widget\" data-widget_type=\"spacer.default\">\n\t\t\t\t<div class=\"elementor-widget-container\">\n\t\t\t\t\t\t\t<div class=\"elementor-spacer\">\n\t\t\t<div class=\"elementor-spacer-inner\"><\/div>\n\t\t<\/div>\n\t\t\t\t\t\t<\/div>\n\t\t\t\t<\/div>\n\t\t\t\t\t<\/div>\n\t\t<\/div>\n\t\t\t\t\t<\/div>\n\t\t<\/section>\n\t\t\t\t<section class=\"elementor-section elementor-top-section elementor-element elementor-element-1f89b7a elementor-section-boxed elementor-section-height-default elementor-section-height-default\" data-id=\"1f89b7a\" data-element_type=\"section\" data-e-type=\"section\">\n\t\t\t\t\t\t<div class=\"elementor-container elementor-column-gap-default\">\n\t\t\t\t\t<div class=\"elementor-column elementor-col-100 elementor-top-column elementor-element elementor-element-6dd7396\" data-id=\"6dd7396\" data-element_type=\"column\" data-e-type=\"column\">\n\t\t\t<div class=\"elementor-widget-wrap elementor-element-populated\">\n\t\t\t\t\t\t\t<\/div>\n\t\t<\/div>\n\t\t\t\t\t<\/div>\n\t\t<\/section>\n\t\t\t\t<section class=\"elementor-section elementor-top-section elementor-element elementor-element-e11846a elementor-section-boxed elementor-section-height-default elementor-section-height-default\" data-id=\"e11846a\" data-element_type=\"section\" data-e-type=\"section\">\n\t\t\t\t\t\t<div class=\"elementor-container elementor-column-gap-wide\">\n\t\t\t\t\t<div class=\"elementor-column elementor-col-33 elementor-top-column elementor-element elementor-element-27992bf\" data-id=\"27992bf\" data-element_type=\"column\" data-e-type=\"column\">\n\t\t\t<div class=\"elementor-widget-wrap elementor-element-populated\">\n\t\t\t\t\t\t<div class=\"elementor-element elementor-element-fb4748e bildeboks elementor-position-top elementor-widget elementor-widget-image-box\" data-id=\"fb4748e\" data-element_type=\"widget\" data-e-type=\"widget\" data-widget_type=\"image-box.default\">\n\t\t\t\t<div class=\"elementor-widget-container\">\n\t\t\t\t\t<div class=\"elementor-image-box-wrapper\"><figure class=\"elementor-image-box-img\"><a href=\"\/vare-produkter\/spennarmering\/\" tabindex=\"-1\"><img fetchpriority=\"high\" decoding=\"async\" width=\"651\" height=\"453\" src=\"https:\/\/spennteknikk.no\/wp-content\/uploads\/2023\/10\/image-asset.png\" class=\"attachment-full size-full wp-image-588\" alt=\"\" srcset=\"https:\/\/spennteknikk.no\/wp-content\/uploads\/2023\/10\/image-asset.png 651w, https:\/\/spennteknikk.no\/wp-content\/uploads\/2023\/10\/image-asset-300x209.png 300w\" sizes=\"(max-width: 651px) 100vw, 651px\" \/><\/a><\/figure><div class=\"elementor-image-box-content\"><h3 class=\"elementor-image-box-title\"><a href=\"\/vare-produkter\/spennarmering\/\">Spennarmering<\/a><\/h3><p class=\"elementor-image-box-description\">Vi kan levere et komplett utvalg innenfor spennarmeringssystemer, som dekker de fleste bruksomr\u00e5der innenfor bygg og anleggssektoren.<\/p><\/div><\/div>\t\t\t\t<\/div>\n\t\t\t\t<\/div>\n\t\t\t\t\t<\/div>\n\t\t<\/div>\n\t\t\t\t<div class=\"elementor-column elementor-col-33 elementor-top-column elementor-element elementor-element-9a99347\" data-id=\"9a99347\" data-element_type=\"column\" data-e-type=\"column\">\n\t\t\t<div class=\"elementor-widget-wrap elementor-element-populated\">\n\t\t\t\t\t\t<div class=\"elementor-element elementor-element-0a49e3d bildeboks elementor-position-top elementor-widget elementor-widget-image-box\" data-id=\"0a49e3d\" data-element_type=\"widget\" data-e-type=\"widget\" data-widget_type=\"image-box.default\">\n\t\t\t\t<div class=\"elementor-widget-container\">\n\t\t\t\t\t<div class=\"elementor-image-box-wrapper\"><figure class=\"elementor-image-box-img\"><a href=\"\/vare-produkter\/lagersystemer\" tabindex=\"-1\"><img decoding=\"async\" width=\"699\" height=\"499\" src=\"https:\/\/spennteknikk.no\/wp-content\/uploads\/2023\/11\/tobe.jpg\" class=\"attachment-full size-full wp-image-847\" alt=\"\" srcset=\"https:\/\/spennteknikk.no\/wp-content\/uploads\/2023\/11\/tobe.jpg 699w, https:\/\/spennteknikk.no\/wp-content\/uploads\/2023\/11\/tobe-300x214.jpg 300w\" sizes=\"(max-width: 699px) 100vw, 699px\" \/><\/a><\/figure><div class=\"elementor-image-box-content\"><h3 class=\"elementor-image-box-title\"><a href=\"\/vare-produkter\/lagersystemer\">Lager<\/a><\/h3><p class=\"elementor-image-box-description\">Vi produserer og leverer TOBE FR-4 potlager, og andre gummirelaterte lager samt st\u00e5llager for forskjellige anvendelsesomr\u00e5der.<\/p><\/div><\/div>\t\t\t\t<\/div>\n\t\t\t\t<\/div>\n\t\t\t\t\t<\/div>\n\t\t<\/div>\n\t\t\t\t<div class=\"elementor-column elementor-col-33 elementor-top-column elementor-element elementor-element-6c2c4c2\" data-id=\"6c2c4c2\" data-element_type=\"column\" data-e-type=\"column\">\n\t\t\t<div class=\"elementor-widget-wrap elementor-element-populated\">\n\t\t\t\t\t\t<div class=\"elementor-element elementor-element-7c50f03 bildeboks elementor-position-top elementor-widget elementor-widget-image-box\" data-id=\"7c50f03\" data-element_type=\"widget\" data-e-type=\"widget\" data-widget_type=\"image-box.default\">\n\t\t\t\t<div class=\"elementor-widget-container\">\n\t\t\t\t\t<div class=\"elementor-image-box-wrapper\"><figure class=\"elementor-image-box-img\"><a href=\"\/vare-produkter\/fugesystemer\/\" tabindex=\"-1\"><img decoding=\"async\" width=\"699\" height=\"499\" src=\"https:\/\/spennteknikk.no\/wp-content\/uploads\/2023\/11\/TENSA-MODULAR-LRLS-mainimg.jpg\" class=\"attachment-full size-full wp-image-774\" alt=\"\" srcset=\"https:\/\/spennteknikk.no\/wp-content\/uploads\/2023\/11\/TENSA-MODULAR-LRLS-mainimg.jpg 699w, https:\/\/spennteknikk.no\/wp-content\/uploads\/2023\/11\/TENSA-MODULAR-LRLS-mainimg-300x214.jpg 300w\" sizes=\"(max-width: 699px) 100vw, 699px\" \/><\/a><\/figure><div class=\"elementor-image-box-content\"><h3 class=\"elementor-image-box-title\"><a href=\"\/vare-produkter\/fugesystemer\/\">Fuger<\/a><\/h3><p class=\"elementor-image-box-description\">Vi har fugesystemer som dekker alle anvendelsesomr\u00e5der, fra 20 \u2013 800 mm bevegelse. Fuger for st\u00f8rre bevegelser kan utf\u00f8res som spesialoppdrag.<\/p><\/div><\/div>\t\t\t\t<\/div>\n\t\t\t\t<\/div>\n\t\t\t\t\t<\/div>\n\t\t<\/div>\n\t\t\t\t\t<\/div>\n\t\t<\/section>\n\t\t\t\t<section class=\"elementor-section elementor-top-section elementor-element elementor-element-496f59a elementor-section-boxed elementor-section-height-default elementor-section-height-default\" data-id=\"496f59a\" data-element_type=\"section\" data-e-type=\"section\">\n\t\t\t\t\t\t<div class=\"elementor-container elementor-column-gap-wide\">\n\t\t\t\t\t<div class=\"elementor-column elementor-col-33 elementor-top-column elementor-element elementor-element-606b3b5\" data-id=\"606b3b5\" data-element_type=\"column\" data-e-type=\"column\">\n\t\t\t<div class=\"elementor-widget-wrap elementor-element-populated\">\n\t\t\t\t\t\t<div class=\"elementor-element elementor-element-fbc903a bildeboks elementor-position-top elementor-widget elementor-widget-image-box\" data-id=\"fbc903a\" data-element_type=\"widget\" data-e-type=\"widget\" data-widget_type=\"image-box.default\">\n\t\t\t\t<div class=\"elementor-widget-container\">\n\t\t\t\t\t<div class=\"elementor-image-box-wrapper\"><figure class=\"elementor-image-box-img\"><a href=\"\/vare-produkter\/geoteknikk\/\" tabindex=\"-1\"><img loading=\"lazy\" decoding=\"async\" width=\"699\" height=\"499\" src=\"https:\/\/spennteknikk.no\/wp-content\/uploads\/2023\/11\/geoteknikk.jpg\" class=\"attachment-full size-full wp-image-843\" alt=\"\" srcset=\"https:\/\/spennteknikk.no\/wp-content\/uploads\/2023\/11\/geoteknikk.jpg 699w, https:\/\/spennteknikk.no\/wp-content\/uploads\/2023\/11\/geoteknikk-300x214.jpg 300w\" sizes=\"(max-width: 699px) 100vw, 699px\" \/><\/a><\/figure><div class=\"elementor-image-box-content\"><h3 class=\"elementor-image-box-title\"><a href=\"\/vare-produkter\/geoteknikk\/\">Geoteknikk<\/a><\/h3><p class=\"elementor-image-box-description\">Vi har l\u00f8sninger til de aller fleste geotekniske utfordringer. Med v\u00e5re stang og lineforankrings systemer kan vi hjelpe deg med dine utfordringer.<\/p><\/div><\/div>\t\t\t\t<\/div>\n\t\t\t\t<\/div>\n\t\t\t\t\t<\/div>\n\t\t<\/div>\n\t\t\t\t<div class=\"elementor-column elementor-col-33 elementor-top-column elementor-element elementor-element-f02592d\" data-id=\"f02592d\" data-element_type=\"column\" data-e-type=\"column\">\n\t\t\t<div class=\"elementor-widget-wrap elementor-element-populated\">\n\t\t\t\t\t\t<div class=\"elementor-element elementor-element-6246dad bildeboks elementor-position-top elementor-widget elementor-widget-image-box\" data-id=\"6246dad\" data-element_type=\"widget\" data-e-type=\"widget\" data-widget_type=\"image-box.default\">\n\t\t\t\t<div class=\"elementor-widget-container\">\n\t\t\t\t\t<div class=\"elementor-image-box-wrapper\"><figure class=\"elementor-image-box-img\"><a href=\"\/vare-produkter\/offshore\/\" tabindex=\"-1\"><img loading=\"lazy\" decoding=\"async\" width=\"2000\" height=\"665\" src=\"https:\/\/spennteknikk.no\/wp-content\/uploads\/2023\/11\/offshore-2000-2000x665-1.jpg\" class=\"attachment-full size-full wp-image-1071\" alt=\"\" srcset=\"https:\/\/spennteknikk.no\/wp-content\/uploads\/2023\/11\/offshore-2000-2000x665-1.jpg 2000w, https:\/\/spennteknikk.no\/wp-content\/uploads\/2023\/11\/offshore-2000-2000x665-1-300x100.jpg 300w, https:\/\/spennteknikk.no\/wp-content\/uploads\/2023\/11\/offshore-2000-2000x665-1-1024x340.jpg 1024w, https:\/\/spennteknikk.no\/wp-content\/uploads\/2023\/11\/offshore-2000-2000x665-1-768x255.jpg 768w, https:\/\/spennteknikk.no\/wp-content\/uploads\/2023\/11\/offshore-2000-2000x665-1-1536x511.jpg 1536w\" sizes=\"(max-width: 2000px) 100vw, 2000px\" \/><\/a><\/figure><div class=\"elementor-image-box-content\"><h3 class=\"elementor-image-box-title\"><a href=\"\/vare-produkter\/offshore\/\">Offshore<\/a><\/h3><p class=\"elementor-image-box-description\">Spennteknikk har v\u00e6rt produsent og leverand\u00f8r til offshoreindustrien siden 1978, og selskapet har i l\u00f8pet av denne tiden opparbeidet betydelig kompetanse, spesielt innen bruk av lagerprodukter til konstruksjoner utsatt for bevegelser og tunge belastninger.<\/p><\/div><\/div>\t\t\t\t<\/div>\n\t\t\t\t<\/div>\n\t\t\t\t\t<\/div>\n\t\t<\/div>\n\t\t\t\t<div class=\"elementor-column elementor-col-33 elementor-top-column elementor-element elementor-element-d4c4b88\" data-id=\"d4c4b88\" data-element_type=\"column\" data-e-type=\"column\">\n\t\t\t<div class=\"elementor-widget-wrap elementor-element-populated\">\n\t\t\t\t\t\t<div class=\"elementor-element elementor-element-0844937 bildeboks elementor-position-top elementor-widget elementor-widget-image-box\" data-id=\"0844937\" data-element_type=\"widget\" data-e-type=\"widget\" data-widget_type=\"image-box.default\">\n\t\t\t\t<div class=\"elementor-widget-container\">\n\t\t\t\t\t<div class=\"elementor-image-box-wrapper\"><figure class=\"elementor-image-box-img\"><a href=\"\/kontakt-oss\/\" tabindex=\"-1\"><img loading=\"lazy\" decoding=\"async\" width=\"338\" height=\"224\" src=\"https:\/\/spennteknikk.no\/wp-content\/uploads\/2023\/08\/spennsystemer.jpg\" class=\"attachment-full size-full wp-image-179\" alt=\"\" srcset=\"https:\/\/spennteknikk.no\/wp-content\/uploads\/2023\/08\/spennsystemer.jpg 338w, https:\/\/spennteknikk.no\/wp-content\/uploads\/2023\/08\/spennsystemer-300x199.jpg 300w\" sizes=\"(max-width: 338px) 100vw, 338px\" \/><\/a><\/figure><div class=\"elementor-image-box-content\"><h3 class=\"elementor-image-box-title\"><a href=\"\/kontakt-oss\/\">Kontakt<\/a><\/h3><p class=\"elementor-image-box-description\">Kontakt oss gjerne for mer informasjon.<\/p><\/div><\/div>\t\t\t\t<\/div>\n\t\t\t\t<\/div>\n\t\t\t\t\t<\/div>\n\t\t<\/div>\n\t\t\t\t\t<\/div>\n\t\t<\/section>\n\t\t\t\t<section class=\"elementor-section elementor-top-section elementor-element elementor-element-249883f elementor-section-boxed elementor-section-height-default elementor-section-height-default\" data-id=\"249883f\" data-element_type=\"section\" data-e-type=\"section\">\n\t\t\t\t\t\t<div class=\"elementor-container elementor-column-gap-default\">\n\t\t\t\t\t<div class=\"elementor-column elementor-col-50 elementor-top-column elementor-element elementor-element-08b5968\" data-id=\"08b5968\" data-element_type=\"column\" data-e-type=\"column\">\n\t\t\t<div class=\"elementor-widget-wrap elementor-element-populated\">\n\t\t\t\t\t\t<div class=\"elementor-element elementor-element-48e5d93 elementor-widget elementor-widget-spacer\" data-id=\"48e5d93\" data-element_type=\"widget\" data-e-type=\"widget\" data-widget_type=\"spacer.default\">\n\t\t\t\t<div class=\"elementor-widget-container\">\n\t\t\t\t\t\t\t<div class=\"elementor-spacer\">\n\t\t\t<div class=\"elementor-spacer-inner\"><\/div>\n\t\t<\/div>\n\t\t\t\t\t\t<\/div>\n\t\t\t\t<\/div>\n\t\t\t\t<div class=\"elementor-element elementor-element-c55113e elementor-widget elementor-widget-heading\" data-id=\"c55113e\" data-element_type=\"widget\" data-e-type=\"widget\" data-widget_type=\"heading.default\">\n\t\t\t\t<div class=\"elementor-widget-container\">\n\t\t\t\t\t<h2 class=\"elementor-heading-title elementor-size-default\">Vi s\u00f8ker prosjektleder<\/h2>\t\t\t\t<\/div>\n\t\t\t\t<\/div>\n\t\t\t\t<div class=\"elementor-element elementor-element-915a8dc elementor-widget elementor-widget-text-editor\" data-id=\"915a8dc\" data-element_type=\"widget\" data-e-type=\"widget\" data-widget_type=\"text-editor.default\">\n\t\t\t\t<div class=\"elementor-widget-container\">\n\t\t\t\t\t\t\t\t\t<p><br \/><span class=\"s6\">Er du sv\u00e6rt interessert i planlegging og gjennomf\u00f8ring av prosjekter? Er du i tillegg motivert, m\u00e5lstyrt og entusiastisk? Da kan du v\u00e6re den vi s\u00f8ker etter!<\/span><span class=\"s6\"><br \/><\/span><\/p><p><span class=\"s6\">KB Spennteknikk utvider, og har i den forbindelse behov for en ambisi\u00f8s prosjektleder til Kongsvinger.<\/span><\/p>\t\t\t\t\t\t\t\t<\/div>\n\t\t\t\t<\/div>\n\t\t\t\t<div class=\"elementor-element elementor-element-97fa073 elementor-widget elementor-widget-button\" data-id=\"97fa073\" data-element_type=\"widget\" data-e-type=\"widget\" data-widget_type=\"button.default\">\n\t\t\t\t<div class=\"elementor-widget-container\">\n\t\t\t\t\t\t\t\t\t<div class=\"elementor-button-wrapper\">\n\t\t\t\t\t<a class=\"elementor-button elementor-button-link elementor-size-sm\" href=\"https:\/\/spennteknikk.no\/sv\/vi-soker-prosjektleder\/\">\n\t\t\t\t\t\t<span class=\"elementor-button-content-wrapper\">\n\t\t\t\t\t\t\t\t\t<span class=\"elementor-button-text\">Les mer<\/span>\n\t\t\t\t\t<\/span>\n\t\t\t\t\t<\/a>\n\t\t\t\t<\/div>\n\t\t\t\t\t\t\t\t<\/div>\n\t\t\t\t<\/div>\n\t\t\t\t\t<\/div>\n\t\t<\/div>\n\t\t\t\t<div class=\"elementor-column elementor-col-50 elementor-top-column elementor-element elementor-element-2d56c1b\" data-id=\"2d56c1b\" data-element_type=\"column\" data-e-type=\"column\">\n\t\t\t<div class=\"elementor-widget-wrap elementor-element-populated\">\n\t\t\t\t\t\t<div class=\"elementor-element elementor-element-0dc545c elementor-hidden-mobile elementor-hidden-tablet elementor-widget elementor-widget-spacer\" data-id=\"0dc545c\" data-element_type=\"widget\" data-e-type=\"widget\" data-widget_type=\"spacer.default\">\n\t\t\t\t<div class=\"elementor-widget-container\">\n\t\t\t\t\t\t\t<div class=\"elementor-spacer\">\n\t\t\t<div class=\"elementor-spacer-inner\"><\/div>\n\t\t<\/div>\n\t\t\t\t\t\t<\/div>\n\t\t\t\t<\/div>\n\t\t\t\t<div class=\"elementor-element elementor-element-9c698e7 elementor-widget elementor-widget-image\" data-id=\"9c698e7\" data-element_type=\"widget\" data-e-type=\"widget\" data-widget_type=\"image.default\">\n\t\t\t\t<div class=\"elementor-widget-container\">\n\t\t\t\t\t\t\t\t\t\t\t\t\t\t\t<img loading=\"lazy\" decoding=\"async\" width=\"800\" height=\"295\" src=\"https:\/\/spennteknikk.no\/wp-content\/uploads\/2026\/04\/ansatt-collage-2026-1024x378.jpg\" class=\"attachment-large size-large wp-image-1989\" alt=\"\" srcset=\"https:\/\/spennteknikk.no\/wp-content\/uploads\/2026\/04\/ansatt-collage-2026-1024x378.jpg 1024w, https:\/\/spennteknikk.no\/wp-content\/uploads\/2026\/04\/ansatt-collage-2026-300x111.jpg 300w, https:\/\/spennteknikk.no\/wp-content\/uploads\/2026\/04\/ansatt-collage-2026-768x284.jpg 768w, https:\/\/spennteknikk.no\/wp-content\/uploads\/2026\/04\/ansatt-collage-2026-1536x567.jpg 1536w, https:\/\/spennteknikk.no\/wp-content\/uploads\/2026\/04\/ansatt-collage-2026-2048x756.jpg 2048w, https:\/\/spennteknikk.no\/wp-content\/uploads\/2026\/04\/ansatt-collage-2026-18x7.jpg 18w\" sizes=\"(max-width: 800px) 100vw, 800px\" \/>\t\t\t\t\t\t\t\t\t\t\t\t\t\t\t<\/div>\n\t\t\t\t<\/div>\n\t\t\t\t\t<\/div>\n\t\t<\/div>\n\t\t\t\t\t<\/div>\n\t\t<\/section>\n\t\t\t\t<\/div>\n\t\t","protected":false},"excerpt":{"rendered":"<p>Alt du trenger innen spennarmering, lager og fuger til bruer, bygg, anlegg og offshore Spennarmering | Lager | Fuger | Geoteknikk| Offshore Spennarmering Vi kan levere et komplett utvalg innenfor spennarmeringssystemer, som dekker de fleste bruksomr\u00e5der innenfor bygg og anleggssektoren. Lager Vi produserer og leverer TOBE FR-4 potlager, og andre gummirelaterte lager samt st\u00e5llager for [&hellip;]<\/p>\n","protected":false},"author":1,"featured_media":0,"parent":0,"menu_order":0,"comment_status":"closed","ping_status":"closed","template":"","meta":{"footnotes":""},"class_list":["post-128","page","type-page","status-publish","hentry"],"_links":{"self":[{"href":"https:\/\/spennteknikk.no\/sv\/wp-json\/wp\/v2\/pages\/128","targetHints":{"allow":["GET"]}}],"collection":[{"href":"https:\/\/spennteknikk.no\/sv\/wp-json\/wp\/v2\/pages"}],"about":[{"href":"https:\/\/spennteknikk.no\/sv\/wp-json\/wp\/v2\/types\/page"}],"author":[{"embeddable":true,"href":"https:\/\/spennteknikk.no\/sv\/wp-json\/wp\/v2\/users\/1"}],"replies":[{"embeddable":true,"href":"https:\/\/spennteknikk.no\/sv\/wp-json\/wp\/v2\/comments?post=128"}],"version-history":[{"count":8,"href":"https:\/\/spennteknikk.no\/sv\/wp-json\/wp\/v2\/pages\/128\/revisions"}],"predecessor-version":[{"id":1995,"href":"https:\/\/spennteknikk.no\/sv\/wp-json\/wp\/v2\/pages\/128\/revisions\/1995"}],"wp:attachment":[{"href":"https:\/\/spennteknikk.no\/sv\/wp-json\/wp\/v2\/media?parent=128"}],"curies":[{"name":"wp","href":"https:\/\/api.w.org\/{rel}","templated":true}]}}